{"id":3032,"date":"2025-12-17T20:52:41","date_gmt":"2025-12-17T19:52:41","guid":{"rendered":"https:\/\/butorpont.com\/?post_type=product&#038;p=3032"},"modified":"2026-01-21T23:49:13","modified_gmt":"2026-01-21T22:49:13","slug":"sarina-u","status":"publish","type":"product","link":"https:\/\/butorpont.com\/en\/termek\/sarina-u\/","title":{"rendered":"Sarina U"},"content":{"rendered":"<p data-start=\"157\" data-end=\"455\">Ez az U-alak\u00fa kanap\u00e9 ide\u00e1lis v\u00e1laszt\u00e1s, ha k\u00e9nyelmes, t\u00e1gas \u00fcl\u0151helyre van sz\u00fcks\u00e9g otthon\u00e1ban, mik\u00f6zben a praktikuss\u00e1g sem marad el. Kompakt, m\u00e9gis nagyvonal\u00fa kialak\u00edt\u00e1sa lehet\u0151v\u00e9 teszi, hogy egyszerre t\u00f6bb szem\u00e9ly k\u00e9nyelmesen elf\u00e9rjen, legyen sz\u00f3 csal\u00e1di \u00f6sszej\u00f6vetelr\u0151l vagy bar\u00e1ti vend\u00e9gs\u00e9gr\u0151l.<\/p>\n<p data-start=\"457\" data-end=\"680\">A kanap\u00e9 <strong data-start=\"466\" data-end=\"486\">\u00e1ggy\u00e1 alak\u00edthat\u00f3<\/strong>, \u00edgy vend\u00e9gek sz\u00e1m\u00e1ra is k\u00e9nyelmes fekv\u0151helyet biztos\u00edt. A be\u00e9p\u00edtett <strong data-start=\"556\" data-end=\"572\">\u00e1gynem\u0171tart\u00f3<\/strong>praktikus t\u00e1rol\u00e1si lehet\u0151s\u00e9get k\u00edn\u00e1l, seg\u00edt rendben tartani a takar\u00f3kat, p\u00e1rn\u00e1kat \u00e9s egy\u00e9b kieg\u00e9sz\u00edt\u0151ket.<\/p>\n<p data-start=\"682\" data-end=\"894\">A kanap\u00e9 <strong data-start=\"691\" data-end=\"735\">t\u00f6bbf\u00e9le sz\u00ednben \u00e9s sz\u00f6vettel rendelhet\u0151<\/strong>, \u00edgy k\u00f6nnyed\u00e9n az enteri\u0151r st\u00edlus\u00e1hoz \u00e9s az egy\u00e9ni \u00edzl\u00e9shez igaz\u00edthat\u00f3. Stabil szerkezete \u00e9s komfortos p\u00e1rn\u00e1zata hossz\u00fa t\u00e1von is megb\u00edzhat\u00f3 k\u00e9nyelmet ny\u00fajt.<\/p>\n<p data-start=\"896\" data-end=\"917\"><strong data-start=\"896\" data-end=\"915\">F\u0151bb jellemz\u0151k:<\/strong><\/p>\n<ul data-start=\"918\" data-end=\"1162\">\n<li data-start=\"918\" data-end=\"968\">\n<p data-start=\"920\" data-end=\"968\">U-alak\u00fa, t\u00e1gas kialak\u00edt\u00e1s t\u00f6bb szem\u00e9ly sz\u00e1m\u00e1ra<\/p>\n<\/li>\n<li data-start=\"969\" data-end=\"1015\">\n<p data-start=\"971\" data-end=\"1015\">\u00c1gyazhat\u00f3 funkci\u00f3 a praktikus haszn\u00e1lathoz<\/p>\n<\/li>\n<li data-start=\"1016\" data-end=\"1060\">\n<p data-start=\"1018\" data-end=\"1060\">Be\u00e9p\u00edtett \u00e1gynem\u0171tart\u00f3 a rendezetts\u00e9g\u00e9rt<\/p>\n<\/li>\n<li data-start=\"1061\" data-end=\"1095\">\n<p data-start=\"1063\" data-end=\"1095\">Komfortos \u00fcl\u0151- \u00e9s fekv\u0151fel\u00fclet<\/p>\n<\/li>\n<li data-start=\"1096\" data-end=\"1124\">\n<p data-start=\"1098\" data-end=\"1124\">Stabil, tart\u00f3s szerkezet<\/p>\n<\/li>\n<li data-start=\"1125\" data-end=\"1162\">\n<p data-start=\"1127\" data-end=\"1162\">T\u00f6bbf\u00e9le sz\u00edn- \u00e9s sz\u00f6vetv\u00e1laszt\u00e9k<\/p>\n<\/li>\n<li data-start=\"1125\" data-end=\"1162\">\n<p data-start=\"1127\" data-end=\"1162\"><strong style=\"font-family: var(--global-body-font-family);\" data-start=\"1226\" data-end=\"1240\">Magass\u00e1g: <\/strong><span style=\"font-family: var(--global-body-font-family);\">77<\/span><span style=\"font-family: var(--global-body-font-family);\"> cm<\/span><\/p>\n<\/li>\n<li data-start=\"1125\" data-end=\"1162\">\n<p data-start=\"1127\" data-end=\"1162\"><strong style=\"font-family: var(--global-body-font-family);\" data-start=\"1226\" data-end=\"1240\">\u00dcl\u0151magass\u00e1g: <\/strong><span style=\"font-family: var(--global-body-font-family);\">39<\/span><span style=\"font-family: var(--global-body-font-family);\"> cm<\/span><\/p>\n<\/li>\n<li data-start=\"1125\" data-end=\"1162\">\n<p data-start=\"1127\" data-end=\"1162\"><strong style=\"font-family: var(--global-body-font-family);\" data-start=\"1226\" data-end=\"1240\">L\u00e1b magass\u00e1g: <\/strong><span style=\"font-family: var(--global-body-font-family);\">5<\/span><span style=\"font-family: var(--global-body-font-family);\">\u00a0<\/span><span style=\"font-family: var(--global-body-font-family);\">cm\u00a0<\/span><\/p>\n<\/li>\n<\/ul>\n<p data-start=\"1164\" data-end=\"1291\">Ide\u00e1lis v\u00e1laszt\u00e1s, ha egy t\u00e1gas, k\u00e9nyelmes \u00e9s sokoldal\u00fa kanap\u00e9t keres, amely egyszerre biztos\u00edt eleganci\u00e1t \u00e9s praktikuss\u00e1got.<\/p>\n","protected":false},"excerpt":{"rendered":"<p>M\u00e9retek: 350x168x168. A kanap\u00e9 \u00e1gyazhat\u00f3 \u00e9s \u00e1gynem\u0171tart\u00f3val is rendelkezik. T\u00f6bbf\u00e9le sz\u00ednben \u00e9s sz\u00f6vettel rendelhet\u0151.<\/p>\n","protected":false},"featured_media":21809,"comment_status":"open","ping_status":"closed","template":"","meta":{"_seopress_robots_primary_cat":"","_seopress_titles_title":"","_seopress_titles_desc":"","_seopress_robots_index":"","_kadence_starter_templates_imported_post":true,"_swpsp_post_exclude":false,"_kad_post_transparent":"default","_kad_post_title":"","_kad_post_layout":"default","_kad_post_sidebar_id":"","_kad_post_content_style":"default","_kad_post_vertical_padding":"default","_kad_post_feature":"","_kad_post_feature_position":"","_kad_post_header":false,"_kad_post_footer":false,"_kad_post_classname":""},"product_brand":[],"product_cat":[26,271],"product_tag":[],"class_list":{"0":"post-3032","1":"product","2":"type-product","3":"status-publish","4":"has-post-thumbnail","6":"product_cat-nappali","7":"product_cat-u-alaku-ulogarniturak","8":"product_shipping_class-nagytermek","10":"first","11":"instock","12":"taxable","13":"shipping-taxable","14":"purchasable","15":"product-type-variable","16":"entry","17":"content-bg","18":"loop-entry"},"translation":{"provider":"WPGlobus","version":"3.0.2","language":"en","enabled_languages":["hu","en","de"],"languages":{"hu":{"title":true,"content":true,"excerpt":true},"en":{"title":false,"content":false,"excerpt":false},"de":{"title":false,"content":false,"excerpt":false}}},"_links":{"self":[{"href":"https:\/\/butorpont.com\/en\/wp-json\/wp\/v2\/product\/3032","targetHints":{"allow":["GET"]}}],"collection":[{"href":"https:\/\/butorpont.com\/en\/wp-json\/wp\/v2\/product"}],"about":[{"href":"https:\/\/butorpont.com\/en\/wp-json\/wp\/v2\/types\/product"}],"replies":[{"embeddable":true,"href":"https:\/\/butorpont.com\/en\/wp-json\/wp\/v2\/comments?post=3032"}],"wp:featuredmedia":[{"embeddable":true,"href":"https:\/\/butorpont.com\/en\/wp-json\/wp\/v2\/media\/21809"}],"wp:attachment":[{"href":"https:\/\/butorpont.com\/en\/wp-json\/wp\/v2\/media?parent=3032"}],"wp:term":[{"taxonomy":"product_brand","embeddable":true,"href":"https:\/\/butorpont.com\/en\/wp-json\/wp\/v2\/product_brand?post=3032"},{"taxonomy":"product_cat","embeddable":true,"href":"https:\/\/butorpont.com\/en\/wp-json\/wp\/v2\/product_cat?post=3032"},{"taxonomy":"product_tag","embeddable":true,"href":"https:\/\/butorpont.com\/en\/wp-json\/wp\/v2\/product_tag?post=3032"}],"curies":[{"name":"wp","href":"https:\/\/api.w.org\/{rel}","templated":true}]}}