{"id":23546,"date":"2025-12-19T12:13:46","date_gmt":"2025-12-19T11:13:46","guid":{"rendered":"https:\/\/butorpont.com\/?post_type=product&#038;p=23546"},"modified":"2026-01-21T17:51:45","modified_gmt":"2026-01-21T16:51:45","slug":"antis","status":"publish","type":"product","link":"https:\/\/butorpont.com\/en\/termek\/antis\/","title":{"rendered":"Antis"},"content":{"rendered":"<p data-start=\"192\" data-end=\"451\">Ez a modern megjelen\u00e9s\u0171, <strong data-start=\"217\" data-end=\"241\">nem \u00e1gyazhat\u00f3 kanap\u00e9<\/strong> ide\u00e1lis v\u00e1laszt\u00e1s nappaliba, v\u00e1r\u00f3ba vagy irodai k\u00f6rnyezetbe. Letisztult formavil\u00e1ga k\u00f6nnyen illeszkedik k\u00fcl\u00f6nb\u00f6z\u0151 lakberendez\u00e9si st\u00edlusokhoz, mik\u00f6zben k\u00e9nyelmes \u00fcl\u0151fel\u00fcletet biztos\u00edt a mindennapi haszn\u00e1lathoz.<\/p>\n<p data-start=\"453\" data-end=\"489\">A kanap\u00e9 <strong data-start=\"462\" data-end=\"488\">k\u00e9t m\u00e9retben \u00e9rhet\u0151 el<\/strong>:<\/p>\n<ul>\n<li data-start=\"490\" data-end=\"524\">\n<p data-start=\"492\" data-end=\"524\"><strong data-start=\"492\" data-end=\"508\">3 szem\u00e9lyes:<\/strong> 190 cm sz\u00e9les<\/p>\n<\/li>\n<li data-start=\"490\" data-end=\"524\">M\u00e9lys\u00e9g: 89 cm<\/li>\n<li data-start=\"490\" data-end=\"524\">\n<p data-start=\"492\" data-end=\"524\">Magass\u00e1g:\u00a0<span style=\"font-family: var(--global-body-font-family);\">80 cm<\/span><\/p>\n<\/li>\n<li data-start=\"490\" data-end=\"524\">\n<p data-start=\"492\" data-end=\"524\">\u00dcl\u0151magass\u00e1g: 39<span style=\"font-family: var(--global-body-font-family);\">\u00a0cm<\/span><\/p>\n<\/li>\n<li data-start=\"490\" data-end=\"524\">\n<p data-start=\"492\" data-end=\"524\">L\u00e1b magass\u00e1g: 9<span style=\"font-family: var(--global-body-font-family);\">\u00a0cm<\/span><\/p>\n<\/li>\n<li data-start=\"490\" data-end=\"524\">\n<p data-start=\"492\" data-end=\"524\"><strong style=\"font-family: var(--global-body-font-family);\" data-start=\"527\" data-end=\"543\">2 szem\u00e9lyes:<\/strong><span style=\"font-family: var(--global-body-font-family);\"> 152 cm sz\u00e9les<\/span><\/p>\n<\/li>\n<li data-start=\"490\" data-end=\"524\">M\u00e9lys\u00e9g: 89 cm<\/li>\n<li data-start=\"490\" data-end=\"524\">\n<p data-start=\"492\" data-end=\"524\">Magass\u00e1g:\u00a0<span style=\"font-family: var(--global-body-font-family);\">80 cm<\/span><\/p>\n<\/li>\n<li data-start=\"490\" data-end=\"524\">\n<p data-start=\"492\" data-end=\"524\">\u00dcl\u0151magass\u00e1g: 39<span style=\"font-family: var(--global-body-font-family);\">\u00a0cm<\/span><\/p>\n<\/li>\n<li data-start=\"490\" data-end=\"524\">\n<p data-start=\"492\" data-end=\"524\">L\u00e1b magass\u00e1g: 9 <span style=\"font-family: var(--global-body-font-family);\">cm<\/span><\/p>\n<\/li>\n<\/ul>\n<p data-start=\"561\" data-end=\"758\">T\u00f6bbf\u00e9le <strong data-start=\"570\" data-end=\"600\">sz\u00ednben \u00e9s sz\u00f6vetk\u00e1rpittal<\/strong> rendelhet\u0151, \u00edgy k\u00f6nnyed\u00e9n az adott t\u00e9r hangulat\u00e1hoz igaz\u00edthat\u00f3. Massz\u00edv kialak\u00edt\u00e1sa \u00e9s min\u0151s\u00e9gi anyaghaszn\u00e1lata hossz\u00fa t\u00e1von is megb\u00edzhat\u00f3 v\u00e1laszt\u00e1ss\u00e1 teszi.<\/p>\n<p data-start=\"760\" data-end=\"779\"><strong data-start=\"760\" data-end=\"779\">F\u0151bb jellemz\u0151k:<\/strong><\/p>\n<ul data-start=\"780\" data-end=\"940\">\n<li data-start=\"780\" data-end=\"805\">\n<p data-start=\"782\" data-end=\"805\">nem \u00e1gyazhat\u00f3 kivitel<\/p>\n<\/li>\n<li data-start=\"806\" data-end=\"832\">\n<p data-start=\"808\" data-end=\"832\">2 \u00e9s 3 szem\u00e9lyes m\u00e9ret<\/p>\n<\/li>\n<li data-start=\"833\" data-end=\"868\">\n<p data-start=\"835\" data-end=\"868\">sz\u00e9les sz\u00edn- \u00e9s sz\u00f6vetv\u00e1laszt\u00e9k<\/p>\n<\/li>\n<li data-start=\"869\" data-end=\"898\">\n<p data-start=\"871\" data-end=\"898\">modern, letisztult design<\/p>\n<\/li>\n<li data-start=\"899\" data-end=\"940\">\n<p data-start=\"901\" data-end=\"940\">k\u00e9nyelmes \u00fcl\u00e9s mindennapi haszn\u00e1latra<\/p>\n<\/li>\n<\/ul>\n","protected":false},"excerpt":{"rendered":"<p>A nem \u00e1gyazhat\u00f3 kanap\u00e9 olyan \u00fcl\u0151garnit\u00fara, amely fix szerkezettel rendelkezik \u00e9s nem alak\u00edthat\u00f3 \u00e1t fekv\u0151fel\u00fclett\u00e9. Els\u0151sorban mindennapi \u00fcl\u0151b\u00fator szerepet t\u00f6lt be, k\u00e9nyelmet \u00e9s stabil tart\u00e1st biztos\u00edtva.<\/p>\n","protected":false},"featured_media":23765,"comment_status":"open","ping_status":"closed","template":"","meta":{"_seopress_robots_primary_cat":"","_seopress_titles_title":"","_seopress_titles_desc":"","_seopress_robots_index":"","_kadence_starter_templates_imported_post":true,"_swpsp_post_exclude":false,"_kad_post_transparent":"default","_kad_post_title":"","_kad_post_layout":"default","_kad_post_sidebar_id":"","_kad_post_content_style":"default","_kad_post_vertical_padding":"default","_kad_post_feature":"","_kad_post_feature_position":"","_kad_post_header":false,"_kad_post_footer":false,"_kad_post_classname":""},"product_brand":[],"product_cat":[26,272],"product_tag":[],"class_list":{"0":"post-23546","1":"product","2":"type-product","3":"status-publish","4":"has-post-thumbnail","6":"product_cat-nappali","7":"product_cat-ulogarnitura","8":"product_shipping_class-nagytermek","10":"first","11":"instock","12":"taxable","13":"shipping-taxable","14":"purchasable","15":"product-type-variable","16":"entry","17":"content-bg","18":"loop-entry"},"translation":{"provider":"WPGlobus","version":"3.0.2","language":"en","enabled_languages":["hu","en","de"],"languages":{"hu":{"title":true,"content":true,"excerpt":true},"en":{"title":false,"content":false,"excerpt":false},"de":{"title":false,"content":false,"excerpt":false}}},"_links":{"self":[{"href":"https:\/\/butorpont.com\/en\/wp-json\/wp\/v2\/product\/23546","targetHints":{"allow":["GET"]}}],"collection":[{"href":"https:\/\/butorpont.com\/en\/wp-json\/wp\/v2\/product"}],"about":[{"href":"https:\/\/butorpont.com\/en\/wp-json\/wp\/v2\/types\/product"}],"replies":[{"embeddable":true,"href":"https:\/\/butorpont.com\/en\/wp-json\/wp\/v2\/comments?post=23546"}],"wp:featuredmedia":[{"embeddable":true,"href":"https:\/\/butorpont.com\/en\/wp-json\/wp\/v2\/media\/23765"}],"wp:attachment":[{"href":"https:\/\/butorpont.com\/en\/wp-json\/wp\/v2\/media?parent=23546"}],"wp:term":[{"taxonomy":"product_brand","embeddable":true,"href":"https:\/\/butorpont.com\/en\/wp-json\/wp\/v2\/product_brand?post=23546"},{"taxonomy":"product_cat","embeddable":true,"href":"https:\/\/butorpont.com\/en\/wp-json\/wp\/v2\/product_cat?post=23546"},{"taxonomy":"product_tag","embeddable":true,"href":"https:\/\/butorpont.com\/en\/wp-json\/wp\/v2\/product_tag?post=23546"}],"curies":[{"name":"wp","href":"https:\/\/api.w.org\/{rel}","templated":true}]}}