{"id":21150,"date":"2025-12-18T21:46:19","date_gmt":"2025-12-18T20:46:19","guid":{"rendered":"https:\/\/butorpont.com\/?post_type=product&#038;p=21150"},"modified":"2026-01-21T18:03:43","modified_gmt":"2026-01-21T17:03:43","slug":"sara-u","status":"publish","type":"product","link":"https:\/\/butorpont.com\/en\/termek\/sara-u\/","title":{"rendered":"Sara U"},"content":{"rendered":"<p data-start=\"139\" data-end=\"394\">Ez az U-alak\u00fa kanap\u00e9 ide\u00e1lis v\u00e1laszt\u00e1s, ha k\u00e9nyelmes, nagyvonal\u00fa \u00fcl\u0151helyet keres otthon\u00e1ba. Form\u00e1j\u00e1nak k\u00f6sz\u00f6nhet\u0151en egyszerre t\u00f6bb szem\u00e9ly sz\u00e1m\u00e1ra biztos\u00edt komfortos helyet, \u00edgy t\u00f6k\u00e9letes csal\u00e1di pihen\u00e9shez, besz\u00e9lget\u00e9sekhez vagy bar\u00e1ti \u00f6sszej\u00f6vetelekhez.<\/p>\n<p data-start=\"396\" data-end=\"657\">A kanap\u00e9 <strong data-start=\"405\" data-end=\"422\">nem \u00e1gyazhat\u00f3<\/strong>, \u00e9s <strong data-start=\"427\" data-end=\"462\">nem rendelkezik \u00e1gynem\u0171tart\u00f3val<\/strong>, ez\u00e9rt els\u0151sorban azok sz\u00e1m\u00e1ra aj\u00e1nlott, akik egy st\u00edlusos, k\u00e9nyelmes \u00fcl\u0151b\u00fatort keresnek a mindennapi haszn\u00e1latra. Stabil szerkezete \u00e9s puha p\u00e1rn\u00e1zata hossz\u00fa t\u00e1von is megb\u00edzhat\u00f3 k\u00e9nyelmet ny\u00fajt.<\/p>\n<p data-start=\"659\" data-end=\"786\">A kanap\u00e9 <strong data-start=\"668\" data-end=\"712\">t\u00f6bbf\u00e9le sz\u00ednben \u00e9s sz\u00f6vettel rendelhet\u0151<\/strong>, \u00edgy k\u00f6nnyed\u00e9n az enteri\u0151r st\u00edlus\u00e1hoz \u00e9s az egy\u00e9ni ig\u00e9nyekhez igaz\u00edthat\u00f3.<\/p>\n<p data-start=\"788\" data-end=\"807\"><strong data-start=\"788\" data-end=\"807\">F\u0151bb jellemz\u0151k:<\/strong><\/p>\n<ul data-start=\"808\" data-end=\"999\">\n<li data-start=\"808\" data-end=\"837\">\n<p data-start=\"810\" data-end=\"837\">U-alak\u00fa, t\u00e1gas kialak\u00edt\u00e1s<\/p>\n<\/li>\n<li data-start=\"838\" data-end=\"883\">\n<p data-start=\"840\" data-end=\"883\">T\u00f6bb szem\u00e9ly sz\u00e1m\u00e1ra k\u00e9nyelmes \u00fcl\u0151fel\u00fclet<\/p>\n<\/li>\n<li data-start=\"884\" data-end=\"909\">\n<p data-start=\"886\" data-end=\"909\">Nem \u00e1gyazhat\u00f3 kivitel<\/p>\n<\/li>\n<li data-start=\"910\" data-end=\"932\">\n<p data-start=\"912\" data-end=\"932\">Nincs \u00e1gynem\u0171tart\u00f3<\/p>\n<\/li>\n<li data-start=\"933\" data-end=\"961\">\n<p data-start=\"935\" data-end=\"961\">Stabil, tart\u00f3s szerkezet<\/p>\n<\/li>\n<li data-start=\"962\" data-end=\"999\">\n<p data-start=\"964\" data-end=\"999\">T\u00f6bbf\u00e9le sz\u00edn- \u00e9s sz\u00f6vetv\u00e1laszt\u00e9k<\/p>\n<\/li>\n<li data-start=\"962\" data-end=\"999\">\n<p data-start=\"964\" data-end=\"999\"><strong style=\"font-family: var(--global-body-font-family);\" data-start=\"1226\" data-end=\"1240\">Magass\u00e1g: <\/strong><span style=\"font-family: var(--global-body-font-family);\">78<\/span><span style=\"font-family: var(--global-body-font-family);\"> cm<\/span><\/p>\n<\/li>\n<li data-start=\"962\" data-end=\"999\">\n<p data-start=\"964\" data-end=\"999\"><strong style=\"font-family: var(--global-body-font-family);\" data-start=\"1226\" data-end=\"1240\">\u00dcl\u0151magass\u00e1g: <\/strong><span style=\"font-family: var(--global-body-font-family);\">39<\/span><span style=\"font-family: var(--global-body-font-family);\"> cm<\/span><\/p>\n<\/li>\n<li data-start=\"962\" data-end=\"999\">\n<p data-start=\"964\" data-end=\"999\"><strong style=\"font-family: var(--global-body-font-family);\" data-start=\"1226\" data-end=\"1240\">L\u00e1b magass\u00e1g: <\/strong><span style=\"font-family: var(--global-body-font-family);\">5<\/span><span style=\"font-family: var(--global-body-font-family);\">\u00a0<\/span><span style=\"font-family: var(--global-body-font-family);\">cm\u00a0<\/span><\/p>\n<\/li>\n<\/ul>\n<p data-start=\"1001\" data-end=\"1115\">Ide\u00e1lis v\u00e1laszt\u00e1s, ha egy nagyvonal\u00fa, k\u00e9nyelmes \u00e9s eszt\u00e9tikus kanap\u00e9t keres, amely a nappali k\u00f6zponti eleme lehet.<\/p>\n<hr data-start=\"1117\" data-end=\"1120\" \/>\n","protected":false},"excerpt":{"rendered":"<p>M\u00e9retek: 332x170x170. T\u00f6bbf\u00e9le sz\u00ednben \u00e9s sz\u00f6vettel rendelhet\u0151.<\/p>\n","protected":false},"featured_media":21369,"comment_status":"open","ping_status":"closed","template":"","meta":{"_seopress_robots_primary_cat":"","_seopress_titles_title":"","_seopress_titles_desc":"","_seopress_robots_index":"","_kadence_starter_templates_imported_post":true,"_swpsp_post_exclude":false,"_kad_post_transparent":"default","_kad_post_title":"","_kad_post_layout":"default","_kad_post_sidebar_id":"","_kad_post_content_style":"default","_kad_post_vertical_padding":"default","_kad_post_feature":"","_kad_post_feature_position":"","_kad_post_header":false,"_kad_post_footer":false,"_kad_post_classname":""},"product_brand":[],"product_cat":[26,271],"product_tag":[],"class_list":{"0":"post-21150","1":"product","2":"type-product","3":"status-publish","4":"has-post-thumbnail","6":"product_cat-nappali","7":"product_cat-u-alaku-ulogarniturak","8":"product_shipping_class-nagytermek","10":"first","11":"instock","12":"taxable","13":"shipping-taxable","14":"purchasable","15":"product-type-variable","16":"entry","17":"content-bg","18":"loop-entry"},"translation":{"provider":"WPGlobus","version":"3.0.2","language":"en","enabled_languages":["hu","en","de"],"languages":{"hu":{"title":true,"content":true,"excerpt":true},"en":{"title":false,"content":false,"excerpt":false},"de":{"title":false,"content":false,"excerpt":false}}},"_links":{"self":[{"href":"https:\/\/butorpont.com\/en\/wp-json\/wp\/v2\/product\/21150","targetHints":{"allow":["GET"]}}],"collection":[{"href":"https:\/\/butorpont.com\/en\/wp-json\/wp\/v2\/product"}],"about":[{"href":"https:\/\/butorpont.com\/en\/wp-json\/wp\/v2\/types\/product"}],"replies":[{"embeddable":true,"href":"https:\/\/butorpont.com\/en\/wp-json\/wp\/v2\/comments?post=21150"}],"wp:featuredmedia":[{"embeddable":true,"href":"https:\/\/butorpont.com\/en\/wp-json\/wp\/v2\/media\/21369"}],"wp:attachment":[{"href":"https:\/\/butorpont.com\/en\/wp-json\/wp\/v2\/media?parent=21150"}],"wp:term":[{"taxonomy":"product_brand","embeddable":true,"href":"https:\/\/butorpont.com\/en\/wp-json\/wp\/v2\/product_brand?post=21150"},{"taxonomy":"product_cat","embeddable":true,"href":"https:\/\/butorpont.com\/en\/wp-json\/wp\/v2\/product_cat?post=21150"},{"taxonomy":"product_tag","embeddable":true,"href":"https:\/\/butorpont.com\/en\/wp-json\/wp\/v2\/product_tag?post=21150"}],"curies":[{"name":"wp","href":"https:\/\/api.w.org\/{rel}","templated":true}]}}