{"id":19608,"date":"2025-12-18T21:14:22","date_gmt":"2025-12-18T20:14:22","guid":{"rendered":"https:\/\/butorpont.com\/?post_type=product&#038;p=19608"},"modified":"2026-01-21T22:50:38","modified_gmt":"2026-01-21T21:50:38","slug":"naomi","status":"publish","type":"product","link":"https:\/\/butorpont.com\/en\/termek\/naomi\/","title":{"rendered":"Naomi"},"content":{"rendered":"<p data-start=\"138\" data-end=\"379\">Ez az L-alak\u00fa kanap\u00e9 a t\u00e1gas \u00e9s k\u00e9nyelmes \u00fcl\u0151hely mellett a st\u00edlusos megjelen\u00e9st is k\u00edn\u00e1lja. P\u00e1rn\u00e1s kivitel\u00e9nek k\u00f6sz\u00f6nhet\u0151en minden \u00fcl\u0151helyen puha, komfortos fel\u00fcletet biztos\u00edt, \u00edgy ide\u00e1lis csal\u00e1di pihen\u00e9shez vagy bar\u00e1ti \u00f6sszej\u00f6vetelekhez.<\/p>\n<p data-start=\"381\" data-end=\"618\">A kanap\u00e9 <strong data-start=\"390\" data-end=\"407\">nem \u00e1gyazhat\u00f3<\/strong>, \u00e9s <strong data-start=\"412\" data-end=\"447\">nem rendelkezik \u00e1gynem\u0171tart\u00f3val<\/strong>, \u00edgy els\u0151sorban azok sz\u00e1m\u00e1ra aj\u00e1nlott, akik egy eleg\u00e1ns, k\u00e9nyelmes \u00fcl\u0151b\u00fatort keresnek mindennapi haszn\u00e1latra. Stabil szerkezete hossz\u00fa t\u00e1von megb\u00edzhat\u00f3 komfortot ny\u00fajt.<\/p>\n<p data-start=\"620\" data-end=\"745\">A kanap\u00e9 <strong data-start=\"629\" data-end=\"673\">t\u00f6bbf\u00e9le sz\u00ednben \u00e9s sz\u00f6vettel rendelhet\u0151<\/strong>, \u00edgy k\u00f6nnyen az enteri\u0151r st\u00edlus\u00e1hoz \u00e9s az egy\u00e9ni \u00edzl\u00e9shez igaz\u00edthat\u00f3.<\/p>\n<p data-start=\"747\" data-end=\"768\"><strong data-start=\"747\" data-end=\"766\">F\u0151bb jellemz\u0151k:<\/strong><\/p>\n<ul data-start=\"769\" data-end=\"939\">\n<li data-start=\"769\" data-end=\"798\">\n<p data-start=\"771\" data-end=\"798\">L-alak\u00fa, t\u00e1gas kialak\u00edt\u00e1s<\/p>\n<\/li>\n<li data-start=\"799\" data-end=\"831\">\n<p data-start=\"801\" data-end=\"831\">P\u00e1rn\u00e1s, komfortos \u00fcl\u0151fel\u00fclet<\/p>\n<\/li>\n<li data-start=\"832\" data-end=\"849\">\n<p data-start=\"834\" data-end=\"849\">Nem \u00e1gyazhat\u00f3<\/p>\n<\/li>\n<li data-start=\"850\" data-end=\"872\">\n<p data-start=\"852\" data-end=\"872\">Nincs \u00e1gynem\u0171tart\u00f3<\/p>\n<\/li>\n<li data-start=\"873\" data-end=\"901\">\n<p data-start=\"875\" data-end=\"901\">Stabil, tart\u00f3s szerkezet<\/p>\n<\/li>\n<li data-start=\"902\" data-end=\"939\">\n<p data-start=\"904\" data-end=\"939\">T\u00f6bbf\u00e9le sz\u00edn- \u00e9s sz\u00f6vetv\u00e1laszt\u00e9k<\/p>\n<\/li>\n<li data-start=\"902\" data-end=\"939\">\n<p data-start=\"904\" data-end=\"939\"><strong style=\"font-family: var(--global-body-font-family);\" data-start=\"1226\" data-end=\"1240\">Magass\u00e1g: <\/strong>94<span style=\"font-family: var(--global-body-font-family);\">\u00a0cm<\/span><\/p>\n<\/li>\n<li data-start=\"902\" data-end=\"939\">\n<p data-start=\"904\" data-end=\"939\"><strong style=\"font-family: var(--global-body-font-family);\" data-start=\"1226\" data-end=\"1240\">\u00dcl\u0151magass\u00e1g: <\/strong><span style=\"font-family: var(--global-body-font-family);\">45<\/span><span style=\"font-family: var(--global-body-font-family);\">\u00a0cm<\/span><\/p>\n<\/li>\n<li data-start=\"902\" data-end=\"939\">\n<p data-start=\"904\" data-end=\"939\"><strong style=\"font-family: var(--global-body-font-family);\" data-start=\"1226\" data-end=\"1240\">L\u00e1b magass\u00e1g: <\/strong>1,<span style=\"font-family: var(--global-body-font-family);\">5<\/span><span style=\"font-family: var(--global-body-font-family);\">\u00a0<\/span><span style=\"font-family: var(--global-body-font-family);\">cm\u00a0<\/span><\/p>\n<\/li>\n<\/ul>\n<p data-start=\"941\" data-end=\"1064\">Ide\u00e1lis v\u00e1laszt\u00e1s, ha egy k\u00e9nyelmes, st\u00edlusos \u00e9s praktikus kanap\u00e9t keres, amely a nappali meghat\u00e1roz\u00f3 b\u00fatordarabja lehet.<\/p>\n","protected":false},"excerpt":{"rendered":"<p>M\u00e9retek: 284&#215;243. T\u00f6bbf\u00e9le sz\u00ednben \u00e9s sz\u00f6vettel rendelhet\u0151.<\/p>\n","protected":false},"featured_media":19827,"comment_status":"open","ping_status":"closed","template":"","meta":{"_seopress_robots_primary_cat":"","_seopress_titles_title":"","_seopress_titles_desc":"","_seopress_robots_index":"","_kadence_starter_templates_imported_post":true,"_swpsp_post_exclude":false,"_kad_post_transparent":"default","_kad_post_title":"","_kad_post_layout":"default","_kad_post_sidebar_id":"","_kad_post_content_style":"default","_kad_post_vertical_padding":"default","_kad_post_feature":"","_kad_post_feature_position":"","_kad_post_header":false,"_kad_post_footer":false,"_kad_post_classname":""},"product_brand":[],"product_cat":[26,270],"product_tag":[],"class_list":{"0":"post-19608","1":"product","2":"type-product","3":"status-publish","4":"has-post-thumbnail","6":"product_cat-nappali","7":"product_cat-sarokkanepek","8":"product_shipping_class-nagytermek","10":"first","11":"instock","12":"taxable","13":"shipping-taxable","14":"purchasable","15":"product-type-variable","16":"entry","17":"content-bg","18":"loop-entry"},"translation":{"provider":"WPGlobus","version":"3.0.2","language":"en","enabled_languages":["hu","en","de"],"languages":{"hu":{"title":true,"content":true,"excerpt":true},"en":{"title":false,"content":false,"excerpt":false},"de":{"title":false,"content":false,"excerpt":false}}},"_links":{"self":[{"href":"https:\/\/butorpont.com\/en\/wp-json\/wp\/v2\/product\/19608","targetHints":{"allow":["GET"]}}],"collection":[{"href":"https:\/\/butorpont.com\/en\/wp-json\/wp\/v2\/product"}],"about":[{"href":"https:\/\/butorpont.com\/en\/wp-json\/wp\/v2\/types\/product"}],"replies":[{"embeddable":true,"href":"https:\/\/butorpont.com\/en\/wp-json\/wp\/v2\/comments?post=19608"}],"wp:featuredmedia":[{"embeddable":true,"href":"https:\/\/butorpont.com\/en\/wp-json\/wp\/v2\/media\/19827"}],"wp:attachment":[{"href":"https:\/\/butorpont.com\/en\/wp-json\/wp\/v2\/media?parent=19608"}],"wp:term":[{"taxonomy":"product_brand","embeddable":true,"href":"https:\/\/butorpont.com\/en\/wp-json\/wp\/v2\/product_brand?post=19608"},{"taxonomy":"product_cat","embeddable":true,"href":"https:\/\/butorpont.com\/en\/wp-json\/wp\/v2\/product_cat?post=19608"},{"taxonomy":"product_tag","embeddable":true,"href":"https:\/\/butorpont.com\/en\/wp-json\/wp\/v2\/product_tag?post=19608"}],"curies":[{"name":"wp","href":"https:\/\/api.w.org\/{rel}","templated":true}]}}