{"id":12779,"date":"2025-12-18T00:21:12","date_gmt":"2025-12-17T23:21:12","guid":{"rendered":"https:\/\/butorpont.com\/?post_type=product&#038;p=12779"},"modified":"2026-01-21T23:14:37","modified_gmt":"2026-01-21T22:14:37","slug":"beata","status":"publish","type":"product","link":"https:\/\/butorpont.com\/en\/termek\/beata\/","title":{"rendered":"Beata"},"content":{"rendered":"<p data-start=\"104\" data-end=\"449\">Praktikum \u00e9s st\u00edlus egyben! Ez a fa berak\u00e1sos kanap\u00e9 nemcsak eleg\u00e1ns megjelen\u00e9s\u00e9vel emeli a nappalit vagy a vend\u00e9gszob\u00e1t, hanem praktikus funkcionalit\u00e1s\u00e1val is kiemelkedik. K\u00f6nnyed\u00e9n \u00e1ggy\u00e1 alak\u00edthat\u00f3, \u00edgy vend\u00e9gei k\u00e9nyelmesen pihenhetnek, mik\u00f6zben a t\u00e1gas \u00e1gynem\u0171tart\u00f3 gondoskodik a takar\u00f3k, p\u00e1rn\u00e1k \u00e9s \u00e1gynem\u0171k rendezetten t\u00f6rt\u00e9n\u0151 t\u00e1rol\u00e1s\u00e1r\u00f3l.<\/p>\n<p data-start=\"451\" data-end=\"720\">A kanap\u00e9 t\u00f6bbf\u00e9le sz\u00ednben \u00e9s sz\u00f6vettel rendelhet\u0151, \u00edgy k\u00f6nnyen illeszthet\u0151 b\u00e1rmilyen enteri\u0151rh\u00f6z. A massz\u00edv fa berak\u00e1s biztos\u00edtja a stabilit\u00e1st \u00e9s a hossz\u00fa \u00e9lettartamot, mik\u00f6zben a k\u00e9nyelmes \u00fcl\u0151fel\u00fclet \u00e9s a puha p\u00e1rn\u00e1zat a mindennapokban is maxim\u00e1lis komfortot ny\u00fajt.<\/p>\n<p data-start=\"722\" data-end=\"743\"><strong data-start=\"722\" data-end=\"741\">F\u0151bb jellemz\u0151k:<\/strong><\/p>\n<ul data-start=\"744\" data-end=\"972\">\n<li data-start=\"744\" data-end=\"782\">\n<p data-start=\"746\" data-end=\"782\">\u00c1gyazhat\u00f3 kivitel vend\u00e9gek sz\u00e1m\u00e1ra<\/p>\n<\/li>\n<li data-start=\"783\" data-end=\"825\">\n<p data-start=\"785\" data-end=\"825\">T\u00e1gas \u00e1gynem\u0171tart\u00f3 a k\u00f6nny\u0171 t\u00e1rol\u00e1s\u00e9rt<\/p>\n<\/li>\n<li data-start=\"826\" data-end=\"873\">\n<p data-start=\"828\" data-end=\"873\">Massz\u00edv fa szerkezet a hossz\u00fa \u00e9lettartam\u00e9rt<\/p>\n<\/li>\n<li data-start=\"874\" data-end=\"917\">\n<p data-start=\"876\" data-end=\"917\">T\u00f6bbf\u00e9le sz\u00edn \u00e9s sz\u00f6vetsz\u00edn v\u00e1laszthat\u00f3<\/p>\n<\/li>\n<li data-start=\"918\" data-end=\"972\">\n<p data-start=\"920\" data-end=\"972\">Modern \u00e9s eleg\u00e1ns design, ami minden lak\u00e1sba illik<\/p>\n<\/li>\n<li data-start=\"918\" data-end=\"972\">\n<p data-start=\"920\" data-end=\"972\"><strong style=\"font-family: var(--global-body-font-family);\" data-start=\"1226\" data-end=\"1240\">Magass\u00e1g: <\/strong>86<span style=\"font-family: var(--global-body-font-family);\">\u00a0cm<\/span><\/p>\n<\/li>\n<li data-start=\"918\" data-end=\"972\">\n<p data-start=\"920\" data-end=\"972\"><strong style=\"font-family: var(--global-body-font-family);\" data-start=\"1226\" data-end=\"1240\">\u00dcl\u0151magass\u00e1g: <\/strong><span style=\"font-family: var(--global-body-font-family);\">44 cm<\/span><\/p>\n<\/li>\n<li data-start=\"918\" data-end=\"972\">\n<p data-start=\"920\" data-end=\"972\"><strong style=\"font-family: var(--global-body-font-family);\" data-start=\"1226\" data-end=\"1240\">L\u00e1b magass\u00e1g: <\/strong>14<span style=\"font-family: var(--global-body-font-family);\">\u00a0<\/span><span style=\"font-family: var(--global-body-font-family);\">cm\u00a0<\/span><\/p>\n<\/li>\n<\/ul>\n<p data-start=\"974\" data-end=\"1075\">T\u00f6k\u00e9letes v\u00e1laszt\u00e1s, ha praktikus, k\u00e9nyelmes \u00e9s st\u00edlusos kanap\u00e9t keres, amely otthon\u00e1t is feldobja!<\/p>\n","protected":false},"excerpt":{"rendered":"<p>M\u00e9retek: 230&#215;150. A kanap\u00e9 \u00e1gyazhat\u00f3 \u00e9s \u00e1gynem\u0171tart\u00f3val is rendelkezik. T\u00f6bbf\u00e9le sz\u00ednben \u00e9s sz\u00f6vettel rendelhet\u0151.<\/p>\n","protected":false},"featured_media":12998,"comment_status":"open","ping_status":"closed","template":"","meta":{"_seopress_robots_primary_cat":"","_seopress_titles_title":"","_seopress_titles_desc":"","_seopress_robots_index":"","_kadence_starter_templates_imported_post":true,"_swpsp_post_exclude":false,"_kad_post_transparent":"default","_kad_post_title":"","_kad_post_layout":"default","_kad_post_sidebar_id":"","_kad_post_content_style":"default","_kad_post_vertical_padding":"default","_kad_post_feature":"","_kad_post_feature_position":"","_kad_post_header":false,"_kad_post_footer":false,"_kad_post_classname":""},"product_brand":[],"product_cat":[26,270],"product_tag":[],"class_list":{"0":"post-12779","1":"product","2":"type-product","3":"status-publish","4":"has-post-thumbnail","6":"product_cat-nappali","7":"product_cat-sarokkanepek","8":"product_shipping_class-nagytermek","10":"first","11":"instock","12":"taxable","13":"shipping-taxable","14":"purchasable","15":"product-type-variable","16":"entry","17":"content-bg","18":"loop-entry"},"translation":{"provider":"WPGlobus","version":"3.0.2","language":"en","enabled_languages":["hu","en","de"],"languages":{"hu":{"title":true,"content":true,"excerpt":true},"en":{"title":false,"content":false,"excerpt":false},"de":{"title":false,"content":false,"excerpt":false}}},"_links":{"self":[{"href":"https:\/\/butorpont.com\/en\/wp-json\/wp\/v2\/product\/12779","targetHints":{"allow":["GET"]}}],"collection":[{"href":"https:\/\/butorpont.com\/en\/wp-json\/wp\/v2\/product"}],"about":[{"href":"https:\/\/butorpont.com\/en\/wp-json\/wp\/v2\/types\/product"}],"replies":[{"embeddable":true,"href":"https:\/\/butorpont.com\/en\/wp-json\/wp\/v2\/comments?post=12779"}],"wp:featuredmedia":[{"embeddable":true,"href":"https:\/\/butorpont.com\/en\/wp-json\/wp\/v2\/media\/12998"}],"wp:attachment":[{"href":"https:\/\/butorpont.com\/en\/wp-json\/wp\/v2\/media?parent=12779"}],"wp:term":[{"taxonomy":"product_brand","embeddable":true,"href":"https:\/\/butorpont.com\/en\/wp-json\/wp\/v2\/product_brand?post=12779"},{"taxonomy":"product_cat","embeddable":true,"href":"https:\/\/butorpont.com\/en\/wp-json\/wp\/v2\/product_cat?post=12779"},{"taxonomy":"product_tag","embeddable":true,"href":"https:\/\/butorpont.com\/en\/wp-json\/wp\/v2\/product_tag?post=12779"}],"curies":[{"name":"wp","href":"https:\/\/api.w.org\/{rel}","templated":true}]}}