{"id":827,"date":"2022-01-11T17:40:36","date_gmt":"2022-01-11T17:40:36","guid":{"rendered":"https:\/\/startertemplatecloud.com\/g30\/cart\/"},"modified":"2026-01-21T19:12:06","modified_gmt":"2026-01-21T18:12:06","slug":"cart","status":"publish","type":"page","link":"https:\/\/butorpont.com\/en\/cart\/","title":{"rendered":"Cart"},"content":{"rendered":"\n\n\n<style>.kadence-column827_49f5c2-ad > .kt-inside-inner-col,.kadence-column827_49f5c2-ad > .kt-inside-inner-col:before{border-top-left-radius:0px;border-top-right-radius:0px;border-bottom-right-radius:0px;border-bottom-left-radius:0px;}.kadence-column827_49f5c2-ad > .kt-inside-inner-col{column-gap:var(--global-kb-gap-sm, 1rem);}.kadence-column827_49f5c2-ad > .kt-inside-inner-col{flex-direction:column;}.kadence-column827_49f5c2-ad > .kt-inside-inner-col > .aligncenter{width:100%;}.kadence-column827_49f5c2-ad > .kt-inside-inner-col:before{opacity:0.3;}.kadence-column827_49f5c2-ad{position:relative;}@media all and (max-width: 1024px){.kadence-column827_49f5c2-ad > .kt-inside-inner-col{flex-direction:column;justify-content:center;}}@media all and (max-width: 767px){.kadence-column827_49f5c2-ad > .kt-inside-inner-col{flex-direction:column;justify-content:center;}}<\/style>\n<div class=\"wp-block-kadence-column kadence-column827_49f5c2-ad\"><div class=\"kt-inside-inner-col\"><style>.kt-accordion-id827_cc8dc1-2e .kt-accordion-inner-wrap{column-gap:var(--global-kb-gap-md, 2rem);row-gap:8px;}.kt-accordion-id827_cc8dc1-2e .kt-accordion-panel-inner{padding-top:var(--global-kb-spacing-sm, 1.5rem);padding-right:var(--global-kb-spacing-sm, 1.5rem);padding-bottom:var(--global-kb-spacing-sm, 1.5rem);padding-left:var(--global-kb-spacing-sm, 1.5rem);}.kt-accordion-id827_cc8dc1-2e > .kt-accordion-inner-wrap > .wp-block-kadence-pane > .kt-accordion-header-wrap > .kt-blocks-accordion-header{padding-top:var(--global-kb-spacing-xxs, 0.5rem);padding-right:var(--global-kb-spacing-xs, 1rem);padding-bottom:var(--global-kb-spacing-xxs, 0.5rem);padding-left:var(--global-kb-spacing-xs, 1rem);}.kt-accordion-id827_cc8dc1-2e .kt-accordion-header-wrap .kt-blocks-accordion-header:focus-visible,\n\t\t\t\t.kt-accordion-id827_cc8dc1-2e > .kt-accordion-inner-wrap > .wp-block-kadence-pane > .kt-accordion-header-wrap > .kt-blocks-accordion-header.kt-accordion-panel-active{color:var(--global-palette9, #ffffff);}.kt-accordion-id827_cc8dc1-2e:not( .kt-accodion-icon-style-basiccircle ):not( .kt-accodion-icon-style-xclosecircle ):not( .kt-accodion-icon-style-arrowcircle )  > .kt-accordion-inner-wrap > .wp-block-kadence-pane > .kt-accordion-header-wrap > .kt-blocks-accordion-header.kt-accordion-panel-active .kt-blocks-accordion-icon-trigger:after, .kt-accordion-id827_cc8dc1-2e:not( .kt-accodion-icon-style-basiccircle ):not( .kt-accodion-icon-style-xclosecircle ):not( .kt-accodion-icon-style-arrowcircle )  > .kt-accordion-inner-wrap > .wp-block-kadence-pane > .kt-accordion-header-wrap > .kt-blocks-accordion-header.kt-accordion-panel-active .kt-blocks-accordion-icon-trigger:before{background:var(--global-palette9, #ffffff);}.kt-accordion-id827_cc8dc1-2e:not( .kt-accodion-icon-style-basic ):not( .kt-accodion-icon-style-xclose ):not( .kt-accodion-icon-style-arrow ) .kt-blocks-accordion-header.kt-accordion-panel-active .kt-blocks-accordion-icon-trigger{background:var(--global-palette9, #ffffff);}@media all and (max-width: 767px){.kt-accordion-id827_cc8dc1-2e .kt-accordion-inner-wrap{display:block;}.kt-accordion-id827_cc8dc1-2e .kt-accordion-inner-wrap .kt-accordion-pane:not(:first-child){margin-top:8px;}}<\/style>\n<div class=\"wp-block-kadence-accordion alignnone\"><div class=\"kt-accordion-wrap kt-accordion-id827_cc8dc1-2e kt-accordion-has-2-panes kt-active-pane-0 kt-accordion-block kt-pane-header-alignment-left kt-accodion-icon-style-basic kt-accodion-icon-side-right\" style=\"max-width:none\"><div class=\"kt-accordion-inner-wrap\" data-allow-multiple-open=\"false\" data-start-open=\"0\">\n<div class=\"wp-block-kadence-pane kt-accordion-pane kt-accordion-pane-2 kt-pane827_4de767-e5\"><div class=\"kt-accordion-header-wrap\"><button class=\"kt-blocks-accordion-header kt-acccordion-button-label-show\" type=\"button\"><span class=\"kt-blocks-accordion-title-wrap\"><span class=\"kt-blocks-accordion-title\"><strong>Sz\u00e1ll\u00edt\u00e1si inform\u00e1ci\u00f3k<\/strong><\/span><\/span><span class=\"kt-blocks-accordion-icon-trigger\"><\/span><\/button><\/div><div class=\"kt-accordion-panel kt-accordion-panel-hidden\"><div class=\"kt-accordion-panel-inner\">\n<ul class=\"wp-block-list\">\n<li><strong>Rakt\u00e1ron:<\/strong>&nbsp;azonnal \u00e1tvehet\u0151, kisz\u00e1ll\u00edt\u00e1s&nbsp;<strong>kb. 7 munkanap<\/strong>.<\/li>\n\n\n\n<li><strong>Rendelhet\u0151:<\/strong>&nbsp;<strong>6\u20138 h\u00e9t<\/strong><\/li>\n\n\n\n<li><strong>Sz\u00e1ll\u00edt\u00e1si d\u00edj:<\/strong>&nbsp;Orsz\u00e1gosan&nbsp;kis term\u00e9kek eset\u00e9n<strong>&nbsp;5.000-20.000 Ft<\/strong>, kanap\u00e9k, \u00e1gyak&nbsp;<strong>40.000 Ft<\/strong>&nbsp;, Szombathelyen&nbsp;<strong>INGYENES&nbsp;<\/strong>&nbsp;(t\u00f6bb term\u00e9k eset\u00e9n is csak 1 d\u00edj). Veszpr\u00e9m, Zala, Vas, &nbsp;Gy\u0151r-Moson-Sopron V\u00e1rmegy\u00e9ben&nbsp;<strong>egyedi kedvez\u0151bb \u00e1rszab\u00e1s.&nbsp;<\/strong><\/li>\n\n\n\n<li><strong>Fizet\u00e9s:<\/strong>\u00a0v\u00e1rja meg\u00a0<strong>t\u00e1j\u00e9koztat\u00f3 level\u00fcnket<\/strong>, ne utaljon azonnal vagy ha bankk\u00e1rty\u00e1s fizet\u00e9st v\u00e1lasztan\u00e1 el\u0151sz\u00f6r <strong>vegye fel vel\u00fcnk a kapcsolatot<\/strong><\/li>\n<\/ul>\n<\/div><\/div><\/div>\n<\/div><\/div><\/div>\n<\/div><\/div>\n","protected":false},"excerpt":{"rendered":"","protected":false},"author":1,"featured_media":0,"parent":0,"menu_order":0,"comment_status":"closed","ping_status":"closed","template":"","meta":{"_seopress_robots_primary_cat":"","_seopress_titles_title":"","_seopress_titles_desc":"","_seopress_robots_index":"","_kadence_starter_templates_imported_post":true,"_swpsp_post_exclude":false,"_kad_post_transparent":"disable","_kad_post_title":"","_kad_post_layout":"","_kad_post_sidebar_id":"","_kad_post_content_style":"","_kad_post_vertical_padding":"","_kad_post_feature":"","_kad_post_feature_position":"","_kad_post_header":false,"_kad_post_footer":false,"_kad_post_classname":"","footnotes":""},"class_list":["post-827","page","type-page","status-publish","hentry"],"translation":{"provider":"WPGlobus","version":"3.0.2","language":"en","enabled_languages":["hu","en","de"],"languages":{"hu":{"title":true,"content":true,"excerpt":false},"en":{"title":true,"content":false,"excerpt":false},"de":{"title":true,"content":false,"excerpt":false}}},"_links":{"self":[{"href":"https:\/\/butorpont.com\/en\/wp-json\/wp\/v2\/pages\/827","targetHints":{"allow":["GET"]}}],"collection":[{"href":"https:\/\/butorpont.com\/en\/wp-json\/wp\/v2\/pages"}],"about":[{"href":"https:\/\/butorpont.com\/en\/wp-json\/wp\/v2\/types\/page"}],"author":[{"embeddable":true,"href":"https:\/\/butorpont.com\/en\/wp-json\/wp\/v2\/users\/1"}],"replies":[{"embeddable":true,"href":"https:\/\/butorpont.com\/en\/wp-json\/wp\/v2\/comments?post=827"}],"version-history":[{"count":9,"href":"https:\/\/butorpont.com\/en\/wp-json\/wp\/v2\/pages\/827\/revisions"}],"predecessor-version":[{"id":62100,"href":"https:\/\/butorpont.com\/en\/wp-json\/wp\/v2\/pages\/827\/revisions\/62100"}],"wp:attachment":[{"href":"https:\/\/butorpont.com\/en\/wp-json\/wp\/v2\/media?parent=827"}],"curies":[{"name":"wp","href":"https:\/\/api.w.org\/{rel}","templated":true}]}}