{"id":2209,"date":"2025-12-17T10:34:12","date_gmt":"2025-12-17T09:34:12","guid":{"rendered":"https:\/\/butorpont.com\/?page_id=2209"},"modified":"2025-12-17T10:34:35","modified_gmt":"2025-12-17T09:34:35","slug":"elallasi-nyilatkozat-es-tajekoztato","status":"publish","type":"page","link":"https:\/\/butorpont.com\/en\/elallasi-nyilatkozat-es-tajekoztato\/","title":{"rendered":"El\u00e1ll\u00e1si Nyilatkozat \u00c9s T\u00e1j\u00e9koztat\u00f3"},"content":{"rendered":"\n<p class=\"has-text-align-center has-larger-font-size\"><strong>El\u00e1ll\u00e1si Nyilatkozat \u00c9s T\u00e1j\u00e9koztat\u00f3<\/strong><\/p>\n\n\n\n<p><strong>1. El\u00e1ll\u00e1si jog<\/strong><strong><\/strong><\/p>\n\n\n\n<p>A fogyaszt\u00f3nak min\u0151s\u00fcl\u0151 v\u00e1s\u00e1rl\u00f3 jogosult arra, hogy a term\u00e9k \u00e1tv\u00e9tel\u00e9t\u0151l sz\u00e1m\u00edtott <strong>14 napon bel\u00fcl<\/strong> indokol\u00e1s n\u00e9lk\u00fcl el\u00e1lljon a v\u00e1s\u00e1rl\u00e1st\u00f3l.<\/p>\n\n\n\n<p><strong>2. Az el\u00e1ll\u00e1si jog gyakorl\u00e1sa<\/strong><strong><\/strong><\/p>\n\n\n\n<p>Az el\u00e1ll\u00e1si sz\u00e1nd\u00e9kot az al\u00e1bbi el\u00e9rhet\u0151s\u00e9gen kell jelezni:<\/p>\n\n\n\n<ul class=\"wp-block-list\">\n<li>E-mail: <strong>butorpontszombathely@gmail.com<\/strong><\/li>\n<\/ul>\n\n\n\n<p>A term\u00e9ket az el\u00e1ll\u00e1s bejelent\u00e9s\u00e9t\u0151l sz\u00e1m\u00edtott 14 napon bel\u00fcl vissza kell k\u00fcldeni.<\/p>\n\n\n\n<p><strong>3. Visszat<\/strong><strong>\u00e9<\/strong><strong>r\u00edt<\/strong><strong>\u00e9<\/strong><strong>s<\/strong><strong><\/strong><\/p>\n\n\n\n<p>Az el\u00e1ll\u00e1s elfogad\u00e1s\u00e1t k\u00f6vet\u0151en a v\u00e9tel\u00e1r visszat\u00e9r\u00edt\u00e9se legk\u00e9s\u0151bb <strong>14 napon bel\u00fcl<\/strong> megt\u00f6rt\u00e9nik, az eredeti fizet\u00e9si m\u00f3ddal megegyez\u0151en.<\/p>\n\n\n\n<p><strong>4. Az el\u00e1ll\u00e1si jog kiz\u00e1r\u00e1sa<\/strong><strong><\/strong><\/p>\n\n\n\n<p>Az el\u00e1ll\u00e1si jog <strong>nem gyakorolhat<\/strong><strong>\u00f3<\/strong>:<\/p>\n\n\n\n<ul class=\"wp-block-list\">\n<li>egyedi megrendel\u00e9sre k\u00e9sz\u00edtett term\u00e9kek eset\u00e9n<\/li>\n\n\n\n<li>higi\u00e9niai okokb\u00f3l lez\u00e1rt csomagol\u00e1s\u00fa term\u00e9kekn\u00e9l felbont\u00e1s ut\u00e1n<\/li>\n<\/ul>\n\n\n\n<p>El\u00e1ll\u00e1si nyilatkozat minta:<\/p>\n\n\n\n<div class=\"wp-block-file\"><a id=\"wp-block-file--media-5429e0d9-211c-4038-91a3-2c227876a6a7\" href=\"https:\/\/butorpont.com\/wp-content\/uploads\/2025\/12\/Elallasi-nyilatkozat.pdf\">El\u00e1ll\u00e1si nyilatkozat<\/a><a href=\"https:\/\/butorpont.com\/wp-content\/uploads\/2025\/12\/Elallasi-nyilatkozat.pdf\" class=\"wp-block-file__button wp-element-button\" download aria-describedby=\"wp-block-file--media-5429e0d9-211c-4038-91a3-2c227876a6a7\">Let\u00f6lt\u00e9s<\/a><\/div>\n","protected":false},"excerpt":{"rendered":"<p>El\u00e1ll\u00e1si Nyilatkozat \u00c9s T\u00e1j\u00e9koztat\u00f3 1. El\u00e1ll\u00e1si jog A fogyaszt\u00f3nak min\u0151s\u00fcl\u0151 v\u00e1s\u00e1rl\u00f3 jogosult arra, hogy a term\u00e9k \u00e1tv\u00e9tel\u00e9t\u0151l sz\u00e1m\u00edtott 14 napon bel\u00fcl indokol\u00e1s n\u00e9lk\u00fcl el\u00e1lljon a v\u00e1s\u00e1rl\u00e1st\u00f3l. 2. Az el\u00e1ll\u00e1si jog gyakorl\u00e1sa Az el\u00e1ll\u00e1si sz\u00e1nd\u00e9kot az al\u00e1bbi el\u00e9rhet\u0151s\u00e9gen kell jelezni: A term\u00e9ket az el\u00e1ll\u00e1s bejelent\u00e9s\u00e9t\u0151l sz\u00e1m\u00edtott 14 napon bel\u00fcl vissza kell k\u00fcldeni. 3. Visszat\u00e9r\u00edt\u00e9s Az el\u00e1ll\u00e1s&#8230;<\/p>\n","protected":false},"author":1,"featured_media":0,"parent":0,"menu_order":0,"comment_status":"closed","ping_status":"closed","template":"","meta":{"_seopress_robots_primary_cat":"","_seopress_titles_title":"","_seopress_titles_desc":"","_seopress_robots_index":"","_kadence_starter_templates_imported_post":false,"_swpsp_post_exclude":false,"_kad_post_transparent":"disable","_kad_post_title":"","_kad_post_layout":"","_kad_post_sidebar_id":"","_kad_post_content_style":"","_kad_post_vertical_padding":"","_kad_post_feature":"","_kad_post_feature_position":"","_kad_post_header":false,"_kad_post_footer":false,"_kad_post_classname":"","footnotes":""},"class_list":["post-2209","page","type-page","status-publish","hentry"],"translation":{"provider":"WPGlobus","version":"3.0.2","language":"en","enabled_languages":["hu","en","de"],"languages":{"hu":{"title":true,"content":true,"excerpt":false},"en":{"title":false,"content":false,"excerpt":false},"de":{"title":false,"content":false,"excerpt":false}}},"_links":{"self":[{"href":"https:\/\/butorpont.com\/en\/wp-json\/wp\/v2\/pages\/2209","targetHints":{"allow":["GET"]}}],"collection":[{"href":"https:\/\/butorpont.com\/en\/wp-json\/wp\/v2\/pages"}],"about":[{"href":"https:\/\/butorpont.com\/en\/wp-json\/wp\/v2\/types\/page"}],"author":[{"embeddable":true,"href":"https:\/\/butorpont.com\/en\/wp-json\/wp\/v2\/users\/1"}],"replies":[{"embeddable":true,"href":"https:\/\/butorpont.com\/en\/wp-json\/wp\/v2\/comments?post=2209"}],"version-history":[{"count":2,"href":"https:\/\/butorpont.com\/en\/wp-json\/wp\/v2\/pages\/2209\/revisions"}],"predecessor-version":[{"id":2212,"href":"https:\/\/butorpont.com\/en\/wp-json\/wp\/v2\/pages\/2209\/revisions\/2212"}],"wp:attachment":[{"href":"https:\/\/butorpont.com\/en\/wp-json\/wp\/v2\/media?parent=2209"}],"curies":[{"name":"wp","href":"https:\/\/api.w.org\/{rel}","templated":true}]}}