{"id":2201,"date":"2025-12-17T10:23:50","date_gmt":"2025-12-17T09:23:50","guid":{"rendered":"https:\/\/butorpont.com\/?page_id=2201"},"modified":"2025-12-17T10:28:30","modified_gmt":"2025-12-17T09:28:30","slug":"altalanos-szerzodesi-feltetel","status":"publish","type":"page","link":"https:\/\/butorpont.com\/en\/altalanos-szerzodesi-feltetel\/","title":{"rendered":"\u00c1ltal\u00e1nos szerz\u0151d\u00e9si felt\u00e9telek"},"content":{"rendered":"\n<p class=\"has-text-align-center has-larger-font-size\"><strong>\u00c1ltal\u00e1nos<\/strong><strong> Szerz\u0151d\u00e9si<\/strong><strong> Felt\u00e9telek<\/strong><\/p>\n\n\n\n<p class=\"has-text-align-center has-large-font-size\"><strong>(\u00c1SZF)<\/strong><\/p>\n\n\n\n<p><strong>1. Bevezet<\/strong><strong>\u00e9<\/strong><strong>s<\/strong><strong><\/strong><\/p>\n\n\n\n<p>Jelen \u00c1ltal\u00e1nos Szerz\u0151d\u00e9si Felt\u00e9telek (a tov\u00e1bbiakban: \u00c1SZF) a Bapetrade Hungary 2020 Kft.(sz\u00e9khely: 9700 Szombathely, K\u00f6rmendi \u00fat 13., ad\u00f3sz\u00e1m: 32921733-2-18, e-mail: butorpontszombathely@gmail.com, telefonsz\u00e1m: +36303091926) \u00e1ltal \u00fczemeltetett <a href=\"http:\/\/www.butorpont.com\">www.butorpont.com<\/a> weboldalon (https:\/\/butorpont.com kereszt\u00fcl ny\u00fajtott szolg\u00e1ltat\u00e1sok \u00e9s \u00e9rt\u00e9kes\u00edtett term\u00e9kek ig\u00e9nybev\u00e9tel\u00e9nek felt\u00e9teleit szab\u00e1lyozza.<\/p>\n\n\n\n<p>A weboldal haszn\u00e1lat\u00e1val \u00e9s a megrendel\u00e9s lead\u00e1s\u00e1val a v\u00e1s\u00e1rl\u00f3 elfogadja jelen \u00c1SZF rendelkez\u00e9seit.<\/p>\n\n\n\n<p><strong>2. Az \u00fczemeltet\u0151 adatai<\/strong><strong><\/strong><\/p>\n\n\n\n<ul class=\"wp-block-list\">\n<li>C\u00e9gn\u00e9v: Bapetrade Hungary 2020 Kft.<\/li>\n\n\n\n<li>Sz\u00e9khely: 9700 Szombathely, K\u00f6rmendi \u00fat 13.<\/li>\n\n\n\n<li>Ad\u00f3sz\u00e1m: 32921733-2-18<\/li>\n\n\n\n<li>E-mail: butorpontszombathely@gmail.com<\/li>\n\n\n\n<li>Telefonsz\u00e1m: +36 30 309 1926<\/li>\n\n\n\n<li>T\u00e1rhelyszolg\u00e1ltat\u00f3: Rackhost Zrt.<\/li>\n<\/ul>\n\n\n\n<p><strong>3. A weboldalon el<\/strong><strong>\u00e9<\/strong><strong>rhet\u0151 term<\/strong><strong>\u00e9<\/strong><strong>kek <\/strong><strong>\u00e9<\/strong><strong>s szolg\u00e1<\/strong><strong>ltat<\/strong><strong>\u00e1sok<\/strong><strong><\/strong><\/p>\n\n\n\n<p>A weboldalon b\u00fatorok \u00e9s kapcsol\u00f3d\u00f3 term\u00e9kek v\u00e1s\u00e1rl\u00e1s\u00e1ra van lehet\u0151s\u00e9g.<br>A felt\u00fcntetett \u00e1rak forintban \u00e9rtend\u0151k, \u00e9s TARTALMAZZ\u00c1K az \u00c1F\u00c1-t.<\/p>\n\n\n\n<p>Az \u00fczemeltet\u0151 fenntartja a jogot az \u00e1rak \u00e9s term\u00e9kle\u00edr\u00e1sok el\u0151zetes \u00e9rtes\u00edt\u00e9s n\u00e9lk\u00fcli m\u00f3dos\u00edt\u00e1s\u00e1ra.<\/p>\n\n\n\n<p><strong>4. Megrendel<\/strong><strong>\u00e9<\/strong><strong>s menete<\/strong><strong><\/strong><\/p>\n\n\n\n<ol class=\"wp-block-list\">\n<li>A v\u00e1s\u00e1rl\u00f3 kiv\u00e1lasztja a megv\u00e1s\u00e1rolni k\u00edv\u00e1nt term\u00e9ket.<\/li>\n\n\n\n<li>A kos\u00e1rba helyez\u00e9st k\u00f6vet\u0151en megadja a sz\u00fcks\u00e9ges adatokat.<\/li>\n\n\n\n<li>A rendel\u00e9s v\u00e9gleges\u00edt\u00e9se el\u0151tt a v\u00e1s\u00e1rl\u00f3 k\u00f6teles elfogadni jelen \u00c1SZF-et.<\/li>\n\n\n\n<li>A megrendel\u00e9s elektronikus \u00faton ker\u00fcl visszaigazol\u00e1sra e-mailben.<\/li>\n<\/ol>\n\n\n\n<p><strong>5. Fizet<\/strong><strong>\u00e9<\/strong><strong>si felt<\/strong><strong>\u00e9<\/strong><strong>telek<\/strong><strong><\/strong><\/p>\n\n\n\n<p>A weboldalon az al\u00e1bbi fizet\u00e9si m\u00f3dok \u00e9rhet\u0151k el:<\/p>\n\n\n\n<ul class=\"wp-block-list\">\n<li>BANKK\u00c1RTYA<\/li>\n\n\n\n<li>EL\u0150RE UTAL\u00c1S<\/li>\n<\/ul>\n\n\n\n<p>A fizet\u00e9s r\u00e9szleteir\u0151l a rendel\u00e9s sor\u00e1n a v\u00e1s\u00e1rl\u00f3 t\u00e1j\u00e9koztat\u00e1st kap.<\/p>\n\n\n\n<p><strong>6. Sz\u00e1ll\u00edt\u00e1s<\/strong><strong><\/strong><\/p>\n\n\n\n<p>A sz\u00e1ll\u00edt\u00e1s m\u00f3djai:<\/p>\n\n\n\n<ul class=\"wp-block-list\">\n<li>FUT\u00c1RSZOLG\u00c1LAT<\/li>\n\n\n\n<li>SAJ\u00c1T KISZ\u00c1LL\u00cdT\u00c1S<\/li>\n\n\n\n<li>SZEM\u00c9LYES \u00c1TV\u00c9TEL<\/li>\n<\/ul>\n\n\n\n<p>A sz\u00e1ll\u00edt\u00e1si k\u00f6lts\u00e9g \u00e9s hat\u00e1rid\u0151 a megrendel\u00e9s sor\u00e1n ker\u00fcl felt\u00fcntet\u00e9sre.<\/p>\n\n\n\n<p><strong>7. El\u00e1ll\u00e1si jog<\/strong><strong><\/strong><\/p>\n\n\n\n<p>A fogyaszt\u00f3nak min\u0151s\u00fcl\u0151 v\u00e1s\u00e1rl\u00f3 a megrendel\u00e9s \u00e1tv\u00e9tel\u00e9t\u0151l sz\u00e1m\u00edtott <strong>14 napon bel\u00fcl<\/strong> indokol\u00e1s n\u00e9lk\u00fcl el\u00e1llhat a szerz\u0151d\u00e9st\u0151l.<\/p>\n\n\n\n<p>Az el\u00e1ll\u00e1si jog gyakorl\u00e1s\u00e1nak r\u00e9szletei az <strong>Adatkezel<\/strong><strong>\u00e9<\/strong><strong>si <\/strong><strong>\u00e9<\/strong><strong>s El\u00e1ll\u00e1si T\u00e1j<\/strong><strong>\u00e9koztat<\/strong><strong>\u00f3ban<\/strong> tal\u00e1lhat\u00f3k.<\/p>\n\n\n\n<p><strong>8. Szavatoss\u00e1<\/strong><strong>g, j<\/strong><strong>\u00f3<\/strong><strong>t\u00e1ll\u00e1s<\/strong><strong><\/strong><\/p>\n\n\n\n<p>A v\u00e1s\u00e1rl\u00f3t megilletik a hat\u00e1lyos jogszab\u00e1lyok szerinti kell\u00e9kszavatoss\u00e1gi \u00e9s j\u00f3t\u00e1ll\u00e1si jogok.<\/p>\n\n\n\n<p><strong>9. Felel\u0151ss<\/strong><strong>\u00e9<\/strong><strong>g kiz\u00e1r\u00e1sa<\/strong><strong><\/strong><\/p>\n\n\n\n<p>Az \u00fczemeltet\u0151 nem v\u00e1llal felel\u0151ss\u00e9get a weboldal haszn\u00e1lat\u00e1b\u00f3l ered\u0151 k\u00f6zvetett k\u00e1rok\u00e9rt, illetve technikai hib\u00e1kb\u00f3l ad\u00f3d\u00f3 szolg\u00e1ltat\u00e1s-kies\u00e9s\u00e9rt.<\/p>\n\n\n\n<p><strong>10. Szerz\u0151i jogok<\/strong><strong><\/strong><\/p>\n\n\n\n<p>A weboldalon tal\u00e1lhat\u00f3 tartalmak (sz\u00f6veg, k\u00e9p, grafika) a Bapetrade Hungary 2020 Kft. tulajdon\u00e1t k\u00e9pezik, azok m\u00e1sol\u00e1sa vagy felhaszn\u00e1l\u00e1sa kiz\u00e1r\u00f3lag \u00edr\u00e1sos enged\u00e9llyel lehets\u00e9ges.<\/p>\n\n\n\n<p><strong>11. Panaszkezel<\/strong><strong>\u00e9<\/strong><strong>s<\/strong><strong><\/strong><\/p>\n\n\n\n<p>A v\u00e1s\u00e1rl\u00f3 panasz\u00e1t az al\u00e1bbi el\u00e9rhet\u0151s\u00e9geken jelezheti:<\/p>\n\n\n\n<ul class=\"wp-block-list\">\n<li>E-mail: butorpontszombathely@gmail.com<\/li>\n\n\n\n<li>Telefonsz\u00e1m: +36 30 309 1926<\/li>\n<\/ul>\n\n\n\n<p><strong>12. Z\u00e1r\u00f3 rendelkez<\/strong><strong>\u00e9<\/strong><strong>sek<\/strong><strong><\/strong><\/p>\n\n\n\n<p>Jelen \u00c1SZF-re a magyar jog rendelkez\u00e9sei az ir\u00e1nyad\u00f3k.<br>Az \u00fczemeltet\u0151 fenntartja a jogot az \u00c1SZF m\u00f3dos\u00edt\u00e1s\u00e1ra, amely a weboldalon t\u00f6rt\u00e9n\u0151 k\u00f6zz\u00e9t\u00e9tellel l\u00e9p hat\u00e1lyba.<\/p>\n\n\n\n<p>Hat\u00e1lyba l\u00e9p\u00e9s d\u00e1tuma: 2025.12.09.<\/p>\n\n\n\n<div class=\"wp-block-file\"><a id=\"wp-block-file--media-196954a2-ca6b-456f-b388-9c994e79f651\" href=\"https:\/\/butorpont.com\/wp-content\/uploads\/2025\/12\/ASZF.pdf\">\u00c1SZF<\/a><a href=\"https:\/\/butorpont.com\/wp-content\/uploads\/2025\/12\/ASZF.pdf\" class=\"wp-block-file__button wp-element-button\" download aria-describedby=\"wp-block-file--media-196954a2-ca6b-456f-b388-9c994e79f651\">Let\u00f6lt\u00e9s<\/a><\/div>\n","protected":false},"excerpt":{"rendered":"<p>\u00c1ltal\u00e1nos Szerz\u0151d\u00e9si Felt\u00e9telek (\u00c1SZF) 1. Bevezet\u00e9s Jelen \u00c1ltal\u00e1nos Szerz\u0151d\u00e9si Felt\u00e9telek (a tov\u00e1bbiakban: \u00c1SZF) a Bapetrade Hungary 2020 Kft.(sz\u00e9khely: 9700 Szombathely, K\u00f6rmendi \u00fat 13., ad\u00f3sz\u00e1m: 32921733-2-18, e-mail: butorpontszombathely@gmail.com, telefonsz\u00e1m: +36303091926) \u00e1ltal \u00fczemeltetett www.butorpont.com weboldalon (https:\/\/butorpont.com kereszt\u00fcl ny\u00fajtott szolg\u00e1ltat\u00e1sok \u00e9s \u00e9rt\u00e9kes\u00edtett term\u00e9kek ig\u00e9nybev\u00e9tel\u00e9nek felt\u00e9teleit szab\u00e1lyozza. A weboldal haszn\u00e1lat\u00e1val \u00e9s a megrendel\u00e9s lead\u00e1s\u00e1val a v\u00e1s\u00e1rl\u00f3 elfogadja jelen \u00c1SZF&#8230;<\/p>\n","protected":false},"author":1,"featured_media":0,"parent":0,"menu_order":0,"comment_status":"closed","ping_status":"closed","template":"","meta":{"_seopress_robots_primary_cat":"","_seopress_titles_title":"","_seopress_titles_desc":"","_seopress_robots_index":"","_kadence_starter_templates_imported_post":false,"_swpsp_post_exclude":false,"_kad_post_transparent":"disable","_kad_post_title":"","_kad_post_layout":"","_kad_post_sidebar_id":"","_kad_post_content_style":"","_kad_post_vertical_padding":"","_kad_post_feature":"default","_kad_post_feature_position":"behind","_kad_post_header":false,"_kad_post_footer":false,"_kad_post_classname":"","footnotes":""},"class_list":["post-2201","page","type-page","status-publish","hentry"],"translation":{"provider":"WPGlobus","version":"3.0.2","language":"en","enabled_languages":["hu","en","de"],"languages":{"hu":{"title":true,"content":true,"excerpt":false},"en":{"title":false,"content":false,"excerpt":false},"de":{"title":false,"content":false,"excerpt":false}}},"_links":{"self":[{"href":"https:\/\/butorpont.com\/en\/wp-json\/wp\/v2\/pages\/2201","targetHints":{"allow":["GET"]}}],"collection":[{"href":"https:\/\/butorpont.com\/en\/wp-json\/wp\/v2\/pages"}],"about":[{"href":"https:\/\/butorpont.com\/en\/wp-json\/wp\/v2\/types\/page"}],"author":[{"embeddable":true,"href":"https:\/\/butorpont.com\/en\/wp-json\/wp\/v2\/users\/1"}],"replies":[{"embeddable":true,"href":"https:\/\/butorpont.com\/en\/wp-json\/wp\/v2\/comments?post=2201"}],"version-history":[{"count":4,"href":"https:\/\/butorpont.com\/en\/wp-json\/wp\/v2\/pages\/2201\/revisions"}],"predecessor-version":[{"id":2208,"href":"https:\/\/butorpont.com\/en\/wp-json\/wp\/v2\/pages\/2201\/revisions\/2208"}],"wp:attachment":[{"href":"https:\/\/butorpont.com\/en\/wp-json\/wp\/v2\/media?parent=2201"}],"curies":[{"name":"wp","href":"https:\/\/api.w.org\/{rel}","templated":true}]}}