{"id":62628,"date":"2026-02-09T16:28:17","date_gmt":"2026-02-09T15:28:17","guid":{"rendered":"https:\/\/butorpont.com\/?post_type=product&#038;p=62628"},"modified":"2026-02-22T20:24:17","modified_gmt":"2026-02-22T19:24:17","slug":"anna-184-cm-konyha","status":"publish","type":"product","link":"https:\/\/butorpont.com\/de\/termek\/anna-184-cm-konyha\/","title":{"rendered":"Anna 184 cm konyha"},"content":{"rendered":"<p>Nem kell vagyonokat k\u00f6ltened egy j\u00f3l haszn\u00e1lhat\u00f3 konyh\u00e1ra!<\/p>\n<p>Ez az olcs\u00f3 blokkkonyha minden alapig\u00e9nyt kiel\u00e9g\u00edt: kompakt, praktikus \u00e9s k\u00f6nnyen beilleszthet\u0151 b\u00e1rmilyen t\u00e9rbe. J\u00f3 \u00e1r, j\u00f3 d\u00f6nt\u00e9s.<\/p>\n","protected":false},"excerpt":{"rendered":"<p>V\u00e1laszd k\u00e9sz, <strong data-start=\"231\" data-end=\"276\">fix m\u00e9retekben gy\u00e1rtott konyhab\u00fatorainkat<\/strong>, amelyek ide\u00e1lisak szabv\u00e1nyos konyh\u00e1kba. Als\u00f3 \u00e9s fels\u0151 szekr\u00e9nyekb\u0151l \u00e1ll\u00f3 elemekb\u0151l \u00e1llnak, el\u0151re meghat\u00e1rozott <strong data-start=\"389\" data-end=\"432\">sz\u00e9less\u00e9ggel, magass\u00e1ggal \u00e9s m\u00e9lys\u00e9ggel<\/strong>, \u00edgy gyorsan \u00e9s gond n\u00e9lk\u00fcl be\u00e9p\u00edthet\u0151k.<\/p>\n","protected":false},"featured_media":62845,"comment_status":"open","ping_status":"closed","template":"","meta":{"_seopress_robots_primary_cat":"","_seopress_titles_title":"","_seopress_titles_desc":"","_seopress_robots_index":"","_kadence_starter_templates_imported_post":false,"_swpsp_post_exclude":false,"_kad_post_transparent":"default","_kad_post_title":"","_kad_post_layout":"default","_kad_post_sidebar_id":"","_kad_post_content_style":"default","_kad_post_vertical_padding":"default","_kad_post_feature":"","_kad_post_feature_position":"","_kad_post_header":false,"_kad_post_footer":false,"_kad_post_classname":""},"product_brand":[],"product_cat":[25],"product_tag":[],"class_list":{"0":"post-62628","1":"product","2":"type-product","3":"status-publish","4":"has-post-thumbnail","6":"product_cat-konyha","8":"first","9":"instock","10":"sale","11":"taxable","12":"shipping-taxable","13":"purchasable","14":"product-type-variable","15":"entry","16":"content-bg","17":"loop-entry"},"translation":{"provider":"WPGlobus","version":"3.0.2","language":"de","enabled_languages":["hu","en","de"],"languages":{"hu":{"title":true,"content":true,"excerpt":true},"en":{"title":false,"content":false,"excerpt":false},"de":{"title":false,"content":false,"excerpt":false}}},"_links":{"self":[{"href":"https:\/\/butorpont.com\/de\/wp-json\/wp\/v2\/product\/62628","targetHints":{"allow":["GET"]}}],"collection":[{"href":"https:\/\/butorpont.com\/de\/wp-json\/wp\/v2\/product"}],"about":[{"href":"https:\/\/butorpont.com\/de\/wp-json\/wp\/v2\/types\/product"}],"replies":[{"embeddable":true,"href":"https:\/\/butorpont.com\/de\/wp-json\/wp\/v2\/comments?post=62628"}],"wp:featuredmedia":[{"embeddable":true,"href":"https:\/\/butorpont.com\/de\/wp-json\/wp\/v2\/media\/62845"}],"wp:attachment":[{"href":"https:\/\/butorpont.com\/de\/wp-json\/wp\/v2\/media?parent=62628"}],"wp:term":[{"taxonomy":"product_brand","embeddable":true,"href":"https:\/\/butorpont.com\/de\/wp-json\/wp\/v2\/product_brand?post=62628"},{"taxonomy":"product_cat","embeddable":true,"href":"https:\/\/butorpont.com\/de\/wp-json\/wp\/v2\/product_cat?post=62628"},{"taxonomy":"product_tag","embeddable":true,"href":"https:\/\/butorpont.com\/de\/wp-json\/wp\/v2\/product_tag?post=62628"}],"curies":[{"name":"wp","href":"https:\/\/api.w.org\/{rel}","templated":true}]}}