{"id":62438,"date":"2026-01-26T22:15:53","date_gmt":"2026-01-26T21:15:53","guid":{"rendered":"https:\/\/butorpont.com\/?post_type=product&#038;p=62438"},"modified":"2026-01-29T16:02:42","modified_gmt":"2026-01-29T15:02:42","slug":"bratislava-szurke-szovet-muborrel","status":"publish","type":"product","link":"https:\/\/butorpont.com\/de\/termek\/bratislava-szurke-szovet-muborrel\/","title":{"rendered":"Bratislava, Sz\u00fcrke sz\u00f6vet m\u0171b\u0151rrel"},"content":{"rendered":"<p>K\u00c9SZLETEN!<\/p>\n<p>GYERE \u00c9S VIDD EL MA, VAGY RENDELD MEG \u00c9S NAPOKON BEL\u00dcL MEGTUDHATOD MI AZ IGAZI K\u00c9NYELEM!<\/p>\n<p data-start=\"203\" data-end=\"496\">Ez az L-alak\u00fa sarokkanap\u00e9 ide\u00e1lis v\u00e1laszt\u00e1s azok sz\u00e1m\u00e1ra, akik a <strong data-start=\"268\" data-end=\"281\">k\u00e9nyelmet<\/strong>, a <strong data-start=\"285\" data-end=\"304\">funkcionalit\u00e1st<\/strong> \u00e9s az <strong data-start=\"311\" data-end=\"335\">id\u0151t\u00e1ll\u00f3 kialak\u00edt\u00e1st <\/strong>keresik egyetlen b\u00fatordarabban. Letisztult formavil\u00e1ga k\u00f6nnyed\u00e9n illeszkedik k\u00fcl\u00f6nb\u00f6z\u0151 lakberendez\u00e9si st\u00edlusokhoz, mik\u00f6zben a nappali meghat\u00e1roz\u00f3 elem\u00e9v\u00e9 v\u00e1lik.<\/p>\n<p data-start=\"498\" data-end=\"811\">A kanap\u00e9 <strong data-start=\"507\" data-end=\"543\">\u00e1gyazhat\u00f3 funkci\u00f3val rendelkezik<\/strong>, \u00edgy pillanatok alatt k\u00e9nyelmes fekv\u0151fel\u00fclett\u00e9 alak\u00edthat\u00f3, ide\u00e1lis vend\u00e9gek fogad\u00e1s\u00e1hoz vagy alkalmi alv\u00e1shoz. A be\u00e9p\u00edtett <strong data-start=\"667\" data-end=\"683\">\u00e1gynem\u0171tart\u00f3<\/strong> praktikus t\u00e1rol\u00e1si lehet\u0151s\u00e9get biztos\u00edt takar\u00f3k, p\u00e1rn\u00e1k \u00e9s egy\u00e9b kieg\u00e9sz\u00edt\u0151k sz\u00e1m\u00e1ra, seg\u00edtve a rendezett k\u00f6rnyezet meg\u0151rz\u00e9s\u00e9t.<\/p>\n<p data-start=\"813\" data-end=\"985\">A t\u00e1gas \u00fcl\u0151fel\u00fclet k\u00e9nyelmes pihen\u00e9st biztos\u00edt a mindennapokban, az L-alak\u00fa kialak\u00edt\u00e1s pedig hat\u00e9kony helykihaszn\u00e1l\u00e1st tesz lehet\u0151v\u00e9, ak\u00e1r kisebb, ak\u00e1r nagyobb nappalikban.<\/p>\n<h3 data-start=\"987\" data-end=\"1006\">F\u0151bb Jellemz\u0151k:<\/h3>\n<ul data-start=\"1007\" data-end=\"1267\">\n<li data-start=\"1007\" data-end=\"1041\">\n<p data-start=\"1009\" data-end=\"1041\"><strong data-start=\"1009\" data-end=\"1019\">T\u00edpus:<\/strong> L-alak\u00fa sarokkanap\u00e9<\/p>\n<\/li>\n<li data-start=\"1042\" data-end=\"1076\">\n<p data-start=\"1044\" data-end=\"1076\"><strong data-start=\"1044\" data-end=\"1056\">Funkci\u00f3:<\/strong> \u00e1gyazhat\u00f3 kivitel<\/p>\n<\/li>\n<li data-start=\"1077\" data-end=\"1116\">\n<p data-start=\"1079\" data-end=\"1116\"><strong data-start=\"1079\" data-end=\"1091\">T\u00e1rol\u00e1s:<\/strong> be\u00e9p\u00edtett \u00e1gynem\u0171tart\u00f3<\/p>\n<\/li>\n<li data-start=\"1117\" data-end=\"1163\">\n<p data-start=\"1119\" data-end=\"1163\"><strong data-start=\"1119\" data-end=\"1136\">Felhaszn\u00e1l\u00e1s:<\/strong> nappaliba, vend\u00e9gszob\u00e1ba<\/p>\n<\/li>\n<li data-start=\"1164\" data-end=\"1223\">\n<p data-start=\"1166\" data-end=\"1223\"><strong data-start=\"1166\" data-end=\"1181\">Kialak\u00edt\u00e1s:<\/strong> k\u00e9nyelmes, j\u00f3l kihaszn\u00e1lhat\u00f3 \u00fcl\u0151fel\u00fclet<\/p>\n<\/li>\n<li data-start=\"1224\" data-end=\"1267\">\n<p data-start=\"1226\" data-end=\"1267\"><strong data-start=\"1226\" data-end=\"1240\">Szerkezet:<\/strong> stabil, tart\u00f3s fel\u00e9p\u00edt\u00e9s<\/p>\n<\/li>\n<li data-start=\"1224\" data-end=\"1267\">\n<p data-start=\"1226\" data-end=\"1267\"><strong data-start=\"1226\" data-end=\"1240\">Magass\u00e1g: <\/strong>cm<\/p>\n<\/li>\n<li data-start=\"1224\" data-end=\"1267\">\n<p data-start=\"1226\" data-end=\"1267\"><strong data-start=\"1226\" data-end=\"1240\">\u00dcl\u0151magass\u00e1g: <\/strong>\u00a0cm<\/p>\n<\/li>\n<li data-start=\"1224\" data-end=\"1267\">\n<p data-start=\"1226\" data-end=\"1267\"><strong data-start=\"1226\" data-end=\"1240\">L\u00e1b magass\u00e1g: <\/strong>\u00a0cm<\/p>\n<\/li>\n<\/ul>\n","protected":false},"excerpt":{"rendered":"<p>M\u00e9ret: 250\u00d7150. A kanap\u00e9 \u00e1gyazhat\u00f3 \u00e9s \u00e1gynem\u0171tart\u00f3val is rendelkezik, balos-jobbosra szerelhet\u0151.<\/p>\n","protected":false},"featured_media":62439,"comment_status":"open","ping_status":"closed","template":"","meta":{"_seopress_robots_primary_cat":"","_seopress_titles_title":"","_seopress_titles_desc":"","_seopress_robots_index":"","_kadence_starter_templates_imported_post":false,"_swpsp_post_exclude":false,"_kad_post_transparent":"default","_kad_post_title":"","_kad_post_layout":"default","_kad_post_sidebar_id":"","_kad_post_content_style":"default","_kad_post_vertical_padding":"default","_kad_post_feature":"","_kad_post_feature_position":"","_kad_post_header":false,"_kad_post_footer":false,"_kad_post_classname":""},"product_brand":[],"product_cat":[320],"product_tag":[],"class_list":{"0":"post-62438","1":"product","2":"type-product","3":"status-publish","4":"has-post-thumbnail","6":"product_cat-keszlet","7":"product_shipping_class-nagytermek","9":"first","10":"instock","11":"taxable","12":"shipping-taxable","13":"purchasable","14":"product-type-simple","15":"entry","16":"content-bg","17":"loop-entry"},"translation":{"provider":"WPGlobus","version":"3.0.2","language":"de","enabled_languages":["hu","en","de"],"languages":{"hu":{"title":true,"content":true,"excerpt":true},"en":{"title":false,"content":false,"excerpt":false},"de":{"title":false,"content":false,"excerpt":false}}},"_links":{"self":[{"href":"https:\/\/butorpont.com\/de\/wp-json\/wp\/v2\/product\/62438","targetHints":{"allow":["GET"]}}],"collection":[{"href":"https:\/\/butorpont.com\/de\/wp-json\/wp\/v2\/product"}],"about":[{"href":"https:\/\/butorpont.com\/de\/wp-json\/wp\/v2\/types\/product"}],"replies":[{"embeddable":true,"href":"https:\/\/butorpont.com\/de\/wp-json\/wp\/v2\/comments?post=62438"}],"wp:featuredmedia":[{"embeddable":true,"href":"https:\/\/butorpont.com\/de\/wp-json\/wp\/v2\/media\/62439"}],"wp:attachment":[{"href":"https:\/\/butorpont.com\/de\/wp-json\/wp\/v2\/media?parent=62438"}],"wp:term":[{"taxonomy":"product_brand","embeddable":true,"href":"https:\/\/butorpont.com\/de\/wp-json\/wp\/v2\/product_brand?post=62438"},{"taxonomy":"product_cat","embeddable":true,"href":"https:\/\/butorpont.com\/de\/wp-json\/wp\/v2\/product_cat?post=62438"},{"taxonomy":"product_tag","embeddable":true,"href":"https:\/\/butorpont.com\/de\/wp-json\/wp\/v2\/product_tag?post=62438"}],"curies":[{"name":"wp","href":"https:\/\/api.w.org\/{rel}","templated":true}]}}