{"id":62372,"date":"2026-01-23T13:57:31","date_gmt":"2026-01-23T12:57:31","guid":{"rendered":"https:\/\/butorpont.com\/?post_type=product&#038;p=62372"},"modified":"2026-01-26T21:09:39","modified_gmt":"2026-01-26T20:09:39","slug":"panama-160x200-aragon14-bezs","status":"publish","type":"product","link":"https:\/\/butorpont.com\/de\/termek\/panama-160x200-aragon14-bezs\/","title":{"rendered":"Panama 160&#215;200 Aragon14 b\u00e9zs"},"content":{"rendered":"<p>K\u00c9SZLETEN!<\/p>\n<p>GYERE \u00c9S VIDD EL MA, VAGY RENDELD MEG \u00c9S NAPOKON BEL\u00dcL MEGTUDHATOD MI AZ IGAZI K\u00c9NYELEM!<\/p>\n<p>Boxspring \u00e1gy, k\u00e9t oldalr\u00f3l felny\u00edl\u00f3 \u00e1gynem\u0171tart\u00f3val rendelkezik. Aj\u00e1nd\u00e9k fed\u0151matrac j\u00e1r hozz\u00e1!<\/p>\n<p><strong>M\u00e9retek:<\/strong> 145\/165\/185\/205x208x123 cm<br \/>\n<strong>L\u00e1b m\u00e9ret:<\/strong> 3 cm<br \/>\n<strong>\u00dcl\u0151magass\u00e1g:<\/strong> 58 cm<\/p>\n","protected":false},"excerpt":{"rendered":"<p>K\u00c9SZLETEN! GYERE \u00c9S VIDD EL MA, VAGY RENDELD MEG \u00c9S NAPOKON BEL\u00dcL MEGTUDHATOD MI AZ IGAZI K\u00c9NYELEM! Boxspring \u00e1gy, k\u00e9t oldalr\u00f3l felny\u00edl\u00f3 \u00e1gynem\u0171tart\u00f3val rendelkezik. Aj\u00e1nd\u00e9k fed\u0151matrac j\u00e1r hozz\u00e1! M\u00e9retek: 145\/165\/185\/205x208x123 cm L\u00e1b m\u00e9ret: 3 cm \u00dcl\u0151magass\u00e1g: 58 cm<\/p>\n","protected":false},"featured_media":62373,"comment_status":"open","ping_status":"closed","template":"","meta":{"_seopress_robots_primary_cat":"","_seopress_titles_title":"","_seopress_titles_desc":"","_seopress_robots_index":"","_kadence_starter_templates_imported_post":false,"_swpsp_post_exclude":false,"_kad_post_transparent":"default","_kad_post_title":"","_kad_post_layout":"default","_kad_post_sidebar_id":"","_kad_post_content_style":"default","_kad_post_vertical_padding":"default","_kad_post_feature":"","_kad_post_feature_position":"","_kad_post_header":false,"_kad_post_footer":false,"_kad_post_classname":""},"product_brand":[],"product_cat":[320],"product_tag":[],"class_list":{"0":"post-62372","1":"product","2":"type-product","3":"status-publish","4":"has-post-thumbnail","6":"product_cat-keszlet","7":"product_shipping_class-nagytermek","9":"first","10":"instock","11":"taxable","12":"shipping-taxable","13":"purchasable","14":"product-type-simple","15":"entry","16":"content-bg","17":"loop-entry"},"translation":{"provider":"WPGlobus","version":"3.0.2","language":"de","enabled_languages":["hu","en","de"],"languages":{"hu":{"title":true,"content":true,"excerpt":false},"en":{"title":false,"content":false,"excerpt":false},"de":{"title":false,"content":false,"excerpt":false}}},"_links":{"self":[{"href":"https:\/\/butorpont.com\/de\/wp-json\/wp\/v2\/product\/62372","targetHints":{"allow":["GET"]}}],"collection":[{"href":"https:\/\/butorpont.com\/de\/wp-json\/wp\/v2\/product"}],"about":[{"href":"https:\/\/butorpont.com\/de\/wp-json\/wp\/v2\/types\/product"}],"replies":[{"embeddable":true,"href":"https:\/\/butorpont.com\/de\/wp-json\/wp\/v2\/comments?post=62372"}],"wp:featuredmedia":[{"embeddable":true,"href":"https:\/\/butorpont.com\/de\/wp-json\/wp\/v2\/media\/62373"}],"wp:attachment":[{"href":"https:\/\/butorpont.com\/de\/wp-json\/wp\/v2\/media?parent=62372"}],"wp:term":[{"taxonomy":"product_brand","embeddable":true,"href":"https:\/\/butorpont.com\/de\/wp-json\/wp\/v2\/product_brand?post=62372"},{"taxonomy":"product_cat","embeddable":true,"href":"https:\/\/butorpont.com\/de\/wp-json\/wp\/v2\/product_cat?post=62372"},{"taxonomy":"product_tag","embeddable":true,"href":"https:\/\/butorpont.com\/de\/wp-json\/wp\/v2\/product_tag?post=62372"}],"curies":[{"name":"wp","href":"https:\/\/api.w.org\/{rel}","templated":true}]}}