{"id":6176,"date":"2025-12-17T22:45:45","date_gmt":"2025-12-17T21:45:45","guid":{"rendered":"https:\/\/butorpont.com\/?post_type=product&#038;p=6176"},"modified":"2026-01-21T23:36:50","modified_gmt":"2026-01-21T22:36:50","slug":"elen","status":"publish","type":"product","link":"https:\/\/butorpont.com\/de\/termek\/elen\/","title":{"rendered":"Elen"},"content":{"rendered":"<div class=\"x14z9mp xat24cr x1lziwak x1vvkbs xtlvy1s x126k92a\">\n<div dir=\"auto\">Mi az a boxspring \u00e1gy \u2013 \u00e9s mi\u00e9rt im\u00e1dj\u00e1k, akik egyszer kipr\u00f3b\u00e1lj\u00e1k?<\/div>\n<\/div>\n<div class=\"x14z9mp xat24cr x1lziwak x1vvkbs xtlvy1s x126k92a\">\n<div dir=\"auto\">A boxspring \u00e1gy a k\u00e9nyelem \u00e9s az elegancia t\u00f6k\u00e9letes kombin\u00e1ci\u00f3ja. Ez a pr\u00e9mium \u00e1gyt\u00edpus nem csup\u00e1n egy matrac a kereten \u2013 h\u00e1romr\u00e9teg\u0171 fel\u00e9p\u00edt\u00e9s\u00e9nek k\u00f6sz\u00f6nhet\u0151en igazi sz\u00e1llodai alv\u00e1s\u00e9lm\u00e9nyt ny\u00fajt otthon\u00e1ban. Az als\u00f3, rug\u00f3s \u00e1gyalap biztos\u00edtja a stabil tart\u00e1st, a fels\u0151 matrac gondoskodik a testre szabott al\u00e1t\u00e1maszt\u00e1sr\u00f3l, a topper pedig extra puhas\u00e1got \u00e9s luxust ad minden \u00e9jszak\u00e1hoz.<\/div>\n<\/div>\n<div class=\"x14z9mp xat24cr x1lziwak x1vvkbs xtlvy1s x126k92a\">\n<div dir=\"auto\">Mi\u00e9rt praktikus a boxspring \u00e1gy?<\/div>\n<div dir=\"auto\">\u2022 Kiemelked\u0151 alv\u00e1skomfort: A t\u00f6bbr\u00e9teg\u0171, rug\u00f3s szerkezet t\u00f6k\u00e9letesen alkalmazkodik a test vonalaihoz, \u00edgy m\u00e9lyebb, pihentet\u0151bb alv\u00e1st biztos\u00edt.<\/div>\n<div dir=\"auto\">\u2022 Hossz\u00fa \u00e9lettartam: A massz\u00edv fel\u00e9p\u00edt\u00e9snek k\u00f6sz\u00f6nhet\u0151en a boxspring \u00e1gy rendk\u00edv\u00fcl tart\u00f3s \u2013 \u00e9vekig meg\u0151rzi form\u00e1j\u00e1t \u00e9s k\u00e9nyelm\u00e9t.<\/div>\n<div dir=\"auto\">\u2022 Kiv\u00e1l\u00f3 szell\u0151z\u00e9s: A rug\u00f3s rendszer folyamatos l\u00e9g\u00e1raml\u00e1st biztos\u00edt, \u00edgy a matrac higi\u00e9nikusabb \u00e9s frissebb marad.<\/div>\n<div dir=\"auto\">\u2022 St\u00edlusos megjelen\u00e9s: Eleg\u00e1ns, magas kialak\u00edt\u00e1sa \u00e9s egyedi k\u00e1rpitv\u00e1laszt\u00e9ka b\u00e1rmely h\u00e1l\u00f3szob\u00e1nak luxus hangulatot ad.<\/div>\n<div dir=\"auto\">\u2022 K\u00f6nny\u0171 fel- \u00e9s lel\u00e9p\u00e9s: A komfortos magass\u00e1g megk\u00f6nny\u00edti a mindennapi haszn\u00e1latot.<\/div>\n<\/div>\n<div class=\"x14z9mp xat24cr x1lziwak x1vvkbs xtlvy1s x126k92a\">\n<div dir=\"auto\">A boxspring \u00e1gy nem csak egy b\u00fatordarab \u2013 egy \u00e9letst\u00edlus, amelyben a k\u00e9nyelem, a min\u0151s\u00e9g \u00e9s a design tal\u00e1lkozik.<\/div>\n<\/div>\n","protected":false},"excerpt":{"rendered":"<p>Boxspring \u00e1gy, k\u00e9t oldalr\u00f3l felny\u00edl\u00f3 \u00e1gynem\u0171tart\u00f3val rendelkezik. Aj\u00e1nd\u00e9k fed\u0151matrac j\u00e1r hozz\u00e1!<\/p>\n<p><strong>M\u00e9retek:<\/strong> 145\/165\/185\/205x208x123 cm<br \/>\n<strong>L\u00e1b m\u00e9ret:<\/strong> 3 cm<br \/>\n<strong>\u00dcl\u0151magass\u00e1g:<\/strong> 58 cm<\/p>\n","protected":false},"featured_media":6395,"comment_status":"open","ping_status":"closed","template":"","meta":{"_seopress_robots_primary_cat":"","_seopress_titles_title":"","_seopress_titles_desc":"","_seopress_robots_index":"","_kadence_starter_templates_imported_post":true,"_swpsp_post_exclude":false,"_kad_post_transparent":"default","_kad_post_title":"","_kad_post_layout":"default","_kad_post_sidebar_id":"","_kad_post_content_style":"default","_kad_post_vertical_padding":"default","_kad_post_feature":"","_kad_post_feature_position":"","_kad_post_header":false,"_kad_post_footer":false,"_kad_post_classname":""},"product_brand":[],"product_cat":[28],"product_tag":[],"class_list":{"0":"post-6176","1":"product","2":"type-product","3":"status-publish","4":"has-post-thumbnail","6":"product_cat-haloszoba","7":"product_shipping_class-nagytermek","9":"first","10":"instock","11":"taxable","12":"shipping-taxable","13":"purchasable","14":"product-type-variable","15":"entry","16":"content-bg","17":"loop-entry"},"translation":{"provider":"WPGlobus","version":"3.0.2","language":"de","enabled_languages":["hu","en","de"],"languages":{"hu":{"title":true,"content":true,"excerpt":true},"en":{"title":false,"content":false,"excerpt":false},"de":{"title":false,"content":false,"excerpt":false}}},"_links":{"self":[{"href":"https:\/\/butorpont.com\/de\/wp-json\/wp\/v2\/product\/6176","targetHints":{"allow":["GET"]}}],"collection":[{"href":"https:\/\/butorpont.com\/de\/wp-json\/wp\/v2\/product"}],"about":[{"href":"https:\/\/butorpont.com\/de\/wp-json\/wp\/v2\/types\/product"}],"replies":[{"embeddable":true,"href":"https:\/\/butorpont.com\/de\/wp-json\/wp\/v2\/comments?post=6176"}],"wp:featuredmedia":[{"embeddable":true,"href":"https:\/\/butorpont.com\/de\/wp-json\/wp\/v2\/media\/6395"}],"wp:attachment":[{"href":"https:\/\/butorpont.com\/de\/wp-json\/wp\/v2\/media?parent=6176"}],"wp:term":[{"taxonomy":"product_brand","embeddable":true,"href":"https:\/\/butorpont.com\/de\/wp-json\/wp\/v2\/product_brand?post=6176"},{"taxonomy":"product_cat","embeddable":true,"href":"https:\/\/butorpont.com\/de\/wp-json\/wp\/v2\/product_cat?post=6176"},{"taxonomy":"product_tag","embeddable":true,"href":"https:\/\/butorpont.com\/de\/wp-json\/wp\/v2\/product_tag?post=6176"}],"curies":[{"name":"wp","href":"https:\/\/api.w.org\/{rel}","templated":true}]}}