{"id":61751,"date":"2026-01-17T11:44:24","date_gmt":"2026-01-17T10:44:24","guid":{"rendered":"https:\/\/butorpont.com\/?post_type=product&#038;p=61751"},"modified":"2026-01-26T21:37:39","modified_gmt":"2026-01-26T20:37:39","slug":"nora-etkezoasztal-feher","status":"publish","type":"product","link":"https:\/\/butorpont.com\/de\/termek\/nora-etkezoasztal-feher\/","title":{"rendered":"Nora \u00c9tkez\u0151asztal &#8211; Feh\u00e9r"},"content":{"rendered":"<p>Ez a st\u00edlusos \u00e9tkez\u0151asztal a modern diz\u00e1jnt \u00e9s a praktikumot \u00f6tv\u00f6zi. A m\u00e1rv\u00e1nyhat\u00e1s\u00fa asztallap luxus megjelen\u00e9st k\u00f6lcs\u00f6n\u00f6z, m\u00edg a fekete f\u00e9m l\u00e1bak stabil \u00e9s tart\u00f3s szerkezetet biztos\u00edtanak. Letisztult vonalvezet\u00e9se r\u00e9v\u00e9n k\u00f6nnyen illeszkedik k\u00fcl\u00f6nb\u00f6z\u0151 enteri\u0151r\u00f6kbe, legyen sz\u00f3 minimalista, ipari vagy kort\u00e1rs st\u00edlusr\u00f3l. Az asztallap k\u00f6nnyen tiszt\u00edthat\u00f3, \u00edgy ide\u00e1lis mindennapi \u00e9tkez\u00e9sekhez, csal\u00e1di \u00f6sszej\u00f6vetelekhez vagy bar\u00e1ti vacsor\u00e1khoz. Massz\u00edv szerkezete hossz\u00fa t\u00e1von megb\u00edzhat\u00f3, mik\u00f6zben eleg\u00e1ns, modern megjelen\u00e9st biztos\u00edt az \u00e9tkez\u0151nek.<\/p>\n","protected":false},"excerpt":{"rendered":"<p>Modern \u00e9tkez\u0151asztal m\u00e1rv\u00e1nyhat\u00e1s\u00fa lappal \u00e9s fekete f\u00e9mv\u00e1zas l\u00e1bakkal. Eleg\u00e1ns \u00e9s massz\u00edv, t\u00f6k\u00e9letes kieg\u00e9sz\u00edt\u0151 b\u00e1rmely \u00e9tkez\u0151be.<\/p>\n<p><strong>M\u00e9retek:\u00a0<\/strong>Sz\u00e9less\u00e9g: 120 cm, M\u00e9lys\u00e9g: 75 cm, Magass\u00e1g: 75 cm<\/p>\n","protected":false},"featured_media":61752,"comment_status":"open","ping_status":"closed","template":"","meta":{"_seopress_robots_primary_cat":"","_seopress_titles_title":"","_seopress_titles_desc":"","_seopress_robots_index":"","_kadence_starter_templates_imported_post":false,"_swpsp_post_exclude":false,"_kad_post_transparent":"default","_kad_post_title":"","_kad_post_layout":"default","_kad_post_sidebar_id":"","_kad_post_content_style":"default","_kad_post_vertical_padding":"default","_kad_post_feature":"","_kad_post_feature_position":"","_kad_post_header":false,"_kad_post_footer":false,"_kad_post_classname":""},"product_brand":[],"product_cat":[27,320],"product_tag":[],"class_list":{"0":"post-61751","1":"product","2":"type-product","3":"status-publish","4":"has-post-thumbnail","6":"product_cat-etkezo","7":"product_cat-keszlet","8":"product_shipping_class-kistermekek","10":"first","11":"instock","12":"taxable","13":"shipping-taxable","14":"purchasable","15":"product-type-simple","16":"entry","17":"content-bg","18":"loop-entry"},"translation":{"provider":"WPGlobus","version":"3.0.2","language":"de","enabled_languages":["hu","en","de"],"languages":{"hu":{"title":true,"content":true,"excerpt":true},"en":{"title":false,"content":false,"excerpt":false},"de":{"title":false,"content":false,"excerpt":false}}},"_links":{"self":[{"href":"https:\/\/butorpont.com\/de\/wp-json\/wp\/v2\/product\/61751","targetHints":{"allow":["GET"]}}],"collection":[{"href":"https:\/\/butorpont.com\/de\/wp-json\/wp\/v2\/product"}],"about":[{"href":"https:\/\/butorpont.com\/de\/wp-json\/wp\/v2\/types\/product"}],"replies":[{"embeddable":true,"href":"https:\/\/butorpont.com\/de\/wp-json\/wp\/v2\/comments?post=61751"}],"wp:featuredmedia":[{"embeddable":true,"href":"https:\/\/butorpont.com\/de\/wp-json\/wp\/v2\/media\/61752"}],"wp:attachment":[{"href":"https:\/\/butorpont.com\/de\/wp-json\/wp\/v2\/media?parent=61751"}],"wp:term":[{"taxonomy":"product_brand","embeddable":true,"href":"https:\/\/butorpont.com\/de\/wp-json\/wp\/v2\/product_brand?post=61751"},{"taxonomy":"product_cat","embeddable":true,"href":"https:\/\/butorpont.com\/de\/wp-json\/wp\/v2\/product_cat?post=61751"},{"taxonomy":"product_tag","embeddable":true,"href":"https:\/\/butorpont.com\/de\/wp-json\/wp\/v2\/product_tag?post=61751"}],"curies":[{"name":"wp","href":"https:\/\/api.w.org\/{rel}","templated":true}]}}