{"id":61727,"date":"2026-01-17T10:41:59","date_gmt":"2026-01-17T09:41:59","guid":{"rendered":"https:\/\/butorpont.com\/?post_type=product&#038;p=61727"},"modified":"2026-01-21T14:36:44","modified_gmt":"2026-01-21T13:36:44","slug":"rubi-etkezoszek-zold","status":"publish","type":"product","link":"https:\/\/butorpont.com\/de\/termek\/rubi-etkezoszek-zold\/","title":{"rendered":"Rubi \u00c9tkez\u0151sz\u00e9k &#8211; Z\u00f6ld"},"content":{"rendered":"<p>Ez a modern k\u00e1rpitos \u00e9tkez\u0151sz\u00e9k st\u00edlusos megjelen\u00e9s\u00e9vel \u00e9s k\u00e9nyelmes \u00fcl\u0151fel\u00fclet\u00e9vel t\u00f6k\u00e9letes v\u00e1laszt\u00e1s b\u00e1rmely otthonba vagy \u00e9tkez\u0151be. A fekete porsz\u00f3rt f\u00e9m l\u00e1bak stabil tart\u00e1st biztos\u00edtanak, mik\u00f6zben eleg\u00e1ns kontrasztot k\u00e9peznek a k\u00e1rpit sz\u00edn\u00e9vel. A sz\u00e9k ergonomikus \u00edv\u0171 h\u00e1tt\u00e1ml\u00e1ja hosszabb \u00e9tkez\u00e9sek vagy besz\u00e9lget\u00e9sek sor\u00e1n is maxim\u00e1lis komfortot ny\u00fajt. Strapab\u00edr\u00f3, k\u00f6nnyen tiszt\u00edthat\u00f3 k\u00e1rpitja miatt praktikus \u00e9s eszt\u00e9tikus megold\u00e1s mindennapi haszn\u00e1latra is.<\/p>\n","protected":false},"excerpt":{"rendered":"<p>Eleg\u00e1ns k\u00e1rpitos \u00e9tkez\u0151sz\u00e9k fekete f\u00e9m l\u00e1bakkal, modern otthonokba. K\u00e9nyelmes kialak\u00edt\u00e1s, strapab\u00edr\u00f3 szerkezet \u00e9s puha k\u00e1rpitoz\u00e1s a mindennapi haszn\u00e1lathoz.<\/p>\n","protected":false},"featured_media":61728,"comment_status":"open","ping_status":"closed","template":"","meta":{"_seopress_robots_primary_cat":"","_seopress_titles_title":"","_seopress_titles_desc":"","_seopress_robots_index":"","_kadence_starter_templates_imported_post":false,"_swpsp_post_exclude":false,"_kad_post_transparent":"default","_kad_post_title":"","_kad_post_layout":"default","_kad_post_sidebar_id":"","_kad_post_content_style":"default","_kad_post_vertical_padding":"default","_kad_post_feature":"","_kad_post_feature_position":"","_kad_post_header":false,"_kad_post_footer":false,"_kad_post_classname":""},"product_brand":[],"product_cat":[27],"product_tag":[],"class_list":{"0":"post-61727","1":"product","2":"type-product","3":"status-publish","4":"has-post-thumbnail","6":"product_cat-etkezo","7":"product_shipping_class-kistermekek","9":"first","10":"instock","11":"taxable","12":"shipping-taxable","13":"purchasable","14":"product-type-simple","15":"entry","16":"content-bg","17":"loop-entry"},"translation":{"provider":"WPGlobus","version":"3.0.2","language":"de","enabled_languages":["hu","en","de"],"languages":{"hu":{"title":true,"content":true,"excerpt":true},"en":{"title":false,"content":false,"excerpt":false},"de":{"title":false,"content":false,"excerpt":false}}},"_links":{"self":[{"href":"https:\/\/butorpont.com\/de\/wp-json\/wp\/v2\/product\/61727","targetHints":{"allow":["GET"]}}],"collection":[{"href":"https:\/\/butorpont.com\/de\/wp-json\/wp\/v2\/product"}],"about":[{"href":"https:\/\/butorpont.com\/de\/wp-json\/wp\/v2\/types\/product"}],"replies":[{"embeddable":true,"href":"https:\/\/butorpont.com\/de\/wp-json\/wp\/v2\/comments?post=61727"}],"wp:featuredmedia":[{"embeddable":true,"href":"https:\/\/butorpont.com\/de\/wp-json\/wp\/v2\/media\/61728"}],"wp:attachment":[{"href":"https:\/\/butorpont.com\/de\/wp-json\/wp\/v2\/media?parent=61727"}],"wp:term":[{"taxonomy":"product_brand","embeddable":true,"href":"https:\/\/butorpont.com\/de\/wp-json\/wp\/v2\/product_brand?post=61727"},{"taxonomy":"product_cat","embeddable":true,"href":"https:\/\/butorpont.com\/de\/wp-json\/wp\/v2\/product_cat?post=61727"},{"taxonomy":"product_tag","embeddable":true,"href":"https:\/\/butorpont.com\/de\/wp-json\/wp\/v2\/product_tag?post=61727"}],"curies":[{"name":"wp","href":"https:\/\/api.w.org\/{rel}","templated":true}]}}