{"id":57444,"date":"2025-12-21T23:12:52","date_gmt":"2025-12-21T22:12:52","guid":{"rendered":"https:\/\/butorpont.com\/?post_type=product&#038;p=57444"},"modified":"2026-01-21T14:48:57","modified_gmt":"2026-01-21T13:48:57","slug":"versailles-bis-puff","status":"publish","type":"product","link":"https:\/\/butorpont.com\/de\/termek\/versailles-bis-puff\/","title":{"rendered":"Versailles Bis Puff"},"content":{"rendered":"<p data-start=\"133\" data-end=\"395\">A puff praktikus \u00e9s sokoldal\u00fa kieg\u00e9sz\u00edt\u0151je a kanap\u00e9nak, amely extra k\u00e9nyelmet \u00e9s funkcionalit\u00e1st biztos\u00edt a mindennapokban. Haszn\u00e1lhat\u00f3 l\u00e1btart\u00f3k\u00e9nt, alkalmi \u00fcl\u0151helyk\u00e9nt vagy a kanap\u00e9 meghosszabb\u00edt\u00e1sak\u00e9nt, \u00edgy hozz\u00e1j\u00e1rul a pihentet\u0151bb, komfortosabb haszn\u00e1lathoz.<\/p>\n<p data-start=\"397\" data-end=\"625\">A puff <strong data-start=\"404\" data-end=\"443\">t\u00f6bbf\u00e9le sz\u00ednben \u00e9s sz\u00f6vetk\u00e1rpittal<\/strong> \u00e9rhet\u0151 el, \u00edgy k\u00f6nnyed\u00e9n harmoniz\u00e1l a kanap\u00e9val \u00e9s az enteri\u0151r st\u00edlus\u00e1val. Stabil kialak\u00edt\u00e1sa \u00e9s min\u0151s\u00e9gi anyaghaszn\u00e1lata hossz\u00fa t\u00e1von is megb\u00edzhat\u00f3, k\u00e9nyelmes haszn\u00e1latot biztos\u00edt.<\/p>\n<p data-start=\"627\" data-end=\"769\">Letisztult formavil\u00e1g\u00e1nak k\u00f6sz\u00f6nhet\u0151en modern \u00e9s klasszikus k\u00f6rnyezetben egyar\u00e1nt j\u00f3l mutat, praktikus v\u00e1laszt\u00e1s nappaliba vagy pihen\u0151sarokba.<\/p>\n","protected":false},"excerpt":{"rendered":"<p>M\u00e9retek: 80 cm sz\u00e9les, 74 cm m\u00e9ly, 48 cm magas. T\u00f6bbf\u00e9le sz\u00ednben \u00e9s sz\u00f6vettel rendelhet\u0151.<\/p>\n","protected":false},"featured_media":57663,"comment_status":"open","ping_status":"closed","template":"","meta":{"_seopress_robots_primary_cat":"","_seopress_titles_title":"","_seopress_titles_desc":"","_seopress_robots_index":"","_kadence_starter_templates_imported_post":true,"_swpsp_post_exclude":false,"_kad_post_transparent":"default","_kad_post_title":"","_kad_post_layout":"default","_kad_post_sidebar_id":"","_kad_post_content_style":"default","_kad_post_vertical_padding":"default","_kad_post_feature":"","_kad_post_feature_position":"","_kad_post_header":false,"_kad_post_footer":false,"_kad_post_classname":""},"product_brand":[],"product_cat":[26,274],"product_tag":[],"class_list":{"0":"post-57444","1":"product","2":"type-product","3":"status-publish","4":"has-post-thumbnail","6":"product_cat-nappali","7":"product_cat-puffok","8":"product_shipping_class-kistermekek","10":"first","11":"instock","12":"taxable","13":"shipping-taxable","14":"purchasable","15":"product-type-variable","16":"entry","17":"content-bg","18":"loop-entry"},"translation":{"provider":"WPGlobus","version":"3.0.2","language":"de","enabled_languages":["hu","en","de"],"languages":{"hu":{"title":true,"content":true,"excerpt":true},"en":{"title":false,"content":false,"excerpt":false},"de":{"title":false,"content":false,"excerpt":false}}},"_links":{"self":[{"href":"https:\/\/butorpont.com\/de\/wp-json\/wp\/v2\/product\/57444","targetHints":{"allow":["GET"]}}],"collection":[{"href":"https:\/\/butorpont.com\/de\/wp-json\/wp\/v2\/product"}],"about":[{"href":"https:\/\/butorpont.com\/de\/wp-json\/wp\/v2\/types\/product"}],"replies":[{"embeddable":true,"href":"https:\/\/butorpont.com\/de\/wp-json\/wp\/v2\/comments?post=57444"}],"wp:featuredmedia":[{"embeddable":true,"href":"https:\/\/butorpont.com\/de\/wp-json\/wp\/v2\/media\/57663"}],"wp:attachment":[{"href":"https:\/\/butorpont.com\/de\/wp-json\/wp\/v2\/media?parent=57444"}],"wp:term":[{"taxonomy":"product_brand","embeddable":true,"href":"https:\/\/butorpont.com\/de\/wp-json\/wp\/v2\/product_brand?post=57444"},{"taxonomy":"product_cat","embeddable":true,"href":"https:\/\/butorpont.com\/de\/wp-json\/wp\/v2\/product_cat?post=57444"},{"taxonomy":"product_tag","embeddable":true,"href":"https:\/\/butorpont.com\/de\/wp-json\/wp\/v2\/product_tag?post=57444"}],"curies":[{"name":"wp","href":"https:\/\/api.w.org\/{rel}","templated":true}]}}