{"id":54349,"date":"2025-12-21T16:36:36","date_gmt":"2025-12-21T15:36:36","guid":{"rendered":"https:\/\/butorpont.com\/?post_type=product&#038;p=54349"},"modified":"2026-01-21T15:01:12","modified_gmt":"2026-01-21T14:01:12","slug":"chesty-puff","status":"publish","type":"product","link":"https:\/\/butorpont.com\/de\/termek\/chesty-puff\/","title":{"rendered":"Chesty Puff"},"content":{"rendered":"<p data-start=\"105\" data-end=\"357\">A Chesterfield puff a klasszikus st\u00edlus kifinomult kieg\u00e9sz\u00edt\u0151je, amely t\u00f6k\u00e9letesen harmoniz\u00e1l a Chesterfield kanap\u00e9kkal \u00e9s fotelekkel. Jellegzetes, gombolt kialak\u00edt\u00e1sa id\u0151t\u00e1ll\u00f3 eleganci\u00e1t sug\u00e1roz, mik\u00f6zben praktikus funkci\u00f3t is bet\u00f6lt a mindennapokban.<\/p>\n<p data-start=\"359\" data-end=\"608\">Haszn\u00e1lhat\u00f3 <strong data-start=\"371\" data-end=\"438\">l\u00e1btart\u00f3k\u00e9nt, alkalmi \u00fcl\u0151helyk\u00e9nt vagy dekorat\u00edv b\u00fatordarabk\u00e9nt<\/strong>, amely tov\u00e1bb n\u00f6veli a komfort\u00e9rzetet. A puff <strong data-start=\"485\" data-end=\"524\">t\u00f6bbf\u00e9le sz\u00ednben \u00e9s sz\u00f6vetk\u00e1rpittal<\/strong> \u00e9rhet\u0151 el, \u00edgy k\u00f6nnyed\u00e9n az enteri\u0151r st\u00edlus\u00e1hoz \u00e9s az egy\u00e9ni ig\u00e9nyekhez igaz\u00edthat\u00f3.<\/p>\n<p data-start=\"610\" data-end=\"782\">Massz\u00edv szerkezete \u00e9s min\u0151s\u00e9gi anyaghaszn\u00e1lata hossz\u00fa t\u00e1von is megb\u00edzhat\u00f3, k\u00e9nyelmes haszn\u00e1latot biztos\u00edt, mik\u00f6zben a Chesterfield formavil\u00e1g eleg\u00e1ns karaktert ad a t\u00e9rnek.<\/p>\n","protected":false},"excerpt":{"rendered":"<p>M\u00e9retek: 80 cm sz\u00e9les, 80 cm m\u00e9ly, 45 cm magas. T\u00f6bbf\u00e9le sz\u00ednben \u00e9s sz\u00f6vettel rendelhet\u0151.<\/p>\n","protected":false},"featured_media":54568,"comment_status":"open","ping_status":"closed","template":"","meta":{"_seopress_robots_primary_cat":"","_seopress_titles_title":"","_seopress_titles_desc":"","_seopress_robots_index":"","_kadence_starter_templates_imported_post":true,"_swpsp_post_exclude":false,"_kad_post_transparent":"default","_kad_post_title":"","_kad_post_layout":"default","_kad_post_sidebar_id":"","_kad_post_content_style":"default","_kad_post_vertical_padding":"default","_kad_post_feature":"","_kad_post_feature_position":"","_kad_post_header":false,"_kad_post_footer":false,"_kad_post_classname":""},"product_brand":[],"product_cat":[26,274],"product_tag":[],"class_list":{"0":"post-54349","1":"product","2":"type-product","3":"status-publish","4":"has-post-thumbnail","6":"product_cat-nappali","7":"product_cat-puffok","8":"product_shipping_class-kistermekek","10":"first","11":"instock","12":"taxable","13":"shipping-taxable","14":"purchasable","15":"product-type-variable","16":"entry","17":"content-bg","18":"loop-entry"},"translation":{"provider":"WPGlobus","version":"3.0.2","language":"de","enabled_languages":["hu","en","de"],"languages":{"hu":{"title":true,"content":true,"excerpt":true},"en":{"title":false,"content":false,"excerpt":false},"de":{"title":false,"content":false,"excerpt":false}}},"_links":{"self":[{"href":"https:\/\/butorpont.com\/de\/wp-json\/wp\/v2\/product\/54349","targetHints":{"allow":["GET"]}}],"collection":[{"href":"https:\/\/butorpont.com\/de\/wp-json\/wp\/v2\/product"}],"about":[{"href":"https:\/\/butorpont.com\/de\/wp-json\/wp\/v2\/types\/product"}],"replies":[{"embeddable":true,"href":"https:\/\/butorpont.com\/de\/wp-json\/wp\/v2\/comments?post=54349"}],"wp:featuredmedia":[{"embeddable":true,"href":"https:\/\/butorpont.com\/de\/wp-json\/wp\/v2\/media\/54568"}],"wp:attachment":[{"href":"https:\/\/butorpont.com\/de\/wp-json\/wp\/v2\/media?parent=54349"}],"wp:term":[{"taxonomy":"product_brand","embeddable":true,"href":"https:\/\/butorpont.com\/de\/wp-json\/wp\/v2\/product_brand?post=54349"},{"taxonomy":"product_cat","embeddable":true,"href":"https:\/\/butorpont.com\/de\/wp-json\/wp\/v2\/product_cat?post=54349"},{"taxonomy":"product_tag","embeddable":true,"href":"https:\/\/butorpont.com\/de\/wp-json\/wp\/v2\/product_tag?post=54349"}],"curies":[{"name":"wp","href":"https:\/\/api.w.org\/{rel}","templated":true}]}}