{"id":48363,"date":"2025-12-20T18:37:11","date_gmt":"2025-12-20T17:37:11","guid":{"rendered":"https:\/\/butorpont.com\/?post_type=product&#038;p=48363"},"modified":"2026-01-21T15:15:25","modified_gmt":"2026-01-21T14:15:25","slug":"oxford-fotel","status":"publish","type":"product","link":"https:\/\/butorpont.com\/de\/termek\/oxford-fotel\/","title":{"rendered":"Oxford Fotel"},"content":{"rendered":"<p data-start=\"109\" data-end=\"362\">A Chesterfield fotel a <strong data-start=\"132\" data-end=\"175\">klasszikus elegancia \u00e9s id\u0151t\u00e1ll\u00f3 st\u00edlus<\/strong> ikonikus darabja. Jellegzetes, gombolt h\u00e1tt\u00e1ml\u00e1ja \u00e9s karf\u00e1ja karakteres megjelen\u00e9st biztos\u00edt, amely \u00f6n\u00e1ll\u00f3 b\u00fatordarabk\u00e9nt \u00e9s kanap\u00e9k kieg\u00e9sz\u00edt\u00e9sek\u00e9nt is meghat\u00e1roz\u00f3 eleme lehet a t\u00e9rnek.<\/p>\n<ul>\n<li data-start=\"490\" data-end=\"524\">\n<p data-start=\"492\" data-end=\"524\"><strong data-start=\"492\" data-end=\"508\">Sz\u00e9less\u00e9g:<\/strong> 98 cm<\/p>\n<\/li>\n<li data-start=\"490\" data-end=\"524\"><strong>M\u00e9lys\u00e9g:<\/strong> 87 cm<\/li>\n<li data-start=\"490\" data-end=\"524\">\n<p data-start=\"492\" data-end=\"524\"><strong>Magass\u00e1g:<\/strong> 77 cm<\/p>\n<\/li>\n<li data-start=\"490\" data-end=\"524\">\n<p data-start=\"492\" data-end=\"524\"><strong>\u00dcl\u0151magass\u00e1g:<\/strong> 50 cm<\/p>\n<\/li>\n<li data-start=\"490\" data-end=\"524\">\n<p data-start=\"492\" data-end=\"524\"><strong>L\u00e1b magass\u00e1g:<\/strong> 13 cm<\/p>\n<\/li>\n<\/ul>\n<p data-start=\"364\" data-end=\"625\">A fotel <strong data-start=\"372\" data-end=\"411\">t\u00f6bbf\u00e9le sz\u00ednben \u00e9s sz\u00f6vetk\u00e1rpittal<\/strong> \u00e9rhet\u0151 el, \u00edgy k\u00f6nnyed\u00e9n az enteri\u0151r st\u00edlus\u00e1hoz \u00e9s az egy\u00e9ni ig\u00e9nyekhez igaz\u00edthat\u00f3. K\u00e9nyelmes \u00fcl\u0151fel\u00fclete, massz\u00edv szerkezete \u00e9s min\u0151s\u00e9gi anyaghaszn\u00e1lata hossz\u00fa t\u00e1von is komfortos, megb\u00edzhat\u00f3 haszn\u00e1latot garant\u00e1l.<\/p>\n<p data-start=\"627\" data-end=\"762\">Klasszikus \u00e9s modern k\u00f6rnyezetben egyar\u00e1nt j\u00f3l mutat, ide\u00e1lis v\u00e1laszt\u00e1s nappaliba, dolgoz\u00f3szob\u00e1ba, irod\u00e1ba vagy eleg\u00e1ns v\u00e1r\u00f3helyis\u00e9gbe.<\/p>\n","protected":false},"excerpt":{"rendered":"<p>A Chesterfield fotel eleg\u00e1ns, klasszikus megjelen\u00e9s\u0171 \u00fcl\u0151b\u00fator, jellegzetes m\u00e9ly gombos k\u00e1rpitoz\u00e1ssal \u00e9s \u00edvelt kart\u00e1masszal. Luxus hat\u00e1s\u00fa kialak\u00edt\u00e1sa egyedi karaktert k\u00f6lcs\u00f6n\u00f6z b\u00e1rmely enteri\u0151rnek. T\u00f6bbf\u00e9le sz\u00ednben \u00e9s sz\u00f6vettel rendelhet\u0151.<\/p>\n","protected":false},"featured_media":48582,"comment_status":"open","ping_status":"closed","template":"","meta":{"_seopress_robots_primary_cat":"","_seopress_titles_title":"","_seopress_titles_desc":"","_seopress_robots_index":"","_kadence_starter_templates_imported_post":true,"_swpsp_post_exclude":false,"_kad_post_transparent":"default","_kad_post_title":"","_kad_post_layout":"default","_kad_post_sidebar_id":"","_kad_post_content_style":"default","_kad_post_vertical_padding":"default","_kad_post_feature":"","_kad_post_feature_position":"","_kad_post_header":false,"_kad_post_footer":false,"_kad_post_classname":""},"product_brand":[],"product_cat":[269,26],"product_tag":[],"class_list":{"0":"post-48363","1":"product","2":"type-product","3":"status-publish","4":"has-post-thumbnail","6":"product_cat-fotelek","7":"product_cat-nappali","8":"product_shipping_class-kistermekek","10":"first","11":"instock","12":"taxable","13":"shipping-taxable","14":"purchasable","15":"product-type-variable","16":"entry","17":"content-bg","18":"loop-entry"},"translation":{"provider":"WPGlobus","version":"3.0.2","language":"de","enabled_languages":["hu","en","de"],"languages":{"hu":{"title":true,"content":true,"excerpt":true},"en":{"title":false,"content":false,"excerpt":false},"de":{"title":false,"content":false,"excerpt":false}}},"_links":{"self":[{"href":"https:\/\/butorpont.com\/de\/wp-json\/wp\/v2\/product\/48363","targetHints":{"allow":["GET"]}}],"collection":[{"href":"https:\/\/butorpont.com\/de\/wp-json\/wp\/v2\/product"}],"about":[{"href":"https:\/\/butorpont.com\/de\/wp-json\/wp\/v2\/types\/product"}],"replies":[{"embeddable":true,"href":"https:\/\/butorpont.com\/de\/wp-json\/wp\/v2\/comments?post=48363"}],"wp:featuredmedia":[{"embeddable":true,"href":"https:\/\/butorpont.com\/de\/wp-json\/wp\/v2\/media\/48582"}],"wp:attachment":[{"href":"https:\/\/butorpont.com\/de\/wp-json\/wp\/v2\/media?parent=48363"}],"wp:term":[{"taxonomy":"product_brand","embeddable":true,"href":"https:\/\/butorpont.com\/de\/wp-json\/wp\/v2\/product_brand?post=48363"},{"taxonomy":"product_cat","embeddable":true,"href":"https:\/\/butorpont.com\/de\/wp-json\/wp\/v2\/product_cat?post=48363"},{"taxonomy":"product_tag","embeddable":true,"href":"https:\/\/butorpont.com\/de\/wp-json\/wp\/v2\/product_tag?post=48363"}],"curies":[{"name":"wp","href":"https:\/\/api.w.org\/{rel}","templated":true}]}}