{"id":39050,"date":"2025-12-20T12:30:51","date_gmt":"2025-12-20T11:30:51","guid":{"rendered":"https:\/\/butorpont.com\/?post_type=product&#038;p=39050"},"modified":"2026-01-21T17:06:36","modified_gmt":"2026-01-21T16:06:36","slug":"york-sofa","status":"publish","type":"product","link":"https:\/\/butorpont.com\/de\/termek\/york-sofa\/","title":{"rendered":"York Sofa"},"content":{"rendered":"<p data-start=\"134\" data-end=\"392\">A Chesterfield \u00e1gyazhat\u00f3 kanap\u00e9 a <strong data-start=\"168\" data-end=\"222\">klasszikus elegancia \u00e9s a praktikus funkcionalit\u00e1s<\/strong> t\u00f6k\u00e9letes \u00f6tv\u00f6zete. Jellegzetes, gombolt h\u00e1tt\u00e1ml\u00e1ja \u00e9s karf\u00e1ja id\u0151t\u00e1ll\u00f3 megjelen\u00e9st k\u00f6lcs\u00f6n\u00f6z, amely klasszikus \u00e9s modern enteri\u0151r\u00f6kben egyar\u00e1nt hangs\u00falyos elemm\u00e9 v\u00e1lik.<\/p>\n<ul>\n<li data-start=\"490\" data-end=\"524\">\n<p data-start=\"492\" data-end=\"524\"><strong data-start=\"492\" data-end=\"508\">3 szem\u00e9lyes:<\/strong> 203 cm sz\u00e9les, \u00e1gyazhat\u00f3<\/p>\n<\/li>\n<li data-start=\"490\" data-end=\"524\">M\u00e9lys\u00e9g: 86 cm<\/li>\n<li data-start=\"490\" data-end=\"524\">\n<p data-start=\"492\" data-end=\"524\">Magass\u00e1g: 72 cm<\/p>\n<\/li>\n<li data-start=\"490\" data-end=\"524\">\n<p data-start=\"492\" data-end=\"524\">\u00dcl\u0151magass\u00e1g: 45 cm<\/p>\n<\/li>\n<li data-start=\"490\" data-end=\"524\">\n<p data-start=\"492\" data-end=\"524\">L\u00e1b magass\u00e1g: 8 cm<\/p>\n<\/li>\n<li data-start=\"490\" data-end=\"524\">\n<p data-start=\"492\" data-end=\"524\"><strong data-start=\"527\" data-end=\"543\">3 szem\u00e9lyes:<\/strong> 203 cm sz\u00e9les<\/p>\n<\/li>\n<li data-start=\"490\" data-end=\"524\">M\u00e9lys\u00e9g: 86 cm<\/li>\n<li data-start=\"490\" data-end=\"524\">\n<p data-start=\"492\" data-end=\"524\">Magass\u00e1g: 72 cm<\/p>\n<\/li>\n<li data-start=\"490\" data-end=\"524\">\n<p data-start=\"492\" data-end=\"524\">\u00dcl\u0151magass\u00e1g: 45 cm<\/p>\n<\/li>\n<li data-start=\"490\" data-end=\"524\">\n<p data-start=\"492\" data-end=\"524\">L\u00e1b magass\u00e1g: 8 cm<\/p>\n<\/li>\n<li data-start=\"490\" data-end=\"524\"><strong>2 szem\u00e9lyes:<\/strong> 148 cm sz\u00e9les, \u00e1gyazhat\u00f3<\/li>\n<li data-start=\"490\" data-end=\"524\">M\u00e9lys\u00e9g: 86 cm<\/li>\n<li data-start=\"490\" data-end=\"524\">Magass\u00e1g: 72 cm<\/li>\n<li data-start=\"490\" data-end=\"524\">\u00dcl\u0151magass\u00e1g: 45 cm<\/li>\n<li data-start=\"490\" data-end=\"524\">L\u00e1b magass\u00e1g: 8 cm<\/li>\n<li data-start=\"490\" data-end=\"524\"><strong>2 szem\u00e9lyes: \u00a0<\/strong>148 cm sz\u00e9les<\/li>\n<li data-start=\"490\" data-end=\"524\">M\u00e9lys\u00e9g: 86 cm<\/li>\n<li data-start=\"490\" data-end=\"524\">Magass\u00e1g: 72 cm<\/li>\n<li data-start=\"490\" data-end=\"524\">\u00dcl\u0151magass\u00e1g: 45 cm<\/li>\n<li data-start=\"490\" data-end=\"524\">L\u00e1b magass\u00e1g: 8 cm<\/li>\n<\/ul>\n<p data-start=\"394\" data-end=\"641\">\u00c1gyazhat\u00f3 kialak\u00edt\u00e1s\u00e1nak k\u00f6sz\u00f6nhet\u0151en nappal k\u00e9nyelmes \u00fcl\u0151b\u00fator, sz\u00fcks\u00e9g eset\u00e9n pedig praktikus fekv\u0151fel\u00fcletet biztos\u00edt. A kanap\u00e9 <strong data-start=\"524\" data-end=\"563\">t\u00f6bbf\u00e9le sz\u00ednben \u00e9s sz\u00f6vetk\u00e1rpittal<\/strong> \u00e9rhet\u0151 el, \u00edgy k\u00f6nnyed\u00e9n a t\u00e9r st\u00edlus\u00e1hoz \u00e9s az egy\u00e9ni ig\u00e9nyekhez igaz\u00edthat\u00f3.<\/p>\n<p data-start=\"643\" data-end=\"820\">Massz\u00edv szerkezete \u00e9s min\u0151s\u00e9gi anyaghaszn\u00e1lata hossz\u00fa t\u00e1von is megb\u00edzhat\u00f3, komfortos haszn\u00e1latot garant\u00e1l, mik\u00f6zben a Chesterfield formavil\u00e1g eleg\u00e1ns karaktert ad a helyis\u00e9gnek.<\/p>\n","protected":false},"excerpt":{"rendered":"<p>A Chesterfield \u00e1gyazhat\u00f3 kanap\u00e9 klasszikus, gombokkal d\u00edsz\u00edtett, eleg\u00e1ns st\u00edlus\u00fa \u00fcl\u0151b\u00fator, amely sz\u00fcks\u00e9g eset\u00e9n k\u00e9nyelmes \u00e1ggy\u00e1 alak\u00edthat\u00f3. T\u00f6k\u00e9letes v\u00e1laszt\u00e1s azok sz\u00e1m\u00e1ra, akik a luxus megjelen\u00e9st praktikus funkci\u00f3val szeretn\u00e9k \u00f6tv\u00f6zni.<\/p>\n","protected":false},"featured_media":39269,"comment_status":"open","ping_status":"closed","template":"","meta":{"_seopress_robots_primary_cat":"","_seopress_titles_title":"","_seopress_titles_desc":"","_seopress_robots_index":"","_kadence_starter_templates_imported_post":true,"_swpsp_post_exclude":false,"_kad_post_transparent":"default","_kad_post_title":"","_kad_post_layout":"default","_kad_post_sidebar_id":"","_kad_post_content_style":"default","_kad_post_vertical_padding":"default","_kad_post_feature":"","_kad_post_feature_position":"","_kad_post_header":false,"_kad_post_footer":false,"_kad_post_classname":""},"product_brand":[],"product_cat":[26,272],"product_tag":[],"class_list":{"0":"post-39050","1":"product","2":"type-product","3":"status-publish","4":"has-post-thumbnail","6":"product_cat-nappali","7":"product_cat-ulogarnitura","8":"product_shipping_class-kistermekek","10":"first","11":"instock","12":"taxable","13":"shipping-taxable","14":"purchasable","15":"product-type-variable","16":"entry","17":"content-bg","18":"loop-entry"},"translation":{"provider":"WPGlobus","version":"3.0.2","language":"de","enabled_languages":["hu","en","de"],"languages":{"hu":{"title":true,"content":true,"excerpt":true},"en":{"title":false,"content":false,"excerpt":false},"de":{"title":false,"content":false,"excerpt":false}}},"_links":{"self":[{"href":"https:\/\/butorpont.com\/de\/wp-json\/wp\/v2\/product\/39050","targetHints":{"allow":["GET"]}}],"collection":[{"href":"https:\/\/butorpont.com\/de\/wp-json\/wp\/v2\/product"}],"about":[{"href":"https:\/\/butorpont.com\/de\/wp-json\/wp\/v2\/types\/product"}],"replies":[{"embeddable":true,"href":"https:\/\/butorpont.com\/de\/wp-json\/wp\/v2\/comments?post=39050"}],"wp:featuredmedia":[{"embeddable":true,"href":"https:\/\/butorpont.com\/de\/wp-json\/wp\/v2\/media\/39269"}],"wp:attachment":[{"href":"https:\/\/butorpont.com\/de\/wp-json\/wp\/v2\/media?parent=39050"}],"wp:term":[{"taxonomy":"product_brand","embeddable":true,"href":"https:\/\/butorpont.com\/de\/wp-json\/wp\/v2\/product_brand?post=39050"},{"taxonomy":"product_cat","embeddable":true,"href":"https:\/\/butorpont.com\/de\/wp-json\/wp\/v2\/product_cat?post=39050"},{"taxonomy":"product_tag","embeddable":true,"href":"https:\/\/butorpont.com\/de\/wp-json\/wp\/v2\/product_tag?post=39050"}],"curies":[{"name":"wp","href":"https:\/\/api.w.org\/{rel}","templated":true}]}}