{"id":22470,"date":"2025-12-18T22:15:11","date_gmt":"2025-12-18T21:15:11","guid":{"rendered":"https:\/\/butorpont.com\/?post_type=product&#038;p=22470"},"modified":"2026-01-21T17:55:54","modified_gmt":"2026-01-21T16:55:54","slug":"york","status":"publish","type":"product","link":"https:\/\/butorpont.com\/de\/termek\/york\/","title":{"rendered":"York"},"content":{"rendered":"<p data-start=\"157\" data-end=\"449\">Ez a Chesterfield st\u00edlus\u00fa sarokkanap\u00e9 id\u0151t\u00e1ll\u00f3 megjelen\u00e9s\u00e9vel \u00e9s karakteres r\u00e9szleteivel val\u00f3di d\u00edsze lehet a nappalinak. A jellegzetes steppel\u00e9s, az \u00edvelt karf\u00e1k \u00e9s az eleg\u00e1ns vonalvezet\u00e9s klasszikus hangulatot teremtenek, mik\u00f6zben a kanap\u00e9 <strong data-start=\"399\" data-end=\"433\">praktikus \u00e1gyazhat\u00f3 funkci\u00f3val<\/strong> is rendelkezik.<\/p>\n<p data-start=\"451\" data-end=\"737\">A modell <strong data-start=\"460\" data-end=\"491\">nem tartalmaz \u00e1gynem\u0171tart\u00f3t<\/strong>, \u00edgy els\u0151sorban azok sz\u00e1m\u00e1ra ide\u00e1lis, akik egy st\u00edlusos \u00fcl\u0151- \u00e9s fekv\u0151alkalmatoss\u00e1got keresnek vend\u00e9gek fogad\u00e1s\u00e1hoz vagy alkalmi pihen\u00e9shez. K\u00e9nyelmes \u00fcl\u0151fel\u00fclete \u00e9s stabil szerkezete a mindennapi haszn\u00e1lat sor\u00e1n is magas komfort\u00e9rzetet biztos\u00edt.<\/p>\n<p data-start=\"739\" data-end=\"873\">A kanap\u00e9 <strong data-start=\"748\" data-end=\"791\">t\u00f6bbf\u00e9le sz\u00ednben \u00e9s m\u00e9retben rendelhet\u0151<\/strong>, \u00edgy k\u00f6nnyed\u00e9n az enteri\u0151r adotts\u00e1gaihoz \u00e9s az egy\u00e9ni elk\u00e9pzel\u00e9sekhez igaz\u00edthat\u00f3.<\/p>\n<p data-start=\"875\" data-end=\"894\"><strong data-start=\"875\" data-end=\"894\">F\u0151bb jellemz\u0151k:<\/strong><\/p>\n<ul data-start=\"895\" data-end=\"1114\">\n<li data-start=\"895\" data-end=\"939\">\n<p data-start=\"897\" data-end=\"939\">Chesterfield jelleg\u0171, eleg\u00e1ns megjelen\u00e9s<\/p>\n<\/li>\n<li data-start=\"940\" data-end=\"961\">\n<p data-start=\"942\" data-end=\"961\">\u00c1gyazhat\u00f3 kivitel<\/p>\n<\/li>\n<li data-start=\"962\" data-end=\"984\">\n<p data-start=\"964\" data-end=\"984\">Nincs \u00e1gynem\u0171tart\u00f3<\/p>\n<\/li>\n<li data-start=\"985\" data-end=\"1030\">\n<p data-start=\"987\" data-end=\"1030\">K\u00e9nyelmes, p\u00e1rn\u00e1zott \u00fcl\u0151- \u00e9s fekv\u0151fel\u00fclet<\/p>\n<\/li>\n<li data-start=\"1031\" data-end=\"1077\">\n<p data-start=\"1033\" data-end=\"1077\">Klasszikus st\u00edlus modern funkcionalit\u00e1ssal<\/p>\n<\/li>\n<li data-start=\"1078\" data-end=\"1114\">\n<p data-start=\"1080\" data-end=\"1114\">T\u00f6bbf\u00e9le sz\u00edn- \u00e9s m\u00e9retv\u00e1laszt\u00e9k<\/p>\n<\/li>\n<li data-start=\"1078\" data-end=\"1114\">\n<p data-start=\"1080\" data-end=\"1114\"><strong style=\"font-family: var(--global-body-font-family);\" data-start=\"1226\" data-end=\"1240\">Magass\u00e1g: <\/strong><span style=\"font-family: var(--global-body-font-family);\">72<\/span><span style=\"font-family: var(--global-body-font-family);\">\u00a0cm<\/span><\/p>\n<\/li>\n<li data-start=\"1078\" data-end=\"1114\">\n<p data-start=\"1080\" data-end=\"1114\"><strong style=\"font-family: var(--global-body-font-family);\" data-start=\"1226\" data-end=\"1240\">\u00dcl\u0151magass\u00e1g: <\/strong>45<span style=\"font-family: var(--global-body-font-family);\">\u00a0cm<\/span><\/p>\n<\/li>\n<li data-start=\"1078\" data-end=\"1114\">\n<p data-start=\"1080\" data-end=\"1114\"><strong style=\"font-family: var(--global-body-font-family);\" data-start=\"1226\" data-end=\"1240\">L\u00e1b magass\u00e1g: <\/strong>8<span style=\"font-family: var(--global-body-font-family);\">\u00a0<\/span><span style=\"font-family: var(--global-body-font-family);\">cm\u00a0<\/span><\/p>\n<\/li>\n<\/ul>\n<p data-start=\"1116\" data-end=\"1260\">Ide\u00e1lis v\u00e1laszt\u00e1s, ha egy <strong data-start=\"1142\" data-end=\"1198\">exkluz\u00edv megjelen\u00e9s\u0171, \u00e1gyazhat\u00f3 Chesterfield kanap\u00e9t<\/strong> keres, amely egyszerre ny\u00fajt k\u00e9nyelmet \u00e9s st\u00edlust otthon\u00e1ban.<\/p>\n","protected":false},"excerpt":{"rendered":"<p>M\u00e9retek: 255&#215;170. \u00c1gyazhat\u00f3 kanap\u00e9. T\u00f6bbf\u00e9le sz\u00ednben \u00e9s sz\u00f6vettel rendelhet\u0151.<\/p>\n","protected":false},"featured_media":22689,"comment_status":"open","ping_status":"closed","template":"","meta":{"_seopress_robots_primary_cat":"","_seopress_titles_title":"","_seopress_titles_desc":"","_seopress_robots_index":"","_kadence_starter_templates_imported_post":true,"_swpsp_post_exclude":false,"_kad_post_transparent":"default","_kad_post_title":"","_kad_post_layout":"default","_kad_post_sidebar_id":"","_kad_post_content_style":"default","_kad_post_vertical_padding":"default","_kad_post_feature":"","_kad_post_feature_position":"","_kad_post_header":false,"_kad_post_footer":false,"_kad_post_classname":""},"product_brand":[],"product_cat":[26,270],"product_tag":[],"class_list":{"0":"post-22470","1":"product","2":"type-product","3":"status-publish","4":"has-post-thumbnail","6":"product_cat-nappali","7":"product_cat-sarokkanepek","8":"product_shipping_class-nagytermek","10":"first","11":"instock","12":"taxable","13":"shipping-taxable","14":"purchasable","15":"product-type-variable","16":"entry","17":"content-bg","18":"loop-entry"},"translation":{"provider":"WPGlobus","version":"3.0.2","language":"de","enabled_languages":["hu","en","de"],"languages":{"hu":{"title":true,"content":true,"excerpt":true},"en":{"title":false,"content":false,"excerpt":false},"de":{"title":false,"content":false,"excerpt":false}}},"_links":{"self":[{"href":"https:\/\/butorpont.com\/de\/wp-json\/wp\/v2\/product\/22470","targetHints":{"allow":["GET"]}}],"collection":[{"href":"https:\/\/butorpont.com\/de\/wp-json\/wp\/v2\/product"}],"about":[{"href":"https:\/\/butorpont.com\/de\/wp-json\/wp\/v2\/types\/product"}],"replies":[{"embeddable":true,"href":"https:\/\/butorpont.com\/de\/wp-json\/wp\/v2\/comments?post=22470"}],"wp:featuredmedia":[{"embeddable":true,"href":"https:\/\/butorpont.com\/de\/wp-json\/wp\/v2\/media\/22689"}],"wp:attachment":[{"href":"https:\/\/butorpont.com\/de\/wp-json\/wp\/v2\/media?parent=22470"}],"wp:term":[{"taxonomy":"product_brand","embeddable":true,"href":"https:\/\/butorpont.com\/de\/wp-json\/wp\/v2\/product_brand?post=22470"},{"taxonomy":"product_cat","embeddable":true,"href":"https:\/\/butorpont.com\/de\/wp-json\/wp\/v2\/product_cat?post=22470"},{"taxonomy":"product_tag","embeddable":true,"href":"https:\/\/butorpont.com\/de\/wp-json\/wp\/v2\/product_tag?post=22470"}],"curies":[{"name":"wp","href":"https:\/\/api.w.org\/{rel}","templated":true}]}}