{"id":20269,"date":"2025-12-18T21:28:30","date_gmt":"2025-12-18T20:28:30","guid":{"rendered":"https:\/\/butorpont.com\/?post_type=product&#038;p=20269"},"modified":"2026-01-21T22:48:21","modified_gmt":"2026-01-21T21:48:21","slug":"oxford","status":"publish","type":"product","link":"https:\/\/butorpont.com\/de\/termek\/oxford\/","title":{"rendered":"Oxford"},"content":{"rendered":"<p data-start=\"181\" data-end=\"484\">Ez a <strong data-start=\"186\" data-end=\"227\">kism\u00e9ret\u0171 Chesterfield jelleg\u0171 kanap\u00e9<\/strong> az id\u0151tlen elegancia \u00e9s a helytakar\u00e9kos kialak\u00edt\u00e1s t\u00f6k\u00e9letes kombin\u00e1ci\u00f3j\u00e1t k\u00edn\u00e1lja. Jellegzetes steppelt h\u00e1tt\u00e1ml\u00e1ja, gombos r\u00e9szletei \u00e9s form\u00e1s karf\u00e1i exkluz\u00edv megjelen\u00e9st k\u00f6lcs\u00f6n\u00f6znek, amely kis m\u00e9rete ellen\u00e9re a nappali st\u00edlusos k\u00f6zponti elem\u00e9v\u00e9 v\u00e1lik.<\/p>\n<p data-start=\"486\" data-end=\"759\">A kanap\u00e9 <strong data-start=\"495\" data-end=\"512\">nem \u00e1gyazhat\u00f3<\/strong>, \u00e9s <strong data-start=\"517\" data-end=\"552\">nem rendelkezik \u00e1gynem\u0171tart\u00f3val<\/strong>, \u00edgy ide\u00e1lis v\u00e1laszt\u00e1s azoknak, akik egy karakteres, kompakt \u00e9s k\u00e9nyelmes \u00fcl\u0151b\u00fatort keresnek mindennapi haszn\u00e1latra. Stabil szerkezete \u00e9s komfortos p\u00e1rn\u00e1zata hossz\u00fa t\u00e1von is megb\u00edzhat\u00f3 k\u00e9nyelmet biztos\u00edt.<\/p>\n<p data-start=\"761\" data-end=\"887\">A kanap\u00e9 <strong data-start=\"770\" data-end=\"813\">t\u00f6bbf\u00e9le sz\u00ednben \u00e9s m\u00e9retben rendelhet\u0151<\/strong>, \u00edgy k\u00f6nnyen az enteri\u0151r st\u00edlus\u00e1hoz \u00e9s az egy\u00e9ni ig\u00e9nyekhez igaz\u00edthat\u00f3.<\/p>\n<p data-start=\"889\" data-end=\"910\"><strong data-start=\"889\" data-end=\"908\">F\u0151bb jellemz\u0151k:<\/strong><\/p>\n<ul data-start=\"911\" data-end=\"1103\">\n<li data-start=\"911\" data-end=\"961\">\n<p data-start=\"913\" data-end=\"961\">Kism\u00e9ret\u0171, kompakt Chesterfield jelleg\u0171 design<\/p>\n<\/li>\n<li data-start=\"962\" data-end=\"996\">\n<p data-start=\"964\" data-end=\"996\">Komfortos, st\u00edlusos \u00fcl\u0151fel\u00fclet<\/p>\n<\/li>\n<li data-start=\"997\" data-end=\"1014\">\n<p data-start=\"999\" data-end=\"1014\">Nem \u00e1gyazhat\u00f3<\/p>\n<\/li>\n<li data-start=\"1015\" data-end=\"1037\">\n<p data-start=\"1017\" data-end=\"1037\">Nincs \u00e1gynem\u0171tart\u00f3<\/p>\n<\/li>\n<li data-start=\"1038\" data-end=\"1066\">\n<p data-start=\"1040\" data-end=\"1066\">Stabil, tart\u00f3s szerkezet<\/p>\n<\/li>\n<li data-start=\"1067\" data-end=\"1103\">\n<p data-start=\"1069\" data-end=\"1103\">T\u00f6bbf\u00e9le sz\u00edn- \u00e9s m\u00e9retv\u00e1laszt\u00e9k<\/p>\n<\/li>\n<li data-start=\"1067\" data-end=\"1103\">\n<p data-start=\"1069\" data-end=\"1103\"><strong style=\"font-family: var(--global-body-font-family);\" data-start=\"1226\" data-end=\"1240\">Magass\u00e1g:<\/strong> 77<span style=\"font-family: var(--global-body-font-family);\">\u00a0cm<\/span><\/p>\n<\/li>\n<li data-start=\"1067\" data-end=\"1103\">\n<p data-start=\"1069\" data-end=\"1103\"><strong style=\"font-family: var(--global-body-font-family);\" data-start=\"1226\" data-end=\"1240\">\u00dcl\u0151magass\u00e1g: <\/strong>50<span style=\"font-family: var(--global-body-font-family);\">\u00a0cm<\/span><\/p>\n<\/li>\n<li data-start=\"1067\" data-end=\"1103\">\n<p data-start=\"1069\" data-end=\"1103\"><strong style=\"font-family: var(--global-body-font-family);\" data-start=\"1226\" data-end=\"1240\">L\u00e1b magass\u00e1g: <\/strong>13<span style=\"font-family: var(--global-body-font-family);\">\u00a0<\/span><span style=\"font-family: var(--global-body-font-family);\">cm\u00a0<\/span><\/p>\n<\/li>\n<\/ul>\n<p data-start=\"1105\" data-end=\"1226\">Ide\u00e1lis v\u00e1laszt\u00e1s, ha egy kompakt, eleg\u00e1ns \u00e9s karakteres kanap\u00e9t keres, amely a nappali meghat\u00e1roz\u00f3 b\u00fatordarabja lehet.<\/p>\n","protected":false},"excerpt":{"rendered":"<p>M\u00e9ret: 208&#215;208. T\u00f6bbf\u00e9le sz\u00ednben \u00e9s sz\u00f6vettel rendelhet\u0151.<\/p>\n","protected":false},"featured_media":20489,"comment_status":"open","ping_status":"closed","template":"","meta":{"_seopress_robots_primary_cat":"","_seopress_titles_title":"","_seopress_titles_desc":"","_seopress_robots_index":"","_kadence_starter_templates_imported_post":true,"_swpsp_post_exclude":false,"_kad_post_transparent":"default","_kad_post_title":"","_kad_post_layout":"default","_kad_post_sidebar_id":"","_kad_post_content_style":"default","_kad_post_vertical_padding":"default","_kad_post_feature":"","_kad_post_feature_position":"","_kad_post_header":false,"_kad_post_footer":false,"_kad_post_classname":""},"product_brand":[],"product_cat":[26,270],"product_tag":[],"class_list":{"0":"post-20269","1":"product","2":"type-product","3":"status-publish","4":"has-post-thumbnail","6":"product_cat-nappali","7":"product_cat-sarokkanepek","8":"product_shipping_class-nagytermek","10":"first","11":"instock","12":"taxable","13":"shipping-taxable","14":"purchasable","15":"product-type-variable","16":"entry","17":"content-bg","18":"loop-entry"},"translation":{"provider":"WPGlobus","version":"3.0.2","language":"de","enabled_languages":["hu","en","de"],"languages":{"hu":{"title":true,"content":true,"excerpt":true},"en":{"title":false,"content":false,"excerpt":false},"de":{"title":false,"content":false,"excerpt":false}}},"_links":{"self":[{"href":"https:\/\/butorpont.com\/de\/wp-json\/wp\/v2\/product\/20269","targetHints":{"allow":["GET"]}}],"collection":[{"href":"https:\/\/butorpont.com\/de\/wp-json\/wp\/v2\/product"}],"about":[{"href":"https:\/\/butorpont.com\/de\/wp-json\/wp\/v2\/types\/product"}],"replies":[{"embeddable":true,"href":"https:\/\/butorpont.com\/de\/wp-json\/wp\/v2\/comments?post=20269"}],"wp:featuredmedia":[{"embeddable":true,"href":"https:\/\/butorpont.com\/de\/wp-json\/wp\/v2\/media\/20489"}],"wp:attachment":[{"href":"https:\/\/butorpont.com\/de\/wp-json\/wp\/v2\/media?parent=20269"}],"wp:term":[{"taxonomy":"product_brand","embeddable":true,"href":"https:\/\/butorpont.com\/de\/wp-json\/wp\/v2\/product_brand?post=20269"},{"taxonomy":"product_cat","embeddable":true,"href":"https:\/\/butorpont.com\/de\/wp-json\/wp\/v2\/product_cat?post=20269"},{"taxonomy":"product_tag","embeddable":true,"href":"https:\/\/butorpont.com\/de\/wp-json\/wp\/v2\/product_tag?post=20269"}],"curies":[{"name":"wp","href":"https:\/\/api.w.org\/{rel}","templated":true}]}}