{"id":20049,"date":"2025-12-18T21:25:30","date_gmt":"2025-12-18T20:25:30","guid":{"rendered":"https:\/\/butorpont.com\/?post_type=product&#038;p=20049"},"modified":"2026-01-21T22:49:27","modified_gmt":"2026-01-21T21:49:27","slug":"orbit","status":"publish","type":"product","link":"https:\/\/butorpont.com\/de\/termek\/orbit\/","title":{"rendered":"Orbit"},"content":{"rendered":"<p data-start=\"144\" data-end=\"422\">Ez a kism\u00e9ret\u0171 L-alak\u00fa kanap\u00e9 t\u00f6k\u00e9letes v\u00e1laszt\u00e1s, ha k\u00e9nyelmes, ugyanakkor helytakar\u00e9kos \u00fcl\u0151helyre van sz\u00fcks\u00e9ge otthon\u00e1ban. Kompakt kialak\u00edt\u00e1sa ellen\u00e9re lehet\u0151v\u00e9 teszi, hogy egyszerre t\u00f6bb szem\u00e9ly k\u00e9nyelmesen elf\u00e9rjen, \u00edgy ide\u00e1lis kisebb nappalikba vagy vend\u00e9gfogad\u00f3 terekbe.<\/p>\n<p data-start=\"424\" data-end=\"686\">A kanap\u00e9 <strong data-start=\"433\" data-end=\"450\">nem \u00e1gyazhat\u00f3<\/strong>, \u00e9s <strong data-start=\"455\" data-end=\"490\">nem rendelkezik \u00e1gynem\u0171tart\u00f3val<\/strong>, \u00edgy els\u0151sorban azoknak aj\u00e1nlott, akik egy st\u00edlusos, komfortos \u00fcl\u0151b\u00fatort keresnek mindennapi haszn\u00e1latra. Stabil szerkezete \u00e9s k\u00e9nyelmes p\u00e1rn\u00e1zata hossz\u00fa t\u00e1von is megb\u00edzhat\u00f3 k\u00e9nyelmet biztos\u00edt.<\/p>\n<p data-start=\"688\" data-end=\"815\">A kanap\u00e9 <strong data-start=\"697\" data-end=\"741\">t\u00f6bbf\u00e9le sz\u00ednben \u00e9s sz\u00f6vettel rendelhet\u0151<\/strong>, \u00edgy k\u00f6nnyen az enteri\u0151r st\u00edlus\u00e1hoz \u00e9s az egy\u00e9ni ig\u00e9nyekhez igaz\u00edthat\u00f3.<\/p>\n<p data-start=\"817\" data-end=\"838\"><strong data-start=\"817\" data-end=\"836\">F\u0151bb jellemz\u0151k:<\/strong><\/p>\n<ul data-start=\"839\" data-end=\"1034\">\n<li data-start=\"839\" data-end=\"880\">\n<p data-start=\"841\" data-end=\"880\">Kism\u00e9ret\u0171, kompakt L-alak\u00fa kialak\u00edt\u00e1s<\/p>\n<\/li>\n<li data-start=\"881\" data-end=\"926\">\n<p data-start=\"883\" data-end=\"926\">T\u00f6bb szem\u00e9ly sz\u00e1m\u00e1ra k\u00e9nyelmes \u00fcl\u0151fel\u00fclet<\/p>\n<\/li>\n<li data-start=\"927\" data-end=\"944\">\n<p data-start=\"929\" data-end=\"944\">Nem \u00e1gyazhat\u00f3<\/p>\n<\/li>\n<li data-start=\"945\" data-end=\"967\">\n<p data-start=\"947\" data-end=\"967\">Nincs \u00e1gynem\u0171tart\u00f3<\/p>\n<\/li>\n<li data-start=\"968\" data-end=\"996\">\n<p data-start=\"970\" data-end=\"996\">Stabil, tart\u00f3s szerkezet<\/p>\n<\/li>\n<li data-start=\"997\" data-end=\"1034\">\n<p data-start=\"999\" data-end=\"1034\">T\u00f6bbf\u00e9le sz\u00edn- \u00e9s sz\u00f6vetv\u00e1laszt\u00e9k<\/p>\n<\/li>\n<li data-start=\"997\" data-end=\"1034\">\n<p data-start=\"999\" data-end=\"1034\"><strong style=\"font-family: var(--global-body-font-family);\" data-start=\"1226\" data-end=\"1240\">Magass\u00e1g: <\/strong><span style=\"font-family: var(--global-body-font-family);\">80<\/span><span style=\"font-family: var(--global-body-font-family);\"> cm<\/span><\/p>\n<\/li>\n<li data-start=\"997\" data-end=\"1034\">\n<p data-start=\"999\" data-end=\"1034\"><strong style=\"font-family: var(--global-body-font-family);\" data-start=\"1226\" data-end=\"1240\">\u00dcl\u0151magass\u00e1g: <\/strong><span style=\"font-family: var(--global-body-font-family);\">44<\/span><span style=\"font-family: var(--global-body-font-family);\"> cm<\/span><\/p>\n<\/li>\n<li data-start=\"997\" data-end=\"1034\">\n<p data-start=\"999\" data-end=\"1034\"><strong style=\"font-family: var(--global-body-font-family);\" data-start=\"1226\" data-end=\"1240\">L\u00e1b magass\u00e1g: <\/strong><span style=\"font-family: var(--global-body-font-family);\">5<\/span><span style=\"font-family: var(--global-body-font-family);\">\u00a0<\/span><span style=\"font-family: var(--global-body-font-family);\">cm\u00a0<\/span><\/p>\n<\/li>\n<\/ul>\n<p data-start=\"1036\" data-end=\"1150\">Ide\u00e1lis v\u00e1laszt\u00e1s, ha egy kompakt, k\u00e9nyelmes \u00e9s st\u00edlusos kanap\u00e9t keres, amely a nappali meghat\u00e1roz\u00f3 eleme lehet.<\/p>\n<hr data-start=\"1152\" data-end=\"1155\" \/>\n","protected":false},"excerpt":{"rendered":"<p>M\u00e9retek: 268&#215;146. T\u00f6bbf\u00e9le sz\u00ednben \u00e9s sz\u00f6vettel rendelhet\u0151.<\/p>\n","protected":false},"featured_media":20268,"comment_status":"open","ping_status":"closed","template":"","meta":{"_seopress_robots_primary_cat":"","_seopress_titles_title":"","_seopress_titles_desc":"","_seopress_robots_index":"","_kadence_starter_templates_imported_post":true,"_swpsp_post_exclude":false,"_kad_post_transparent":"default","_kad_post_title":"","_kad_post_layout":"default","_kad_post_sidebar_id":"","_kad_post_content_style":"default","_kad_post_vertical_padding":"default","_kad_post_feature":"","_kad_post_feature_position":"","_kad_post_header":false,"_kad_post_footer":false,"_kad_post_classname":""},"product_brand":[],"product_cat":[26,270],"product_tag":[],"class_list":{"0":"post-20049","1":"product","2":"type-product","3":"status-publish","4":"has-post-thumbnail","6":"product_cat-nappali","7":"product_cat-sarokkanepek","8":"product_shipping_class-nagytermek","10":"first","11":"instock","12":"taxable","13":"shipping-taxable","14":"purchasable","15":"product-type-variable","16":"entry","17":"content-bg","18":"loop-entry"},"translation":{"provider":"WPGlobus","version":"3.0.2","language":"de","enabled_languages":["hu","en","de"],"languages":{"hu":{"title":true,"content":true,"excerpt":true},"en":{"title":false,"content":false,"excerpt":false},"de":{"title":false,"content":false,"excerpt":false}}},"_links":{"self":[{"href":"https:\/\/butorpont.com\/de\/wp-json\/wp\/v2\/product\/20049","targetHints":{"allow":["GET"]}}],"collection":[{"href":"https:\/\/butorpont.com\/de\/wp-json\/wp\/v2\/product"}],"about":[{"href":"https:\/\/butorpont.com\/de\/wp-json\/wp\/v2\/types\/product"}],"replies":[{"embeddable":true,"href":"https:\/\/butorpont.com\/de\/wp-json\/wp\/v2\/comments?post=20049"}],"wp:featuredmedia":[{"embeddable":true,"href":"https:\/\/butorpont.com\/de\/wp-json\/wp\/v2\/media\/20268"}],"wp:attachment":[{"href":"https:\/\/butorpont.com\/de\/wp-json\/wp\/v2\/media?parent=20049"}],"wp:term":[{"taxonomy":"product_brand","embeddable":true,"href":"https:\/\/butorpont.com\/de\/wp-json\/wp\/v2\/product_brand?post=20049"},{"taxonomy":"product_cat","embeddable":true,"href":"https:\/\/butorpont.com\/de\/wp-json\/wp\/v2\/product_cat?post=20049"},{"taxonomy":"product_tag","embeddable":true,"href":"https:\/\/butorpont.com\/de\/wp-json\/wp\/v2\/product_tag?post=20049"}],"curies":[{"name":"wp","href":"https:\/\/api.w.org\/{rel}","templated":true}]}}