{"id":19828,"date":"2025-12-18T21:20:12","date_gmt":"2025-12-18T20:20:12","guid":{"rendered":"https:\/\/butorpont.com\/?post_type=product&#038;p=19828"},"modified":"2026-01-21T22:50:06","modified_gmt":"2026-01-21T21:50:06","slug":"orbit-u","status":"publish","type":"product","link":"https:\/\/butorpont.com\/de\/termek\/orbit-u\/","title":{"rendered":"Orbit U"},"content":{"rendered":"<p data-start=\"172\" data-end=\"450\">Ez a kism\u00e9ret\u0171 U-alak\u00fa kanap\u00e9 t\u00f6k\u00e9letes v\u00e1laszt\u00e1s, ha k\u00e9nyelmes, ugyanakkor helytakar\u00e9kos \u00fcl\u0151helyre van sz\u00fcks\u00e9ge otthon\u00e1ban. Kompakt kialak\u00edt\u00e1sa ellen\u00e9re lehet\u0151v\u00e9 teszi, hogy egyszerre t\u00f6bb szem\u00e9ly k\u00e9nyelmesen elf\u00e9rjen, \u00edgy ide\u00e1lis kisebb nappalikba vagy vend\u00e9gfogad\u00f3 terekbe.<\/p>\n<p data-start=\"452\" data-end=\"714\">A kanap\u00e9 <strong data-start=\"461\" data-end=\"478\">nem \u00e1gyazhat\u00f3<\/strong>, \u00e9s <strong data-start=\"483\" data-end=\"518\">nem rendelkezik \u00e1gynem\u0171tart\u00f3val<\/strong>, \u00edgy els\u0151sorban azoknak aj\u00e1nlott, akik egy st\u00edlusos, komfortos \u00fcl\u0151b\u00fatort keresnek mindennapi haszn\u00e1latra. Stabil szerkezete \u00e9s k\u00e9nyelmes p\u00e1rn\u00e1zata hossz\u00fa t\u00e1von is megb\u00edzhat\u00f3 k\u00e9nyelmet biztos\u00edt.<\/p>\n<p data-start=\"716\" data-end=\"843\">A kanap\u00e9 <strong data-start=\"725\" data-end=\"769\">t\u00f6bbf\u00e9le sz\u00ednben \u00e9s sz\u00f6vettel rendelhet\u0151<\/strong>, \u00edgy k\u00f6nnyen az enteri\u0151r st\u00edlus\u00e1hoz \u00e9s az egy\u00e9ni ig\u00e9nyekhez igaz\u00edthat\u00f3.<\/p>\n<p data-start=\"845\" data-end=\"866\"><strong data-start=\"845\" data-end=\"864\">F\u0151bb jellemz\u0151k:<\/strong><\/p>\n<ul data-start=\"867\" data-end=\"1062\">\n<li data-start=\"867\" data-end=\"908\">\n<p data-start=\"869\" data-end=\"908\">Kism\u00e9ret\u0171, kompakt U-alak\u00fa kialak\u00edt\u00e1s<\/p>\n<\/li>\n<li data-start=\"909\" data-end=\"954\">\n<p data-start=\"911\" data-end=\"954\">T\u00f6bb szem\u00e9ly sz\u00e1m\u00e1ra k\u00e9nyelmes \u00fcl\u0151fel\u00fclet<\/p>\n<\/li>\n<li data-start=\"955\" data-end=\"972\">\n<p data-start=\"957\" data-end=\"972\">Nem \u00e1gyazhat\u00f3<\/p>\n<\/li>\n<li data-start=\"973\" data-end=\"995\">\n<p data-start=\"975\" data-end=\"995\">Nincs \u00e1gynem\u0171tart\u00f3<\/p>\n<\/li>\n<li data-start=\"996\" data-end=\"1024\">\n<p data-start=\"998\" data-end=\"1024\">Stabil, tart\u00f3s szerkezet<\/p>\n<\/li>\n<li data-start=\"1025\" data-end=\"1062\">\n<p data-start=\"1027\" data-end=\"1062\">T\u00f6bbf\u00e9le sz\u00edn- \u00e9s sz\u00f6vetv\u00e1laszt\u00e9k<\/p>\n<\/li>\n<li data-start=\"1025\" data-end=\"1062\">\n<p data-start=\"1027\" data-end=\"1062\"><strong style=\"font-family: var(--global-body-font-family);\" data-start=\"1226\" data-end=\"1240\">Magass\u00e1g: <\/strong>80<span style=\"font-family: var(--global-body-font-family);\">\u00a0cm<\/span><\/p>\n<\/li>\n<li data-start=\"1025\" data-end=\"1062\">\n<p data-start=\"1027\" data-end=\"1062\"><strong style=\"font-family: var(--global-body-font-family);\" data-start=\"1226\" data-end=\"1240\">\u00dcl\u0151magass\u00e1g: <\/strong><span style=\"font-family: var(--global-body-font-family);\">44<\/span><span style=\"font-family: var(--global-body-font-family);\">\u00a0cm<\/span><\/p>\n<\/li>\n<li data-start=\"1025\" data-end=\"1062\">\n<p data-start=\"1027\" data-end=\"1062\"><strong style=\"font-family: var(--global-body-font-family);\" data-start=\"1226\" data-end=\"1240\">L\u00e1b magass\u00e1g: <\/strong><span style=\"font-family: var(--global-body-font-family);\">5<\/span><span style=\"font-family: var(--global-body-font-family);\">\u00a0<\/span><span style=\"font-family: var(--global-body-font-family);\">cm\u00a0<\/span><\/p>\n<\/li>\n<\/ul>\n<p data-start=\"1064\" data-end=\"1178\">Ide\u00e1lis v\u00e1laszt\u00e1s, ha egy kompakt, k\u00e9nyelmes \u00e9s st\u00edlusos kanap\u00e9t keres, amely a nappali meghat\u00e1roz\u00f3 eleme lehet.<\/p>\n","protected":false},"excerpt":{"rendered":"<p>M\u00e9retek: 268x146x146. T\u00f6bbf\u00e9le sz\u00ednben \u00e9s sz\u00f6vettel rendelhet\u0151.<\/p>\n","protected":false},"featured_media":20048,"comment_status":"open","ping_status":"closed","template":"","meta":{"_seopress_robots_primary_cat":"","_seopress_titles_title":"","_seopress_titles_desc":"","_seopress_robots_index":"","_kadence_starter_templates_imported_post":true,"_swpsp_post_exclude":false,"_kad_post_transparent":"default","_kad_post_title":"","_kad_post_layout":"default","_kad_post_sidebar_id":"","_kad_post_content_style":"default","_kad_post_vertical_padding":"default","_kad_post_feature":"","_kad_post_feature_position":"","_kad_post_header":false,"_kad_post_footer":false,"_kad_post_classname":""},"product_brand":[],"product_cat":[26,271],"product_tag":[],"class_list":{"0":"post-19828","1":"product","2":"type-product","3":"status-publish","4":"has-post-thumbnail","6":"product_cat-nappali","7":"product_cat-u-alaku-ulogarniturak","8":"product_shipping_class-nagytermek","10":"first","11":"instock","12":"taxable","13":"shipping-taxable","14":"purchasable","15":"product-type-variable","16":"entry","17":"content-bg","18":"loop-entry"},"translation":{"provider":"WPGlobus","version":"3.0.2","language":"de","enabled_languages":["hu","en","de"],"languages":{"hu":{"title":true,"content":true,"excerpt":true},"en":{"title":false,"content":false,"excerpt":false},"de":{"title":false,"content":false,"excerpt":false}}},"_links":{"self":[{"href":"https:\/\/butorpont.com\/de\/wp-json\/wp\/v2\/product\/19828","targetHints":{"allow":["GET"]}}],"collection":[{"href":"https:\/\/butorpont.com\/de\/wp-json\/wp\/v2\/product"}],"about":[{"href":"https:\/\/butorpont.com\/de\/wp-json\/wp\/v2\/types\/product"}],"replies":[{"embeddable":true,"href":"https:\/\/butorpont.com\/de\/wp-json\/wp\/v2\/comments?post=19828"}],"wp:featuredmedia":[{"embeddable":true,"href":"https:\/\/butorpont.com\/de\/wp-json\/wp\/v2\/media\/20048"}],"wp:attachment":[{"href":"https:\/\/butorpont.com\/de\/wp-json\/wp\/v2\/media?parent=19828"}],"wp:term":[{"taxonomy":"product_brand","embeddable":true,"href":"https:\/\/butorpont.com\/de\/wp-json\/wp\/v2\/product_brand?post=19828"},{"taxonomy":"product_cat","embeddable":true,"href":"https:\/\/butorpont.com\/de\/wp-json\/wp\/v2\/product_cat?post=19828"},{"taxonomy":"product_tag","embeddable":true,"href":"https:\/\/butorpont.com\/de\/wp-json\/wp\/v2\/product_tag?post=19828"}],"curies":[{"name":"wp","href":"https:\/\/api.w.org\/{rel}","templated":true}]}}