{"id":19388,"date":"2025-12-18T21:08:05","date_gmt":"2025-12-18T20:08:05","guid":{"rendered":"https:\/\/butorpont.com\/?post_type=product&#038;p=19388"},"modified":"2026-01-21T22:52:11","modified_gmt":"2026-01-21T21:52:11","slug":"mystic","status":"publish","type":"product","link":"https:\/\/butorpont.com\/de\/termek\/mystic\/","title":{"rendered":"Mystic"},"content":{"rendered":"<p data-start=\"166\" data-end=\"421\">Ez az L-alak\u00fa kanap\u00e9 ide\u00e1lis v\u00e1laszt\u00e1s, ha k\u00e9nyelmes, nagyvonal\u00fa \u00fcl\u0151helyre van sz\u00fcks\u00e9g otthon\u00e1ban. T\u00e1gas kialak\u00edt\u00e1sa lehet\u0151v\u00e9 teszi, hogy egyszerre t\u00f6bb szem\u00e9ly k\u00e9nyelmesen \u00fclj\u00f6n rajta, \u00edgy t\u00f6k\u00e9letes csal\u00e1di \u00f6sszej\u00f6vetelekhez vagy bar\u00e1ti vend\u00e9gs\u00e9gekhez.<\/p>\n<p data-start=\"423\" data-end=\"685\">A kanap\u00e9 <strong data-start=\"432\" data-end=\"449\">nem \u00e1gyazhat\u00f3<\/strong>, \u00e9s <strong data-start=\"454\" data-end=\"489\">nem rendelkezik \u00e1gynem\u0171tart\u00f3val<\/strong>, \u00edgy els\u0151sorban azoknak aj\u00e1nlott, akik egy st\u00edlusos, komfortos \u00fcl\u0151b\u00fatort keresnek mindennapi haszn\u00e1latra. Stabil szerkezete \u00e9s k\u00e9nyelmes p\u00e1rn\u00e1zata hossz\u00fa t\u00e1von is megb\u00edzhat\u00f3 k\u00e9nyelmet biztos\u00edt.<\/p>\n<p data-start=\"687\" data-end=\"816\">A kanap\u00e9 <strong data-start=\"696\" data-end=\"740\">t\u00f6bbf\u00e9le sz\u00ednben \u00e9s sz\u00f6vettel rendelhet\u0151<\/strong>, \u00edgy k\u00f6nnyed\u00e9n az enteri\u0151r st\u00edlus\u00e1hoz \u00e9s az egy\u00e9ni ig\u00e9nyekhez igaz\u00edthat\u00f3.<\/p>\n<p data-start=\"818\" data-end=\"839\"><strong data-start=\"818\" data-end=\"837\">F\u0151bb jellemz\u0151k:<\/strong><\/p>\n<ul data-start=\"840\" data-end=\"1023\">\n<li data-start=\"840\" data-end=\"869\">\n<p data-start=\"842\" data-end=\"869\">L-alak\u00fa, t\u00e1gas kialak\u00edt\u00e1s<\/p>\n<\/li>\n<li data-start=\"870\" data-end=\"915\">\n<p data-start=\"872\" data-end=\"915\">T\u00f6bb szem\u00e9ly sz\u00e1m\u00e1ra k\u00e9nyelmes \u00fcl\u0151fel\u00fclet<\/p>\n<\/li>\n<li data-start=\"916\" data-end=\"933\">\n<p data-start=\"918\" data-end=\"933\">Nem \u00e1gyazhat\u00f3<\/p>\n<\/li>\n<li data-start=\"934\" data-end=\"956\">\n<p data-start=\"936\" data-end=\"956\">Nincs \u00e1gynem\u0171tart\u00f3<\/p>\n<\/li>\n<li data-start=\"957\" data-end=\"985\">\n<p data-start=\"959\" data-end=\"985\">Stabil, tart\u00f3s szerkezet<\/p>\n<\/li>\n<li data-start=\"986\" data-end=\"1023\">\n<p data-start=\"988\" data-end=\"1023\">T\u00f6bbf\u00e9le sz\u00edn- \u00e9s sz\u00f6vetv\u00e1laszt\u00e9k<\/p>\n<\/li>\n<li data-start=\"986\" data-end=\"1023\">\n<p data-start=\"988\" data-end=\"1023\"><strong style=\"font-family: var(--global-body-font-family);\" data-start=\"1226\" data-end=\"1240\">Magass\u00e1g: <\/strong>92<span style=\"font-family: var(--global-body-font-family);\">\u00a0cm<\/span><\/p>\n<\/li>\n<li data-start=\"986\" data-end=\"1023\">\n<p data-start=\"988\" data-end=\"1023\"><strong style=\"font-family: var(--global-body-font-family);\" data-start=\"1226\" data-end=\"1240\">\u00dcl\u0151magass\u00e1g: <\/strong><span style=\"font-family: var(--global-body-font-family);\">47<\/span><span style=\"font-family: var(--global-body-font-family);\">\u00a0cm<\/span><\/p>\n<\/li>\n<li data-start=\"986\" data-end=\"1023\">\n<p data-start=\"988\" data-end=\"1023\"><strong style=\"font-family: var(--global-body-font-family);\" data-start=\"1226\" data-end=\"1240\">L\u00e1b magass\u00e1g: <\/strong><span style=\"font-family: var(--global-body-font-family);\">5,5<\/span><span style=\"font-family: var(--global-body-font-family);\">\u00a0<\/span><span style=\"font-family: var(--global-body-font-family);\">cm\u00a0<\/span><\/p>\n<\/li>\n<\/ul>\n<p data-start=\"1025\" data-end=\"1139\">Ide\u00e1lis v\u00e1laszt\u00e1s, ha egy k\u00e9nyelmes, nagyvonal\u00fa \u00e9s st\u00edlusos kanap\u00e9t keres, amely a nappali k\u00f6zponti eleme lehet.<\/p>\n","protected":false},"excerpt":{"rendered":"<p>M\u00e9retek: 334&#215;288. T\u00f6bbf\u00e9le sz\u00ednben \u00e9s sz\u00f6vettel rendelhet\u0151.<\/p>\n","protected":false},"featured_media":23488,"comment_status":"open","ping_status":"closed","template":"","meta":{"_seopress_robots_primary_cat":"","_seopress_titles_title":"","_seopress_titles_desc":"","_seopress_robots_index":"","_kadence_starter_templates_imported_post":true,"_swpsp_post_exclude":false,"_kad_post_transparent":"default","_kad_post_title":"","_kad_post_layout":"default","_kad_post_sidebar_id":"","_kad_post_content_style":"default","_kad_post_vertical_padding":"default","_kad_post_feature":"","_kad_post_feature_position":"","_kad_post_header":false,"_kad_post_footer":false,"_kad_post_classname":""},"product_brand":[],"product_cat":[26,270],"product_tag":[],"class_list":{"0":"post-19388","1":"product","2":"type-product","3":"status-publish","4":"has-post-thumbnail","6":"product_cat-nappali","7":"product_cat-sarokkanepek","8":"product_shipping_class-nagytermek","10":"first","11":"instock","12":"taxable","13":"shipping-taxable","14":"purchasable","15":"product-type-variable","16":"entry","17":"content-bg","18":"loop-entry"},"translation":{"provider":"WPGlobus","version":"3.0.2","language":"de","enabled_languages":["hu","en","de"],"languages":{"hu":{"title":true,"content":true,"excerpt":true},"en":{"title":false,"content":false,"excerpt":false},"de":{"title":false,"content":false,"excerpt":false}}},"_links":{"self":[{"href":"https:\/\/butorpont.com\/de\/wp-json\/wp\/v2\/product\/19388","targetHints":{"allow":["GET"]}}],"collection":[{"href":"https:\/\/butorpont.com\/de\/wp-json\/wp\/v2\/product"}],"about":[{"href":"https:\/\/butorpont.com\/de\/wp-json\/wp\/v2\/types\/product"}],"replies":[{"embeddable":true,"href":"https:\/\/butorpont.com\/de\/wp-json\/wp\/v2\/comments?post=19388"}],"wp:featuredmedia":[{"embeddable":true,"href":"https:\/\/butorpont.com\/de\/wp-json\/wp\/v2\/media\/23488"}],"wp:attachment":[{"href":"https:\/\/butorpont.com\/de\/wp-json\/wp\/v2\/media?parent=19388"}],"wp:term":[{"taxonomy":"product_brand","embeddable":true,"href":"https:\/\/butorpont.com\/de\/wp-json\/wp\/v2\/product_brand?post=19388"},{"taxonomy":"product_cat","embeddable":true,"href":"https:\/\/butorpont.com\/de\/wp-json\/wp\/v2\/product_cat?post=19388"},{"taxonomy":"product_tag","embeddable":true,"href":"https:\/\/butorpont.com\/de\/wp-json\/wp\/v2\/product_tag?post=19388"}],"curies":[{"name":"wp","href":"https:\/\/api.w.org\/{rel}","templated":true}]}}