{"id":18511,"date":"2025-12-18T20:57:40","date_gmt":"2025-12-18T19:57:40","guid":{"rendered":"https:\/\/butorpont.com\/?post_type=product&#038;p=18511"},"modified":"2026-01-21T22:55:02","modified_gmt":"2026-01-21T21:55:02","slug":"merkur-small","status":"publish","type":"product","link":"https:\/\/butorpont.com\/de\/termek\/merkur-small\/","title":{"rendered":"Merkur Small"},"content":{"rendered":"<p data-start=\"145\" data-end=\"328\">Ez az L-alak\u00fa kanap\u00e9 a k\u00e9nyelmes \u00fcl\u0151hely \u00e9s a maxim\u00e1lis funkcionalit\u00e1s t\u00f6k\u00e9letes kombin\u00e1ci\u00f3j\u00e1t k\u00edn\u00e1lja. \u00c1ggy\u00e1 alak\u00edthat\u00f3, \u00edgy vend\u00e9gei sz\u00e1m\u00e1ra is biztos\u00edtja a k\u00e9nyelmes fekv\u0151helyet.<\/p>\n<p data-start=\"330\" data-end=\"545\">A kanap\u00e9 k\u00fcl\u00f6nlegess\u00e9ge a <strong data-start=\"356\" data-end=\"380\">mozgathat\u00f3 fejt\u00e1ml\u00e1k<\/strong>, amelyeket b\u00e1rhov\u00e1 helyezhet, \u00edgy testreszabhat\u00f3 a k\u00e9nyelem minden \u00fcl\u0151helyen. Stabil szerkezete \u00e9s komfortos p\u00e1rn\u00e1zata hossz\u00fa t\u00e1von is megb\u00edzhat\u00f3 k\u00e9nyelmet ny\u00fajt.<\/p>\n<p data-start=\"547\" data-end=\"674\">A kanap\u00e9 <strong data-start=\"556\" data-end=\"600\">t\u00f6bbf\u00e9le sz\u00ednben \u00e9s sz\u00f6vettel rendelhet\u0151<\/strong>, \u00edgy k\u00f6nnyen az enteri\u0151r st\u00edlus\u00e1hoz \u00e9s az egy\u00e9ni ig\u00e9nyekhez igaz\u00edthat\u00f3.<\/p>\n<p data-start=\"676\" data-end=\"697\"><strong data-start=\"676\" data-end=\"695\">F\u0151bb jellemz\u0151k:<\/strong><\/p>\n<ul data-start=\"698\" data-end=\"921\">\n<li data-start=\"698\" data-end=\"727\">\n<p data-start=\"700\" data-end=\"727\">L-alak\u00fa, t\u00e1gas kialak\u00edt\u00e1s<\/p>\n<\/li>\n<li data-start=\"728\" data-end=\"766\">\n<p data-start=\"730\" data-end=\"766\">\u00c1gyazhat\u00f3 funkci\u00f3 vend\u00e9gek sz\u00e1m\u00e1ra<\/p>\n<\/li>\n<li data-start=\"767\" data-end=\"819\">\n<p data-start=\"769\" data-end=\"819\">Mozgathat\u00f3 fejt\u00e1ml\u00e1k a testreszabott k\u00e9nyelem\u00e9rt<\/p>\n<\/li>\n<li data-start=\"820\" data-end=\"854\">\n<p data-start=\"822\" data-end=\"854\">Komfortos \u00fcl\u0151- \u00e9s fekv\u0151fel\u00fclet<\/p>\n<\/li>\n<li data-start=\"855\" data-end=\"883\">\n<p data-start=\"857\" data-end=\"883\">Stabil, tart\u00f3s szerkezet<\/p>\n<\/li>\n<li data-start=\"884\" data-end=\"921\">\n<p data-start=\"886\" data-end=\"921\">T\u00f6bbf\u00e9le sz\u00edn- \u00e9s sz\u00f6vetv\u00e1laszt\u00e9k<\/p>\n<\/li>\n<li data-start=\"884\" data-end=\"921\">\n<p data-start=\"886\" data-end=\"921\"><strong style=\"font-family: var(--global-body-font-family);\" data-start=\"1226\" data-end=\"1240\">Magass\u00e1g: <\/strong><span style=\"font-family: var(--global-body-font-family);\">103<\/span><span style=\"font-family: var(--global-body-font-family);\"> cm<\/span><\/p>\n<\/li>\n<li data-start=\"884\" data-end=\"921\">\n<p data-start=\"886\" data-end=\"921\"><strong style=\"font-family: var(--global-body-font-family);\" data-start=\"1226\" data-end=\"1240\">\u00dcl\u0151magass\u00e1g: <\/strong><span style=\"font-family: var(--global-body-font-family);\">42<\/span><span style=\"font-family: var(--global-body-font-family);\"> cm<\/span><\/p>\n<\/li>\n<li data-start=\"884\" data-end=\"921\">\n<p data-start=\"886\" data-end=\"921\"><strong style=\"font-family: var(--global-body-font-family);\" data-start=\"1226\" data-end=\"1240\">L\u00e1b magass\u00e1g: <\/strong><span style=\"font-family: var(--global-body-font-family);\">5<\/span><span style=\"font-family: var(--global-body-font-family);\">\u00a0<\/span><span style=\"font-family: var(--global-body-font-family);\">cm\u00a0<\/span><\/p>\n<\/li>\n<\/ul>\n<p data-start=\"923\" data-end=\"1042\">Ide\u00e1lis v\u00e1laszt\u00e1s, ha egy k\u00e9nyelmes, testreszabhat\u00f3 \u00e9s eleg\u00e1ns kanap\u00e9t keres, amely a nappali k\u00f6zponti elem\u00e9v\u00e9 v\u00e1lik.<\/p>\n","protected":false},"excerpt":{"rendered":"<p>M\u00e9retek: 270&#215;168. \u00c1gyazhat\u00f3 kanap\u00e9. T\u00f6bbf\u00e9le sz\u00ednben \u00e9s sz\u00f6vettel rendelhet\u0151.<\/p>\n","protected":false},"featured_media":18730,"comment_status":"open","ping_status":"closed","template":"","meta":{"_seopress_robots_primary_cat":"","_seopress_titles_title":"","_seopress_titles_desc":"","_seopress_robots_index":"","_kadence_starter_templates_imported_post":true,"_swpsp_post_exclude":false,"_kad_post_transparent":"default","_kad_post_title":"","_kad_post_layout":"default","_kad_post_sidebar_id":"","_kad_post_content_style":"default","_kad_post_vertical_padding":"default","_kad_post_feature":"","_kad_post_feature_position":"","_kad_post_header":false,"_kad_post_footer":false,"_kad_post_classname":""},"product_brand":[],"product_cat":[26,270],"product_tag":[],"class_list":{"0":"post-18511","1":"product","2":"type-product","3":"status-publish","4":"has-post-thumbnail","6":"product_cat-nappali","7":"product_cat-sarokkanepek","8":"product_shipping_class-nagytermek","10":"first","11":"instock","12":"taxable","13":"shipping-taxable","14":"purchasable","15":"product-type-variable","16":"entry","17":"content-bg","18":"loop-entry"},"translation":{"provider":"WPGlobus","version":"3.0.2","language":"de","enabled_languages":["hu","en","de"],"languages":{"hu":{"title":true,"content":true,"excerpt":true},"en":{"title":false,"content":false,"excerpt":false},"de":{"title":false,"content":false,"excerpt":false}}},"_links":{"self":[{"href":"https:\/\/butorpont.com\/de\/wp-json\/wp\/v2\/product\/18511","targetHints":{"allow":["GET"]}}],"collection":[{"href":"https:\/\/butorpont.com\/de\/wp-json\/wp\/v2\/product"}],"about":[{"href":"https:\/\/butorpont.com\/de\/wp-json\/wp\/v2\/types\/product"}],"replies":[{"embeddable":true,"href":"https:\/\/butorpont.com\/de\/wp-json\/wp\/v2\/comments?post=18511"}],"wp:featuredmedia":[{"embeddable":true,"href":"https:\/\/butorpont.com\/de\/wp-json\/wp\/v2\/media\/18730"}],"wp:attachment":[{"href":"https:\/\/butorpont.com\/de\/wp-json\/wp\/v2\/media?parent=18511"}],"wp:term":[{"taxonomy":"product_brand","embeddable":true,"href":"https:\/\/butorpont.com\/de\/wp-json\/wp\/v2\/product_brand?post=18511"},{"taxonomy":"product_cat","embeddable":true,"href":"https:\/\/butorpont.com\/de\/wp-json\/wp\/v2\/product_cat?post=18511"},{"taxonomy":"product_tag","embeddable":true,"href":"https:\/\/butorpont.com\/de\/wp-json\/wp\/v2\/product_tag?post=18511"}],"curies":[{"name":"wp","href":"https:\/\/api.w.org\/{rel}","templated":true}]}}