{"id":18290,"date":"2025-12-18T20:50:54","date_gmt":"2025-12-18T19:50:54","guid":{"rendered":"https:\/\/butorpont.com\/?post_type=product&#038;p=18290"},"modified":"2026-01-21T22:55:41","modified_gmt":"2026-01-21T21:55:41","slug":"merkur-u","status":"publish","type":"product","link":"https:\/\/butorpont.com\/de\/termek\/merkur-u\/","title":{"rendered":"Merkur U"},"content":{"rendered":"<p data-start=\"155\" data-end=\"436\">Ez az U-alak\u00fa kanap\u00e9 a t\u00e1gas \u00e9s k\u00e9nyelmes \u00fcl\u0151hely mellett a maxim\u00e1lis funkcionalit\u00e1st is k\u00edn\u00e1lja. \u00c1ggy\u00e1 alak\u00edthat\u00f3, \u00edgy vend\u00e9gei sz\u00e1m\u00e1ra is k\u00e9nyelmes fekv\u0151helyet biztos\u00edt, mik\u00f6zben a be\u00e9p\u00edtett <strong data-start=\"348\" data-end=\"363\">t\u00e1rol\u00f3 r\u00e9sz<\/strong> praktikus helyet k\u00edn\u00e1l a takar\u00f3k, p\u00e1rn\u00e1k \u00e9s egy\u00e9b kieg\u00e9sz\u00edt\u0151k sz\u00e1m\u00e1ra.<\/p>\n<p data-start=\"438\" data-end=\"660\">A kanap\u00e9 k\u00fcl\u00f6nlegess\u00e9ge a <strong data-start=\"464\" data-end=\"488\">mozgathat\u00f3 fejt\u00e1ml\u00e1k<\/strong>, amelyeket b\u00e1rhov\u00e1 helyezhet, \u00edgy testreszabhat\u00f3 a k\u00e9nyelem minden \u00fcl\u0151helyen. Stabil szerkezete \u00e9s k\u00e9nyelmes p\u00e1rn\u00e1zata a mindennapok sor\u00e1n is megb\u00edzhat\u00f3 komfortot ny\u00fajt.<\/p>\n<p data-start=\"662\" data-end=\"789\">A kanap\u00e9 <strong data-start=\"671\" data-end=\"715\">t\u00f6bbf\u00e9le sz\u00ednben \u00e9s sz\u00f6vettel rendelhet\u0151<\/strong>, \u00edgy k\u00f6nnyen az enteri\u0151r st\u00edlus\u00e1hoz \u00e9s az egy\u00e9ni ig\u00e9nyekhez igaz\u00edthat\u00f3.<\/p>\n<p data-start=\"791\" data-end=\"812\"><strong data-start=\"791\" data-end=\"810\">F\u0151bb jellemz\u0151k:<\/strong><\/p>\n<ul data-start=\"813\" data-end=\"1082\">\n<li data-start=\"813\" data-end=\"842\">\n<p data-start=\"815\" data-end=\"842\">U-alak\u00fa, t\u00e1gas kialak\u00edt\u00e1s<\/p>\n<\/li>\n<li data-start=\"843\" data-end=\"881\">\n<p data-start=\"845\" data-end=\"881\">\u00c1gyazhat\u00f3 funkci\u00f3 vend\u00e9gek sz\u00e1m\u00e1ra<\/p>\n<\/li>\n<li data-start=\"882\" data-end=\"927\">\n<p data-start=\"884\" data-end=\"927\">Be\u00e9p\u00edtett t\u00e1rol\u00f3 r\u00e9sz a praktikus rend\u00e9rt<\/p>\n<\/li>\n<li data-start=\"928\" data-end=\"980\">\n<p data-start=\"930\" data-end=\"980\">Mozgathat\u00f3 fejt\u00e1ml\u00e1k a testreszabott k\u00e9nyelem\u00e9rt<\/p>\n<\/li>\n<li data-start=\"981\" data-end=\"1015\">\n<p data-start=\"983\" data-end=\"1015\">Komfortos \u00fcl\u0151- \u00e9s fekv\u0151fel\u00fclet<\/p>\n<\/li>\n<li data-start=\"1016\" data-end=\"1044\">\n<p data-start=\"1018\" data-end=\"1044\">Stabil, tart\u00f3s szerkezet<\/p>\n<\/li>\n<li data-start=\"1045\" data-end=\"1082\">\n<p data-start=\"1047\" data-end=\"1082\">T\u00f6bbf\u00e9le sz\u00edn- \u00e9s sz\u00f6vetv\u00e1laszt\u00e9k<\/p>\n<\/li>\n<li data-start=\"1045\" data-end=\"1082\">\n<p data-start=\"1047\" data-end=\"1082\"><strong style=\"font-family: var(--global-body-font-family);\" data-start=\"1226\" data-end=\"1240\">Magass\u00e1g: <\/strong>103<span style=\"font-family: var(--global-body-font-family);\">\u00a0cm<\/span><\/p>\n<\/li>\n<li data-start=\"1045\" data-end=\"1082\">\n<p data-start=\"1047\" data-end=\"1082\"><strong style=\"font-family: var(--global-body-font-family);\" data-start=\"1226\" data-end=\"1240\">\u00dcl\u0151magass\u00e1g: <\/strong><span style=\"font-family: var(--global-body-font-family);\">42<\/span><span style=\"font-family: var(--global-body-font-family);\">\u00a0cm<\/span><\/p>\n<\/li>\n<li data-start=\"1045\" data-end=\"1082\">\n<p data-start=\"1047\" data-end=\"1082\"><strong style=\"font-family: var(--global-body-font-family);\" data-start=\"1226\" data-end=\"1240\">L\u00e1b magass\u00e1g: <\/strong><span style=\"font-family: var(--global-body-font-family);\">5<\/span><span style=\"font-family: var(--global-body-font-family);\">\u00a0<\/span><span style=\"font-family: var(--global-body-font-family);\">cm\u00a0<\/span><\/p>\n<\/li>\n<\/ul>\n<p data-start=\"1084\" data-end=\"1237\">Ide\u00e1lis v\u00e1laszt\u00e1s, ha egy t\u00e1gas, k\u00e9nyelmes \u00e9s sokoldal\u00fa kanap\u00e9t keres, amely egyszerre biztos\u00edt eleganci\u00e1t, praktikuss\u00e1got \u00e9s testreszabhat\u00f3 k\u00e9nyelmet.<\/p>\n","protected":false},"excerpt":{"rendered":"<p>M\u00e9retek: 324x218x170. A kanap\u00e9 \u00e1gyazhat\u00f3 \u00e9s \u00e1gynem\u0171tart\u00f3val is rendelkezik. T\u00f6bbf\u00e9le sz\u00ednben \u00e9s sz\u00f6vettel rendelhet\u0151.<\/p>\n","protected":false},"featured_media":18510,"comment_status":"open","ping_status":"closed","template":"","meta":{"_seopress_robots_primary_cat":"","_seopress_titles_title":"","_seopress_titles_desc":"","_seopress_robots_index":"","_kadence_starter_templates_imported_post":true,"_swpsp_post_exclude":false,"_kad_post_transparent":"default","_kad_post_title":"","_kad_post_layout":"default","_kad_post_sidebar_id":"","_kad_post_content_style":"default","_kad_post_vertical_padding":"default","_kad_post_feature":"","_kad_post_feature_position":"","_kad_post_header":false,"_kad_post_footer":false,"_kad_post_classname":""},"product_brand":[],"product_cat":[26,271],"product_tag":[],"class_list":{"0":"post-18290","1":"product","2":"type-product","3":"status-publish","4":"has-post-thumbnail","6":"product_cat-nappali","7":"product_cat-u-alaku-ulogarniturak","8":"product_shipping_class-nagytermek","10":"first","11":"instock","12":"taxable","13":"shipping-taxable","14":"purchasable","15":"product-type-variable","16":"entry","17":"content-bg","18":"loop-entry"},"translation":{"provider":"WPGlobus","version":"3.0.2","language":"de","enabled_languages":["hu","en","de"],"languages":{"hu":{"title":true,"content":true,"excerpt":true},"en":{"title":false,"content":false,"excerpt":false},"de":{"title":false,"content":false,"excerpt":false}}},"_links":{"self":[{"href":"https:\/\/butorpont.com\/de\/wp-json\/wp\/v2\/product\/18290","targetHints":{"allow":["GET"]}}],"collection":[{"href":"https:\/\/butorpont.com\/de\/wp-json\/wp\/v2\/product"}],"about":[{"href":"https:\/\/butorpont.com\/de\/wp-json\/wp\/v2\/types\/product"}],"replies":[{"embeddable":true,"href":"https:\/\/butorpont.com\/de\/wp-json\/wp\/v2\/comments?post=18290"}],"wp:featuredmedia":[{"embeddable":true,"href":"https:\/\/butorpont.com\/de\/wp-json\/wp\/v2\/media\/18510"}],"wp:attachment":[{"href":"https:\/\/butorpont.com\/de\/wp-json\/wp\/v2\/media?parent=18290"}],"wp:term":[{"taxonomy":"product_brand","embeddable":true,"href":"https:\/\/butorpont.com\/de\/wp-json\/wp\/v2\/product_brand?post=18290"},{"taxonomy":"product_cat","embeddable":true,"href":"https:\/\/butorpont.com\/de\/wp-json\/wp\/v2\/product_cat?post=18290"},{"taxonomy":"product_tag","embeddable":true,"href":"https:\/\/butorpont.com\/de\/wp-json\/wp\/v2\/product_tag?post=18290"}],"curies":[{"name":"wp","href":"https:\/\/api.w.org\/{rel}","templated":true}]}}