{"id":12999,"date":"2025-12-18T00:24:28","date_gmt":"2025-12-17T23:24:28","guid":{"rendered":"https:\/\/butorpont.com\/?post_type=product&#038;p=12999"},"modified":"2026-01-21T23:14:08","modified_gmt":"2026-01-21T22:14:08","slug":"beata-u","status":"publish","type":"product","link":"https:\/\/butorpont.com\/de\/termek\/beata-u\/","title":{"rendered":"Beata U"},"content":{"rendered":"<div class=\"flex max-w-full flex-col grow\">\n<div class=\"min-h-8 text-message relative flex w-full flex-col items-end gap-2 text-start break-words whitespace-normal [.text-message+&amp;]:mt-1\" dir=\"auto\" data-message-author-role=\"assistant\" data-message-id=\"c6cf1ed8-efa7-4626-952f-03d0c65e5c54\" data-message-model-slug=\"gpt-5-mini\">\n<div class=\"flex w-full flex-col gap-1 empty:hidden first:pt-[1px]\">\n<div class=\"markdown prose dark:prose-invert w-full break-words light markdown-new-styling\">\n<p data-start=\"150\" data-end=\"453\">T\u00e1gas, praktikus \u00e9s st\u00edlusos! Ez a fa berak\u00e1sos U-alak\u00fa kanap\u00e9 nemcsak modern megjelen\u00e9s\u00e9vel h\u00f3d\u00edt, hanem rendk\u00edv\u00fcl funkcion\u00e1lis is. K\u00f6nnyed\u00e9n \u00e1ggy\u00e1 alak\u00edthat\u00f3, \u00edgy vend\u00e9gei k\u00e9nyelmesen pihenhetnek, mik\u00f6zben a nagy m\u00e9ret\u0171 \u00e1gynem\u0171tart\u00f3ban k\u00f6nnyed\u00e9n elhelyezhet\u0151k a takar\u00f3k, p\u00e1rn\u00e1k \u00e9s egy\u00e9b kieg\u00e9sz\u00edt\u0151k.<\/p>\n<p data-start=\"455\" data-end=\"668\">A kanap\u00e9 t\u00f6bbf\u00e9le sz\u00ednben \u00e9s sz\u00f6vettel rendelhet\u0151, \u00edgy t\u00f6k\u00e9letesen illeszkedik b\u00e1rmilyen enteri\u0151rh\u00f6z. A massz\u00edv fa berak\u00e1s stabilit\u00e1st biztos\u00edt, a puha p\u00e1rn\u00e1zat pedig kiemelked\u0151 k\u00e9nyelmet ny\u00fajt a mindennapokban.<\/p>\n<p data-start=\"670\" data-end=\"691\"><strong data-start=\"670\" data-end=\"689\">F\u0151bb jellemz\u0151k:<\/strong><\/p>\n<ul data-start=\"692\" data-end=\"971\">\n<li data-start=\"692\" data-end=\"768\">\n<p data-start=\"694\" data-end=\"768\">U-alak\u00fa, t\u00e1gas kialak\u00edt\u00e1s csal\u00e1dok vagy t\u00e1rsas\u00e1gi \u00f6sszej\u00f6vetelek sz\u00e1m\u00e1ra<\/p>\n<\/li>\n<li data-start=\"769\" data-end=\"807\">\n<p data-start=\"771\" data-end=\"807\">\u00c1gyazhat\u00f3 kivitel vend\u00e9gek r\u00e9sz\u00e9re<\/p>\n<\/li>\n<li data-start=\"808\" data-end=\"858\">\n<p data-start=\"810\" data-end=\"858\">Nagym\u00e9ret\u0171 \u00e1gynem\u0171tart\u00f3 a praktikus t\u00e1rol\u00e1s\u00e9rt<\/p>\n<\/li>\n<li data-start=\"859\" data-end=\"904\">\n<p data-start=\"861\" data-end=\"904\">Massz\u00edv fa berak\u00e1s a hossz\u00fa \u00e9lettartam\u00e9rt<\/p>\n<\/li>\n<li data-start=\"905\" data-end=\"944\">\n<p data-start=\"907\" data-end=\"944\">T\u00f6bbf\u00e9le sz\u00edn \u00e9s sz\u00f6vet v\u00e1laszthat\u00f3<\/p>\n<\/li>\n<li data-start=\"945\" data-end=\"971\">\n<p data-start=\"947\" data-end=\"971\">Modern, eleg\u00e1ns design<\/p>\n<\/li>\n<li data-start=\"945\" data-end=\"971\">\n<p data-start=\"947\" data-end=\"971\"><strong style=\"font-family: var(--global-body-font-family);\" data-start=\"1226\" data-end=\"1240\">Magass\u00e1g: <\/strong><span style=\"font-family: var(--global-body-font-family);\">86<\/span><span style=\"font-family: var(--global-body-font-family);\"> cm<\/span><\/p>\n<\/li>\n<li data-start=\"945\" data-end=\"971\">\n<p data-start=\"947\" data-end=\"971\"><strong style=\"font-family: var(--global-body-font-family);\" data-start=\"1226\" data-end=\"1240\">\u00dcl\u0151magass\u00e1g: <\/strong><span style=\"font-family: var(--global-body-font-family);\">44 cm<\/span><\/p>\n<\/li>\n<li data-start=\"945\" data-end=\"971\">\n<p data-start=\"947\" data-end=\"971\"><strong style=\"font-family: var(--global-body-font-family);\" data-start=\"1226\" data-end=\"1240\">L\u00e1b magass\u00e1g: <\/strong><span style=\"font-family: var(--global-body-font-family);\">14<\/span><span style=\"font-family: var(--global-body-font-family);\">\u00a0<\/span><span style=\"font-family: var(--global-body-font-family);\">cm\u00a0<\/span><\/p>\n<\/li>\n<\/ul>\n<p data-start=\"973\" data-end=\"1086\">Ez a kanap\u00e9 ide\u00e1lis v\u00e1laszt\u00e1s, ha funkcion\u00e1lis, k\u00e9nyelmes \u00e9s st\u00edlusos b\u00fatort keres, amely otthon\u00e1t is feldobja.<\/p>\n<\/div>\n<\/div>\n<\/div>\n<\/div>\n<div class=\"z-0 flex min-h-[46px] justify-start\"><\/div>\n<div class=\"border-token-border-light my-2 flex gap-10 border-t pt-4\"><\/div>\n","protected":false},"excerpt":{"rendered":"<p>M\u00e9retek: 298x150x140. A kanap\u00e9 \u00e1gyazhat\u00f3 \u00e9s \u00e1gynem\u0171tart\u00f3val is rendelkezik. T\u00f6bbf\u00e9le sz\u00ednben \u00e9s sz\u00f6vettel rendelhet\u0151.<\/p>\n","protected":false},"featured_media":13218,"comment_status":"open","ping_status":"closed","template":"","meta":{"_seopress_robots_primary_cat":"","_seopress_titles_title":"","_seopress_titles_desc":"","_seopress_robots_index":"","_kadence_starter_templates_imported_post":true,"_swpsp_post_exclude":false,"_kad_post_transparent":"default","_kad_post_title":"","_kad_post_layout":"default","_kad_post_sidebar_id":"","_kad_post_content_style":"default","_kad_post_vertical_padding":"default","_kad_post_feature":"","_kad_post_feature_position":"","_kad_post_header":false,"_kad_post_footer":false,"_kad_post_classname":""},"product_brand":[],"product_cat":[26,271],"product_tag":[],"class_list":{"0":"post-12999","1":"product","2":"type-product","3":"status-publish","4":"has-post-thumbnail","6":"product_cat-nappali","7":"product_cat-u-alaku-ulogarniturak","8":"product_shipping_class-nagytermek","10":"first","11":"instock","12":"taxable","13":"shipping-taxable","14":"purchasable","15":"product-type-variable","16":"entry","17":"content-bg","18":"loop-entry"},"translation":{"provider":"WPGlobus","version":"3.0.2","language":"de","enabled_languages":["hu","en","de"],"languages":{"hu":{"title":true,"content":true,"excerpt":true},"en":{"title":false,"content":false,"excerpt":false},"de":{"title":false,"content":false,"excerpt":false}}},"_links":{"self":[{"href":"https:\/\/butorpont.com\/de\/wp-json\/wp\/v2\/product\/12999","targetHints":{"allow":["GET"]}}],"collection":[{"href":"https:\/\/butorpont.com\/de\/wp-json\/wp\/v2\/product"}],"about":[{"href":"https:\/\/butorpont.com\/de\/wp-json\/wp\/v2\/types\/product"}],"replies":[{"embeddable":true,"href":"https:\/\/butorpont.com\/de\/wp-json\/wp\/v2\/comments?post=12999"}],"wp:featuredmedia":[{"embeddable":true,"href":"https:\/\/butorpont.com\/de\/wp-json\/wp\/v2\/media\/13218"}],"wp:attachment":[{"href":"https:\/\/butorpont.com\/de\/wp-json\/wp\/v2\/media?parent=12999"}],"wp:term":[{"taxonomy":"product_brand","embeddable":true,"href":"https:\/\/butorpont.com\/de\/wp-json\/wp\/v2\/product_brand?post=12999"},{"taxonomy":"product_cat","embeddable":true,"href":"https:\/\/butorpont.com\/de\/wp-json\/wp\/v2\/product_cat?post=12999"},{"taxonomy":"product_tag","embeddable":true,"href":"https:\/\/butorpont.com\/de\/wp-json\/wp\/v2\/product_tag?post=12999"}],"curies":[{"name":"wp","href":"https:\/\/api.w.org\/{rel}","templated":true}]}}