{"id":11236,"date":"2025-12-17T23:30:57","date_gmt":"2025-12-17T22:30:57","guid":{"rendered":"https:\/\/butorpont.com\/?post_type=product&#038;p=11236"},"modified":"2026-03-31T18:14:41","modified_gmt":"2026-03-31T16:14:41","slug":"acra","status":"publish","type":"product","link":"https:\/\/butorpont.com\/de\/termek\/acra\/","title":{"rendered":"Acra"},"content":{"rendered":"<p data-start=\"203\" data-end=\"496\">Ez az L-alak\u00fa sarokkanap\u00e9 ide\u00e1lis v\u00e1laszt\u00e1s azok sz\u00e1m\u00e1ra, akik a <strong data-start=\"268\" data-end=\"281\">k\u00e9nyelmet<\/strong>, a <strong data-start=\"285\" data-end=\"304\">funkcionalit\u00e1st<\/strong> \u00e9s az <strong data-start=\"311\" data-end=\"335\">id\u0151t\u00e1ll\u00f3 kialak\u00edt\u00e1st <\/strong>keresik egyetlen b\u00fatordarabban. Letisztult formavil\u00e1ga k\u00f6nnyed\u00e9n illeszkedik k\u00fcl\u00f6nb\u00f6z\u0151 lakberendez\u00e9si st\u00edlusokhoz, mik\u00f6zben a nappali meghat\u00e1roz\u00f3 elem\u00e9v\u00e9 v\u00e1lik.<\/p>\n<p data-start=\"498\" data-end=\"811\">A kanap\u00e9 <strong data-start=\"507\" data-end=\"543\">\u00e1gyazhat\u00f3 funkci\u00f3val rendelkezik<\/strong>, \u00edgy pillanatok alatt k\u00e9nyelmes fekv\u0151fel\u00fclett\u00e9 alak\u00edthat\u00f3, ide\u00e1lis vend\u00e9gek fogad\u00e1s\u00e1hoz vagy alkalmi alv\u00e1shoz. A be\u00e9p\u00edtett <strong data-start=\"667\" data-end=\"683\">\u00e1gynem\u0171tart\u00f3<\/strong> praktikus t\u00e1rol\u00e1si lehet\u0151s\u00e9get biztos\u00edt takar\u00f3k, p\u00e1rn\u00e1k \u00e9s egy\u00e9b kieg\u00e9sz\u00edt\u0151k sz\u00e1m\u00e1ra, seg\u00edtve a rendezett k\u00f6rnyezet meg\u0151rz\u00e9s\u00e9t.<\/p>\n<p data-start=\"813\" data-end=\"985\">A t\u00e1gas \u00fcl\u0151fel\u00fclet k\u00e9nyelmes pihen\u00e9st biztos\u00edt a mindennapokban, az L-alak\u00fa kialak\u00edt\u00e1s pedig hat\u00e9kony helykihaszn\u00e1l\u00e1st tesz lehet\u0151v\u00e9, ak\u00e1r kisebb, ak\u00e1r nagyobb nappalikban.<\/p>\n<h3 data-start=\"987\" data-end=\"1006\">F\u0151bb jellemz\u0151k:<\/h3>\n<ul data-start=\"1007\" data-end=\"1267\">\n<li data-start=\"1007\" data-end=\"1041\">\n<p data-start=\"1009\" data-end=\"1041\"><strong data-start=\"1009\" data-end=\"1019\">T\u00edpus:<\/strong> L-alak\u00fa sarokkanap\u00e9<\/p>\n<\/li>\n<li data-start=\"1042\" data-end=\"1076\">\n<p data-start=\"1044\" data-end=\"1076\"><strong data-start=\"1044\" data-end=\"1056\">Funkci\u00f3:<\/strong> \u00e1gyazhat\u00f3 kivitel<\/p>\n<\/li>\n<li data-start=\"1077\" data-end=\"1116\">\n<p data-start=\"1079\" data-end=\"1116\"><strong data-start=\"1079\" data-end=\"1091\">T\u00e1rol\u00e1s:<\/strong> be\u00e9p\u00edtett \u00e1gynem\u0171tart\u00f3<\/p>\n<\/li>\n<li data-start=\"1117\" data-end=\"1163\">\n<p data-start=\"1119\" data-end=\"1163\"><strong data-start=\"1119\" data-end=\"1136\">Felhaszn\u00e1l\u00e1s:<\/strong> nappaliba, vend\u00e9gszob\u00e1ba<\/p>\n<\/li>\n<li data-start=\"1164\" data-end=\"1223\">\n<p data-start=\"1166\" data-end=\"1223\"><strong data-start=\"1166\" data-end=\"1181\">Kialak\u00edt\u00e1s:<\/strong> k\u00e9nyelmes, j\u00f3l kihaszn\u00e1lhat\u00f3 \u00fcl\u0151fel\u00fclet<\/p>\n<\/li>\n<li data-start=\"1224\" data-end=\"1267\">\n<p data-start=\"1226\" data-end=\"1267\"><strong data-start=\"1226\" data-end=\"1240\">Szerkezet:<\/strong> stabil, tart\u00f3s fel\u00e9p\u00edt\u00e9s<\/p>\n<\/li>\n<li data-start=\"1224\" data-end=\"1267\">\n<p data-start=\"1226\" data-end=\"1267\"><strong data-start=\"1226\" data-end=\"1240\">Magass\u00e1g:\u00a0<\/strong>83 cm<\/p>\n<\/li>\n<li data-start=\"1224\" data-end=\"1267\">\n<p data-start=\"1226\" data-end=\"1267\"><strong data-start=\"1226\" data-end=\"1240\">\u00dcl\u0151magass\u00e1g: <\/strong>41 cm<\/p>\n<\/li>\n<li data-start=\"1224\" data-end=\"1267\">\n<p data-start=\"1226\" data-end=\"1267\"><strong data-start=\"1226\" data-end=\"1240\">L\u00e1b magass\u00e1g:\u00a0<\/strong>5 cm<\/p>\n<\/li>\n<\/ul>\n<h3 data-start=\"1269\" data-end=\"1293\">El\u00e9rhet\u0151 v\u00e1ltozatok:<\/h3>\n<p data-start=\"1294\" data-end=\"1431\">A kanap\u00e9 <strong data-start=\"1303\" data-end=\"1359\">t\u00f6bbf\u00e9le sz\u00ednben \u00e9s k\u00fcl\u00f6nb\u00f6z\u0151 sz\u00f6vetekkel rendelhet\u0151<\/strong>, \u00edgy k\u00f6nnyed\u00e9n az egy\u00e9ni ig\u00e9nyekhez \u00e9s az otthon st\u00edlus\u00e1hoz igaz\u00edthat\u00f3.<\/p>\n<p data-start=\"1433\" data-end=\"1564\">Ez a sarokkanap\u00e9 ide\u00e1lis v\u00e1laszt\u00e1s mindazok sz\u00e1m\u00e1ra, akik egy <strong data-start=\"1495\" data-end=\"1542\">sokoldal\u00fa, k\u00e9nyelmes \u00e9s praktikus megold\u00e1st<\/strong> keresnek a nappaliba.<\/p>\n","protected":false},"excerpt":{"rendered":"<p>M\u00e9ret: 266&#215;175. A kanap\u00e9 \u00e1gyazhat\u00f3 \u00e9s \u00e1gynem\u0171tart\u00f3val is rendelkezik. T\u00f6bbf\u00e9le sz\u00ednben \u00e9s sz\u00f6vettel rendelhet\u0151.<\/p>\n","protected":false},"featured_media":22916,"comment_status":"open","ping_status":"closed","template":"","meta":{"_seopress_robots_primary_cat":"none","_seopress_titles_title":"","_seopress_titles_desc":"","_seopress_robots_index":"","_kadence_starter_templates_imported_post":true,"_swpsp_post_exclude":false,"_kad_post_transparent":"default","_kad_post_title":"","_kad_post_layout":"default","_kad_post_sidebar_id":"","_kad_post_content_style":"default","_kad_post_vertical_padding":"default","_kad_post_feature":"","_kad_post_feature_position":"","_kad_post_header":false,"_kad_post_footer":false,"_kad_post_classname":""},"product_brand":[],"product_cat":[26,270],"product_tag":[],"class_list":{"0":"post-11236","1":"product","2":"type-product","3":"status-publish","4":"has-post-thumbnail","6":"product_cat-nappali","7":"product_cat-sarokkanepek","8":"product_shipping_class-nagytermek","10":"first","11":"instock","12":"taxable","13":"shipping-taxable","14":"purchasable","15":"product-type-variable","16":"entry","17":"content-bg","18":"loop-entry"},"translation":{"provider":"WPGlobus","version":"3.0.2","language":"de","enabled_languages":["hu","en","de"],"languages":{"hu":{"title":true,"content":true,"excerpt":true},"en":{"title":false,"content":false,"excerpt":false},"de":{"title":false,"content":false,"excerpt":false}}},"_links":{"self":[{"href":"https:\/\/butorpont.com\/de\/wp-json\/wp\/v2\/product\/11236","targetHints":{"allow":["GET"]}}],"collection":[{"href":"https:\/\/butorpont.com\/de\/wp-json\/wp\/v2\/product"}],"about":[{"href":"https:\/\/butorpont.com\/de\/wp-json\/wp\/v2\/types\/product"}],"replies":[{"embeddable":true,"href":"https:\/\/butorpont.com\/de\/wp-json\/wp\/v2\/comments?post=11236"}],"wp:featuredmedia":[{"embeddable":true,"href":"https:\/\/butorpont.com\/de\/wp-json\/wp\/v2\/media\/22916"}],"wp:attachment":[{"href":"https:\/\/butorpont.com\/de\/wp-json\/wp\/v2\/media?parent=11236"}],"wp:term":[{"taxonomy":"product_brand","embeddable":true,"href":"https:\/\/butorpont.com\/de\/wp-json\/wp\/v2\/product_brand?post=11236"},{"taxonomy":"product_cat","embeddable":true,"href":"https:\/\/butorpont.com\/de\/wp-json\/wp\/v2\/product_cat?post=11236"},{"taxonomy":"product_tag","embeddable":true,"href":"https:\/\/butorpont.com\/de\/wp-json\/wp\/v2\/product_tag?post=11236"}],"curies":[{"name":"wp","href":"https:\/\/api.w.org\/{rel}","templated":true}]}}